{"id":845,"date":"2022-07-16T16:03:31","date_gmt":"2022-07-16T14:03:31","guid":{"rendered":"https:\/\/cecilecparis.com\/?post_type=product&#038;p=845"},"modified":"2024-02-08T08:56:16","modified_gmt":"2024-02-08T07:56:16","slug":"miroir-de-sac-a-main-dore","status":"publish","type":"product","link":"https:\/\/cecilecparis.com\/en\/boutique\/miroir-de-sac-a-main-dore\/","title":{"rendered":"Gold handbag Mirror"},"content":{"rendered":"<div data-elementor-type=\"product-post\" data-elementor-id=\"845\" class=\"elementor elementor-845\" data-elementor-post-type=\"product\">\n\t\t\t\t\t\t\t\t\t<section class=\"elementor-section elementor-top-section elementor-element elementor-element-cb92020 elementor-section-full_width elementor-section-height-default elementor-section-height-default\" data-id=\"cb92020\" data-element_type=\"section\">\n\t\t\t\t\t\t<div class=\"elementor-container elementor-column-gap-no\">\n\t\t\t\t\t<div class=\"elementor-column elementor-col-100 elementor-top-column elementor-element elementor-element-7c8b29b\" data-id=\"7c8b29b\" data-element_type=\"column\">\n\t\t\t<div class=\"elementor-widget-wrap elementor-element-populated\">\n\t\t\t\t\t\t\t\t<div class=\"elementor-element elementor-element-af5ce70 elementor-widget elementor-widget-template\" data-id=\"af5ce70\" data-element_type=\"widget\" data-widget_type=\"template.default\">\n\t\t\t\t<div class=\"elementor-widget-container\">\n\t\t\t\t\t<div class=\"elementor-template\">\n\t\t\t\t\t<div data-elementor-type=\"product\" data-elementor-id=\"421\" class=\"elementor elementor-421 product\" data-elementor-post-type=\"elementor_library\">\n\t\t\t\t\t\t\t\t<section class=\"elementor-section elementor-top-section elementor-element elementor-element-3a94b12 elementor-section-boxed elementor-section-height-default elementor-section-height-default\" data-id=\"3a94b12\" data-element_type=\"section\" data-settings=\"{&quot;background_background&quot;:&quot;classic&quot;}\">\n\t\t\t\t\t\t\t<div class=\"elementor-background-overlay\"><\/div>\n\t\t\t\t\t\t\t<div class=\"elementor-container elementor-column-gap-default\">\n\t\t\t\t\t<div class=\"elementor-column elementor-col-50 elementor-top-column elementor-element elementor-element-33703b5b\" data-id=\"33703b5b\" data-element_type=\"column\" data-settings=\"{&quot;background_background&quot;:&quot;classic&quot;}\">\n\t\t\t<div class=\"elementor-widget-wrap elementor-element-populated\">\n\t\t\t\t\t\t\t\t<div class=\"elementor-element elementor-element-159acb3 elementor-widget elementor-widget-woocommerce-product-images\" data-id=\"159acb3\" data-element_type=\"widget\" data-widget_type=\"woocommerce-product-images.default\">\n\t\t\t\t<div class=\"elementor-widget-container\">\n\t\t\t<link rel=\"stylesheet\" href=\"https:\/\/cecilecparis.com\/wp-content\/plugins\/elementor-pro\/assets\/css\/widget-woocommerce.min.css\"><div class=\"woocommerce-product-gallery woocommerce-product-gallery--with-images woocommerce-product-gallery--columns-4 images\" data-columns=\"4\" style=\"opacity: 0; transition: opacity .25s ease-in-out;\">\n\t<div class=\"woocommerce-product-gallery__wrapper\">\n\t\t<div data-thumb=\"https:\/\/i0.wp.com\/cecilecparis.com\/wp-content\/uploads\/2022\/07\/miroir_dore_01.jpg?fit=100%2C100&#038;ssl=1\" data-thumb-alt=\"Miroir de sac a main dor\u00e9\" class=\"woocommerce-product-gallery__image\"><a href=\"https:\/\/i0.wp.com\/cecilecparis.com\/wp-content\/uploads\/2022\/07\/miroir_dore_01.jpg?fit=1600%2C1600&#038;ssl=1\"><img fetchpriority=\"high\" decoding=\"async\" width=\"600\" height=\"600\" src=\"https:\/\/i0.wp.com\/cecilecparis.com\/wp-content\/uploads\/2022\/07\/miroir_dore_01.jpg?fit=600%2C600&amp;ssl=1\" class=\"wp-post-image\" alt=\"Miroir de sac a main dor\u00e9\" title=\"miroir_dore_01\" data-caption=\"\" data-src=\"https:\/\/i0.wp.com\/cecilecparis.com\/wp-content\/uploads\/2022\/07\/miroir_dore_01.jpg?fit=1600%2C1600&#038;ssl=1\" data-large_image=\"https:\/\/i0.wp.com\/cecilecparis.com\/wp-content\/uploads\/2022\/07\/miroir_dore_01.jpg?fit=1600%2C1600&#038;ssl=1\" data-large_image_width=\"1600\" data-large_image_height=\"1600\" srcset=\"https:\/\/i0.wp.com\/cecilecparis.com\/wp-content\/uploads\/2022\/07\/miroir_dore_01.jpg?w=1600&amp;ssl=1 1600w, https:\/\/i0.wp.com\/cecilecparis.com\/wp-content\/uploads\/2022\/07\/miroir_dore_01.jpg?resize=450%2C450&amp;ssl=1 450w, https:\/\/i0.wp.com\/cecilecparis.com\/wp-content\/uploads\/2022\/07\/miroir_dore_01.jpg?resize=100%2C100&amp;ssl=1 100w, https:\/\/i0.wp.com\/cecilecparis.com\/wp-content\/uploads\/2022\/07\/miroir_dore_01.jpg?resize=600%2C600&amp;ssl=1 600w, https:\/\/i0.wp.com\/cecilecparis.com\/wp-content\/uploads\/2022\/07\/miroir_dore_01.jpg?resize=300%2C300&amp;ssl=1 300w, https:\/\/i0.wp.com\/cecilecparis.com\/wp-content\/uploads\/2022\/07\/miroir_dore_01.jpg?resize=1024%2C1024&amp;ssl=1 1024w, https:\/\/i0.wp.com\/cecilecparis.com\/wp-content\/uploads\/2022\/07\/miroir_dore_01.jpg?resize=150%2C150&amp;ssl=1 150w, https:\/\/i0.wp.com\/cecilecparis.com\/wp-content\/uploads\/2022\/07\/miroir_dore_01.jpg?resize=768%2C768&amp;ssl=1 768w, https:\/\/i0.wp.com\/cecilecparis.com\/wp-content\/uploads\/2022\/07\/miroir_dore_01.jpg?resize=1536%2C1536&amp;ssl=1 1536w, https:\/\/i0.wp.com\/cecilecparis.com\/wp-content\/uploads\/2022\/07\/miroir_dore_01.jpg?resize=12%2C12&amp;ssl=1 12w, https:\/\/i0.wp.com\/cecilecparis.com\/wp-content\/uploads\/2022\/07\/miroir_dore_01.jpg?resize=1320%2C1320&amp;ssl=1 1320w\" sizes=\"(max-width: 600px) 100vw, 600px\" \/><\/a><\/div>\t<\/div>\n<\/div>\n\t\t<\/div>\n\t\t\t\t<\/div>\n\t\t\t\t\t<\/div>\n\t\t<\/div>\n\t\t\t\t<div class=\"elementor-column elementor-col-50 elementor-top-column elementor-element elementor-element-5327b339\" data-id=\"5327b339\" data-element_type=\"column\" data-settings=\"{&quot;background_background&quot;:&quot;classic&quot;}\">\n\t\t\t<div class=\"elementor-widget-wrap elementor-element-populated\">\n\t\t\t\t\t\t\t\t<div class=\"elementor-element elementor-element-79c70f1 elementor-widget elementor-widget-woocommerce-breadcrumb\" data-id=\"79c70f1\" data-element_type=\"widget\" data-widget_type=\"woocommerce-breadcrumb.default\">\n\t\t\t\t<div class=\"elementor-widget-container\">\n\t\t\t<nav class=\"woocommerce-breadcrumb\">CECILE C PARIS<\/nav>\t\t<\/div>\n\t\t\t\t<\/div>\n\t\t\t\t<div class=\"elementor-element elementor-element-529bd08c elementor-widget elementor-widget-woocommerce-product-title elementor-page-title elementor-widget-heading\" data-id=\"529bd08c\" data-element_type=\"widget\" data-widget_type=\"woocommerce-product-title.default\">\n\t\t\t\t<div class=\"elementor-widget-container\">\n\t\t\t<style>\/*! elementor - v3.18.0 - 20-12-2023 *\/\n.elementor-heading-title{padding:0;margin:0;line-height:1}.elementor-widget-heading .elementor-heading-title[class*=elementor-size-]>a{color:inherit;font-size:inherit;line-height:inherit}.elementor-widget-heading .elementor-heading-title.elementor-size-small{font-size:15px}.elementor-widget-heading .elementor-heading-title.elementor-size-medium{font-size:19px}.elementor-widget-heading .elementor-heading-title.elementor-size-large{font-size:29px}.elementor-widget-heading .elementor-heading-title.elementor-size-xl{font-size:39px}.elementor-widget-heading .elementor-heading-title.elementor-size-xxl{font-size:59px}<\/style><h1 class=\"product_title entry-title elementor-heading-title elementor-size-default\">Gold handbag Mirror<\/h1>\t\t<\/div>\n\t\t\t\t<\/div>\n\t\t\t\t<div class=\"elementor-element elementor-element-4089a395 elementor-widget elementor-widget-woocommerce-product-short-description\" data-id=\"4089a395\" data-element_type=\"widget\" data-widget_type=\"woocommerce-product-short-description.default\">\n\t\t\t\t<div class=\"elementor-widget-container\">\n\t\t\t<div class=\"woocommerce-product-details__short-description\">\n\t<p>Golden Pewter<br \/>\nMirror<br \/>\nPearly glass ball 1,5 diameter<\/p>\n<p><span style=\"color: #aa8b47; font-size: small;\">*The jewellery of Cecile C Paris is produced in small quantities.<br \/>\nIf the stock of your favourite reference sells out, we can restart production with a delivery time of between 2 and 6 weeks.<\/span><\/p>\n<\/div>\n\t\t<\/div>\n\t\t\t\t<\/div>\n\t\t\t\t<div class=\"elementor-element elementor-element-26b1b9eb elementor-product-price-block-yes elementor-widget elementor-widget-woocommerce-product-price\" data-id=\"26b1b9eb\" data-element_type=\"widget\" data-widget_type=\"woocommerce-product-price.default\">\n\t\t\t\t<div class=\"elementor-widget-container\">\n\t\t\t<p class=\"price\"><span class=\"woocommerce-Price-amount amount\"><bdi>240&nbsp;<span class=\"woocommerce-Price-currencySymbol\">\u20ac<\/span><\/bdi><\/span><\/p>\n\t\t<\/div>\n\t\t\t\t<\/div>\n\t\t\t\t<div class=\"elementor-element elementor-element-59f73eb9 elementor-add-to-cart--align-center e-add-to-cart--show-quantity-yes elementor-widget elementor-widget-woocommerce-product-add-to-cart\" data-id=\"59f73eb9\" data-element_type=\"widget\" id=\"button_panier\" data-widget_type=\"woocommerce-product-add-to-cart.default\">\n\t\t\t\t<div class=\"elementor-widget-container\">\n\t\t\t\n\t\t<div class=\"elementor-add-to-cart elementor-product-simple\">\n\t\t\t\t\t<\/div>\n\n\t\t\t\t<\/div>\n\t\t\t\t<\/div>\n\t\t\t\t\t<\/div>\n\t\t<\/div>\n\t\t\t\t\t\t\t<\/div>\n\t\t<\/section>\n\t\t\t\t<section class=\"elementor-section elementor-top-section elementor-element elementor-element-46e36d8e elementor-section-boxed elementor-section-height-default elementor-section-height-default\" data-id=\"46e36d8e\" data-element_type=\"section\" data-settings=\"{&quot;background_background&quot;:&quot;classic&quot;}\">\n\t\t\t\t\t\t<div class=\"elementor-container elementor-column-gap-default\">\n\t\t\t\t\t<div class=\"elementor-column elementor-col-100 elementor-top-column elementor-element elementor-element-b6c77b9\" data-id=\"b6c77b9\" data-element_type=\"column\" data-settings=\"{&quot;background_background&quot;:&quot;classic&quot;}\">\n\t\t\t<div class=\"elementor-widget-wrap elementor-element-populated\">\n\t\t\t\t\t\t\t\t\t<\/div>\n\t\t<\/div>\n\t\t\t\t\t\t\t<\/div>\n\t\t<\/section>\n\t\t\t\t<section class=\"elementor-section elementor-top-section elementor-element elementor-element-cd8c005 elementor-section-boxed elementor-section-height-default elementor-section-height-default\" data-id=\"cd8c005\" data-element_type=\"section\" id=\"related_fr\">\n\t\t\t\t\t\t<div class=\"elementor-container elementor-column-gap-default\">\n\t\t\t\t\t<div class=\"elementor-column elementor-col-100 elementor-top-column elementor-element elementor-element-722a2de\" data-id=\"722a2de\" data-element_type=\"column\">\n\t\t\t<div class=\"elementor-widget-wrap elementor-element-populated\">\n\t\t\t\t\t\t\t\t<div class=\"elementor-element elementor-element-d551e4b elementor-widget elementor-widget-shortcode\" data-id=\"d551e4b\" data-element_type=\"widget\" data-widget_type=\"shortcode.default\">\n\t\t\t\t<div class=\"elementor-widget-container\">\n\t\t\t\t\t<div class=\"elementor-shortcode\">\t<div class=\"woo-related-products-container\">\n\t<h2 class=\"woorelated-title\">\n\t\t\t\t\t\t\t\t\tYou may like\t<\/h2>\n\t<ul id='woorelatedproducts' class='products owl-carousel owl-theme'><li class=\"product type-product post-841 status-publish first instock product_cat-miroir product_tag-accessoire product_tag-accessoires product_tag-accessories product_tag-accessory product_tag-miroir product_tag-miroir-argent product_tag-miroirs product_tag-mirror product_tag-mirrors product_tag-odette product_tag-silver-mirror has-post-thumbnail shipping-taxable purchasable product-type-simple\">\n\t<div class=\"tp-image-wrapper\"><img decoding=\"async\" class=\"tp-image\" src=\"https:\/\/i0.wp.com\/cecilecparis.com\/wp-content\/uploads\/2022\/07\/miroir_argent_01.jpg?resize=300%2C300&#038;ssl=1\" srcset=\"https:\/\/i0.wp.com\/cecilecparis.com\/wp-content\/uploads\/2022\/07\/miroir_argent_01.jpg?w=1600&amp;ssl=1 1600w, https:\/\/i0.wp.com\/cecilecparis.com\/wp-content\/uploads\/2022\/07\/miroir_argent_01.jpg?resize=450%2C450&amp;ssl=1 450w, https:\/\/i0.wp.com\/cecilecparis.com\/wp-content\/uploads\/2022\/07\/miroir_argent_01.jpg?resize=100%2C100&amp;ssl=1 100w, https:\/\/i0.wp.com\/cecilecparis.com\/wp-content\/uploads\/2022\/07\/miroir_argent_01.jpg?resize=600%2C600&amp;ssl=1 600w, https:\/\/i0.wp.com\/cecilecparis.com\/wp-content\/uploads\/2022\/07\/miroir_argent_01.jpg?resize=300%2C300&amp;ssl=1 300w, https:\/\/i0.wp.com\/cecilecparis.com\/wp-content\/uploads\/2022\/07\/miroir_argent_01.jpg?resize=1024%2C1024&amp;ssl=1 1024w, https:\/\/i0.wp.com\/cecilecparis.com\/wp-content\/uploads\/2022\/07\/miroir_argent_01.jpg?resize=150%2C150&amp;ssl=1 150w, https:\/\/i0.wp.com\/cecilecparis.com\/wp-content\/uploads\/2022\/07\/miroir_argent_01.jpg?resize=768%2C768&amp;ssl=1 768w, https:\/\/i0.wp.com\/cecilecparis.com\/wp-content\/uploads\/2022\/07\/miroir_argent_01.jpg?resize=1536%2C1536&amp;ssl=1 1536w, https:\/\/i0.wp.com\/cecilecparis.com\/wp-content\/uploads\/2022\/07\/miroir_argent_01.jpg?resize=12%2C12&amp;ssl=1 12w, https:\/\/i0.wp.com\/cecilecparis.com\/wp-content\/uploads\/2022\/07\/miroir_argent_01.jpg?resize=1320%2C1320&amp;ssl=1 1320w\" sizes=\"(max-width: 360px) 100vw, 360px\" alt=\"Miroir de sac a main argent\"><img decoding=\"async\" class=\"tp-image-hover\" src=\"https:\/\/i0.wp.com\/cecilecparis.com\/wp-content\/uploads\/2022\/07\/miroir_argent_03.jpg?resize=300%2C300&#038;ssl=1\" srcset=\"https:\/\/i0.wp.com\/cecilecparis.com\/wp-content\/uploads\/2022\/07\/miroir_argent_03.jpg?w=1600&amp;ssl=1 1600w, https:\/\/i0.wp.com\/cecilecparis.com\/wp-content\/uploads\/2022\/07\/miroir_argent_03.jpg?resize=450%2C450&amp;ssl=1 450w, https:\/\/i0.wp.com\/cecilecparis.com\/wp-content\/uploads\/2022\/07\/miroir_argent_03.jpg?resize=100%2C100&amp;ssl=1 100w, https:\/\/i0.wp.com\/cecilecparis.com\/wp-content\/uploads\/2022\/07\/miroir_argent_03.jpg?resize=600%2C600&amp;ssl=1 600w, https:\/\/i0.wp.com\/cecilecparis.com\/wp-content\/uploads\/2022\/07\/miroir_argent_03.jpg?resize=300%2C300&amp;ssl=1 300w, https:\/\/i0.wp.com\/cecilecparis.com\/wp-content\/uploads\/2022\/07\/miroir_argent_03.jpg?resize=1024%2C1024&amp;ssl=1 1024w, https:\/\/i0.wp.com\/cecilecparis.com\/wp-content\/uploads\/2022\/07\/miroir_argent_03.jpg?resize=150%2C150&amp;ssl=1 150w, https:\/\/i0.wp.com\/cecilecparis.com\/wp-content\/uploads\/2022\/07\/miroir_argent_03.jpg?resize=768%2C768&amp;ssl=1 768w, https:\/\/i0.wp.com\/cecilecparis.com\/wp-content\/uploads\/2022\/07\/miroir_argent_03.jpg?resize=1536%2C1536&amp;ssl=1 1536w, https:\/\/i0.wp.com\/cecilecparis.com\/wp-content\/uploads\/2022\/07\/miroir_argent_03.jpg?resize=12%2C12&amp;ssl=1 12w, https:\/\/i0.wp.com\/cecilecparis.com\/wp-content\/uploads\/2022\/07\/miroir_argent_03.jpg?resize=1320%2C1320&amp;ssl=1 1320w\" sizes=\"(max-width: 360px) 100vw, 360px\" alt=\"Miroir de sac a main argent\"><\/div><\/li>\n<\/ul><div class=\"customNavigation\">\n\t\t<a class=\"wprr btn prev\">Previous<\/a> - <a class=\"wprr btn next\">Next<\/a>\n\t<\/div><\/div><\/div>\n\t\t\t\t<\/div>\n\t\t\t\t<\/div>\n\t\t\t\t\t<\/div>\n\t\t<\/div>\n\t\t\t\t\t\t\t<\/div>\n\t\t<\/section>\n\t\t\t\t\t\t<\/div>\n\t\t\t\t<\/div>\n\t\t\t\t<\/div>\n\t\t\t\t<\/div>\n\t\t\t\t\t<\/div>\n\t\t<\/div>\n\t\t\t\t\t\t\t<\/div>\n\t\t<\/section>\n\t\t\t\t\t\t\t<\/div>","protected":false},"excerpt":{"rendered":"<p>Golden Pewter<br \/>\nMirror<br \/>\nPearly glass ball 1,5 diameter<\/p>\n<p><span style=\"color: #aa8b47; font-size: small;\">*The jewellery of Cecile C Paris is produced in small quantities.<br \/>\nIf the stock of your favourite reference sells out, we can restart production with a delivery time of between 2 and 6 weeks.<\/span><\/p>","protected":false},"featured_media":1931,"template":"","meta":{"om_disable_all_campaigns":false,"_monsterinsights_skip_tracking":false,"_monsterinsights_sitenote_active":false,"_monsterinsights_sitenote_note":"","_monsterinsights_sitenote_category":0,"_themeisle_gutenberg_block_has_review":false},"product_cat":[38],"product_tag":[144,145,200,199,202,203,142,146,143,197,198,254],"class_list":["post-845","product","type-product","status-publish","has-post-thumbnail","hentry","product_cat-miroir","product_tag-accessoire","product_tag-accessoires","product_tag-accessories","product_tag-accessory","product_tag-gold-mirror","product_tag-golden-mirror","product_tag-miroir","product_tag-miroir-dore","product_tag-miroirs","product_tag-mirror","product_tag-mirrors","product_tag-odette","product_shipping_class-colissimo-500g","pa_couleur-dore","pa_theme-odette"],"aioseo_notices":[],"jetpack_sharing_enabled":true,"jetpack-related-posts":[{"id":8007,"url":"https:\/\/cecilecparis.com\/en\/boutique\/collier-chaine-miroir-or\/","url_meta":{"origin":845,"position":0},"title":"Collier Chaine Or, Miroir","author":"Cecile","date":"17 May 2024","format":false,"excerpt":"Collier chaine avec motif miroir facett\u00e9, dor\u00e9 \u00e0 l'or 24kt. *Les bijoux de Cecile C Paris sont fabriqu\u00e9s en petites s\u00e9ries. Si le stock de votre r\u00e9f\u00e9rence pr\u00e9f\u00e9r\u00e9e se termine, nous pourrons relancer la fabrication avec un d\u00e9lai de livraison entre 2 et 6 semaines.","rel":"","context":"Similar post","block_context":{"text":"Similar post","link":""},"img":{"alt_text":"","src":"https:\/\/i0.wp.com\/cecilecparis.com\/wp-content\/uploads\/2024\/05\/yay12.jpg?fit=1200%2C1008&ssl=1&resize=350%2C200","width":350,"height":200,"srcset":"https:\/\/i0.wp.com\/cecilecparis.com\/wp-content\/uploads\/2024\/05\/yay12.jpg?fit=1200%2C1008&ssl=1&resize=350%2C200 1x, https:\/\/i0.wp.com\/cecilecparis.com\/wp-content\/uploads\/2024\/05\/yay12.jpg?fit=1200%2C1008&ssl=1&resize=525%2C300 1.5x, https:\/\/i0.wp.com\/cecilecparis.com\/wp-content\/uploads\/2024\/05\/yay12.jpg?fit=1200%2C1008&ssl=1&resize=700%2C400 2x, https:\/\/i0.wp.com\/cecilecparis.com\/wp-content\/uploads\/2024\/05\/yay12.jpg?fit=1200%2C1008&ssl=1&resize=1050%2C600 3x"},"classes":[]},{"id":8140,"url":"https:\/\/cecilecparis.com\/en\/boutique\/boucles-doreilles-clips-miroir-or\/","url_meta":{"origin":845,"position":1},"title":"Boucles D&#8217;oreilles Or, Clips Miroir","author":"Cecile","date":"17 May 2024","format":false,"excerpt":"Boucles D'oreilles Clips Miroirs facett\u00e9s dans des sertis \u00e9tain dor\u00e9s \u00e0 l'or 24Kt. *Les bijoux de Cecile C Paris sont fabriqu\u00e9s en petites s\u00e9ries. Si le stock de votre r\u00e9f\u00e9rence pr\u00e9f\u00e9r\u00e9e se termine, nous pourrons relancer la fabrication avec un d\u00e9lai de livraison entre 2 et 6 semaines.","rel":"","context":"Similar post","block_context":{"text":"Similar post","link":""},"img":{"alt_text":"","src":"https:\/\/i0.wp.com\/cecilecparis.com\/wp-content\/uploads\/2024\/05\/yay17.jpg?fit=1200%2C1200&ssl=1&resize=350%2C200","width":350,"height":200,"srcset":"https:\/\/i0.wp.com\/cecilecparis.com\/wp-content\/uploads\/2024\/05\/yay17.jpg?fit=1200%2C1200&ssl=1&resize=350%2C200 1x, https:\/\/i0.wp.com\/cecilecparis.com\/wp-content\/uploads\/2024\/05\/yay17.jpg?fit=1200%2C1200&ssl=1&resize=525%2C300 1.5x, https:\/\/i0.wp.com\/cecilecparis.com\/wp-content\/uploads\/2024\/05\/yay17.jpg?fit=1200%2C1200&ssl=1&resize=700%2C400 2x, https:\/\/i0.wp.com\/cecilecparis.com\/wp-content\/uploads\/2024\/05\/yay17.jpg?fit=1200%2C1200&ssl=1&resize=1050%2C600 3x"},"classes":[]},{"id":8113,"url":"https:\/\/cecilecparis.com\/en\/boutique\/boucles-doreilles-clips-miroir-et-porcelaine-or\/","url_meta":{"origin":845,"position":2},"title":"Boucles D&#8217;oreilles Or, Clips Miroir et Porcelaine","author":"Cecile","date":"17 May 2024","format":false,"excerpt":"Boucles D'oreilles Clips Porcelaine et miroirs facett\u00e9s dans des sertis \u00e9tain dor\u00e9s \u00e0 l'or 24Kt. *Les bijoux de Cecile C Paris sont fabriqu\u00e9s en petites s\u00e9ries. Si le stock de votre r\u00e9f\u00e9rence pr\u00e9f\u00e9r\u00e9e se termine, nous pourrons relancer la fabrication avec un d\u00e9lai de livraison entre 2 et 6 semaines.","rel":"","context":"Similar post","block_context":{"text":"Similar post","link":""},"img":{"alt_text":"","src":"https:\/\/i0.wp.com\/cecilecparis.com\/wp-content\/uploads\/2024\/05\/yay19-2.jpg?fit=1200%2C1200&ssl=1&resize=350%2C200","width":350,"height":200,"srcset":"https:\/\/i0.wp.com\/cecilecparis.com\/wp-content\/uploads\/2024\/05\/yay19-2.jpg?fit=1200%2C1200&ssl=1&resize=350%2C200 1x, https:\/\/i0.wp.com\/cecilecparis.com\/wp-content\/uploads\/2024\/05\/yay19-2.jpg?fit=1200%2C1200&ssl=1&resize=525%2C300 1.5x, https:\/\/i0.wp.com\/cecilecparis.com\/wp-content\/uploads\/2024\/05\/yay19-2.jpg?fit=1200%2C1200&ssl=1&resize=700%2C400 2x, https:\/\/i0.wp.com\/cecilecparis.com\/wp-content\/uploads\/2024\/05\/yay19-2.jpg?fit=1200%2C1200&ssl=1&resize=1050%2C600 3x"},"classes":[]},{"id":8126,"url":"https:\/\/cecilecparis.com\/en\/boutique\/boucles-doreilles-clips-miroir-et-perles-or\/","url_meta":{"origin":845,"position":3},"title":"Boucles D&#8217;oreilles Or, Clips Miroir et Perles","author":"Cecile","date":"17 May 2024","format":false,"excerpt":"Boucles D'oreilles Clips Miroirs facett\u00e9s dans des sertis \u00e9tain dor\u00e9s \u00e0 l'or 24Kt. Perles nacr\u00e9es. *Les bijoux de Cecile C Paris sont fabriqu\u00e9s en petites s\u00e9ries. Si le stock de votre r\u00e9f\u00e9rence pr\u00e9f\u00e9r\u00e9e se termine, nous pourrons relancer la fabrication avec un d\u00e9lai de livraison entre 2 et 6 semaines.","rel":"","context":"Similar post","block_context":{"text":"Similar post","link":""},"img":{"alt_text":"","src":"https:\/\/i0.wp.com\/cecilecparis.com\/wp-content\/uploads\/2024\/05\/yay24.jpg?fit=1200%2C1200&ssl=1&resize=350%2C200","width":350,"height":200,"srcset":"https:\/\/i0.wp.com\/cecilecparis.com\/wp-content\/uploads\/2024\/05\/yay24.jpg?fit=1200%2C1200&ssl=1&resize=350%2C200 1x, https:\/\/i0.wp.com\/cecilecparis.com\/wp-content\/uploads\/2024\/05\/yay24.jpg?fit=1200%2C1200&ssl=1&resize=525%2C300 1.5x, https:\/\/i0.wp.com\/cecilecparis.com\/wp-content\/uploads\/2024\/05\/yay24.jpg?fit=1200%2C1200&ssl=1&resize=700%2C400 2x, https:\/\/i0.wp.com\/cecilecparis.com\/wp-content\/uploads\/2024\/05\/yay24.jpg?fit=1200%2C1200&ssl=1&resize=1050%2C600 3x"},"classes":[]},{"id":7970,"url":"https:\/\/cecilecparis.com\/en\/boutique\/collier-court-or-1-rang\/","url_meta":{"origin":845,"position":4},"title":"Collier court Or, 1 rang","author":"Cecile","date":"17 May 2024","format":false,"excerpt":"Collier court mont\u00e9 sur chaine fantaisie dor\u00e9e, fermoir aimant\u00e9 \u00e9tain dor\u00e9 \u00e0 l'or 24 Kt, avec miroirs facett\u00e9s et porcelaine. *Les bijoux de Cecile C Paris sont fabriqu\u00e9s en petites s\u00e9ries. Si le stock de votre r\u00e9f\u00e9rence pr\u00e9f\u00e9r\u00e9e se termine, nous pourrons relancer la fabrication avec un d\u00e9lai de livraison\u2026","rel":"","context":"Similar post","block_context":{"text":"Similar post","link":""},"img":{"alt_text":"","src":"https:\/\/i0.wp.com\/cecilecparis.com\/wp-content\/uploads\/2024\/05\/cecile-c05.jpg?fit=1200%2C1008&ssl=1&resize=350%2C200","width":350,"height":200,"srcset":"https:\/\/i0.wp.com\/cecilecparis.com\/wp-content\/uploads\/2024\/05\/cecile-c05.jpg?fit=1200%2C1008&ssl=1&resize=350%2C200 1x, https:\/\/i0.wp.com\/cecilecparis.com\/wp-content\/uploads\/2024\/05\/cecile-c05.jpg?fit=1200%2C1008&ssl=1&resize=525%2C300 1.5x, https:\/\/i0.wp.com\/cecilecparis.com\/wp-content\/uploads\/2024\/05\/cecile-c05.jpg?fit=1200%2C1008&ssl=1&resize=700%2C400 2x, https:\/\/i0.wp.com\/cecilecparis.com\/wp-content\/uploads\/2024\/05\/cecile-c05.jpg?fit=1200%2C1008&ssl=1&resize=1050%2C600 3x"},"classes":[]},{"id":7927,"url":"https:\/\/cecilecparis.com\/en\/boutique\/sautoir-bijoux-de-cheveux\/","url_meta":{"origin":845,"position":5},"title":"Sautoir Or, bijoux de cheveux","author":"Cecile","date":"17 May 2024","format":false,"excerpt":"Collier de perles nacr\u00e9es, enfilage sur fil de soie. Fermoir ovale aimant\u00e9, avec porcelaine 2 motifs miroirs facett\u00e9s. Sertis \u00e9tain dor\u00e9 \u00e0 l'or 24Kt. Peut se porter dans tous les sens, et dans les cheveux ! *Les bijoux de Cecile C Paris sont fabriqu\u00e9s en petites s\u00e9ries. Si le stock\u2026","rel":"","context":"Similar post","block_context":{"text":"Similar post","link":""},"img":{"alt_text":"","src":"https:\/\/i0.wp.com\/cecilecparis.com\/wp-content\/uploads\/2024\/05\/cecile-c15.jpg?fit=1200%2C1200&ssl=1&resize=350%2C200","width":350,"height":200,"srcset":"https:\/\/i0.wp.com\/cecilecparis.com\/wp-content\/uploads\/2024\/05\/cecile-c15.jpg?fit=1200%2C1200&ssl=1&resize=350%2C200 1x, https:\/\/i0.wp.com\/cecilecparis.com\/wp-content\/uploads\/2024\/05\/cecile-c15.jpg?fit=1200%2C1200&ssl=1&resize=525%2C300 1.5x, https:\/\/i0.wp.com\/cecilecparis.com\/wp-content\/uploads\/2024\/05\/cecile-c15.jpg?fit=1200%2C1200&ssl=1&resize=700%2C400 2x, https:\/\/i0.wp.com\/cecilecparis.com\/wp-content\/uploads\/2024\/05\/cecile-c15.jpg?fit=1200%2C1200&ssl=1&resize=1050%2C600 3x"},"classes":[]}],"_links":{"self":[{"href":"https:\/\/cecilecparis.com\/en\/wp-json\/wp\/v2\/product\/845","targetHints":{"allow":["GET"]}}],"collection":[{"href":"https:\/\/cecilecparis.com\/en\/wp-json\/wp\/v2\/product"}],"about":[{"href":"https:\/\/cecilecparis.com\/en\/wp-json\/wp\/v2\/types\/product"}],"version-history":[{"count":11,"href":"https:\/\/cecilecparis.com\/en\/wp-json\/wp\/v2\/product\/845\/revisions"}],"predecessor-version":[{"id":6199,"href":"https:\/\/cecilecparis.com\/en\/wp-json\/wp\/v2\/product\/845\/revisions\/6199"}],"wp:featuredmedia":[{"embeddable":true,"href":"https:\/\/cecilecparis.com\/en\/wp-json\/wp\/v2\/media\/1931"}],"wp:attachment":[{"href":"https:\/\/cecilecparis.com\/en\/wp-json\/wp\/v2\/media?parent=845"}],"wp:term":[{"taxonomy":"product_cat","embeddable":true,"href":"https:\/\/cecilecparis.com\/en\/wp-json\/wp\/v2\/product_cat?post=845"},{"taxonomy":"product_tag","embeddable":true,"href":"https:\/\/cecilecparis.com\/en\/wp-json\/wp\/v2\/product_tag?post=845"}],"curies":[{"name":"wp","href":"https:\/\/api.w.org\/{rel}","templated":true}]}}