{"id":8387,"date":"2025-12-17T14:19:53","date_gmt":"2025-12-17T13:19:53","guid":{"rendered":"https:\/\/cecilecparis.com\/?post_type=product&#038;p=8387"},"modified":"2025-12-17T14:59:59","modified_gmt":"2025-12-17T13:59:59","slug":"collier-court","status":"publish","type":"product","link":"https:\/\/cecilecparis.com\/en\/boutique\/collier-court\/","title":{"rendered":"Collier Court"},"content":{"rendered":"","protected":false},"excerpt":{"rendered":"<p class=\"p1\">Collier court avec perles agate noire, perles de culture et perles m\u00e9tal plaqu\u00e9 argent, mont\u00e9es sur fil de soie.<\/p>\n<p><span style=\"color: #aa8b47; font-size: small;\">*The jewellery of Cecile C Paris is produced in small quantities.<br \/>\nIf the stock of your favourite reference sells out, we can restart production with a delivery time of between 2 and 6 weeks.<\/span><\/p>","protected":false},"featured_media":8382,"template":"","meta":{"om_disable_all_campaigns":false,"_monsterinsights_skip_tracking":false,"_monsterinsights_sitenote_active":false,"_monsterinsights_sitenote_note":"","_monsterinsights_sitenote_category":0,"_themeisle_gutenberg_block_has_review":false},"product_cat":[24],"product_tag":[383,96,349],"class_list":["post-8387","product","type-product","status-publish","has-post-thumbnail","hentry","product_cat-colliers","product_tag-christine","product_tag-collier","product_tag-perles","product_shipping_class-colissimo-500g","pa_couleur-noir","pa_theme-christine"],"aioseo_notices":[],"jetpack_sharing_enabled":true,"jetpack-related-posts":[{"id":6572,"url":"https:\/\/cecilecparis.com\/en\/boutique\/collier-perles\/","url_meta":{"origin":8387,"position":0},"title":"Collier perles","author":"NakazakiTomiko","date":"26 September 2023","format":false,"excerpt":"RDC, enfilage n\u0153uds de perles de verre nacr\u00e9es en France, finitions palladium et ruth\u00e9nium *Les bijoux de Cecile C Paris sont fabriqu\u00e9s en petites s\u00e9ries. Si le stock de votre r\u00e9f\u00e9rence pr\u00e9f\u00e9r\u00e9e se termine, nous pourrons relancer la fabrication avec un d\u00e9lai de livraison entre 2 et 6 semaines.","rel":"","context":"Similar post","block_context":{"text":"Similar post","link":""},"img":{"alt_text":"Collier perles","src":"https:\/\/i0.wp.com\/cecilecparis.com\/wp-content\/uploads\/2023\/09\/collier_perles_01.jpg?fit=1200%2C1200&ssl=1&resize=350%2C200","width":350,"height":200,"srcset":"https:\/\/i0.wp.com\/cecilecparis.com\/wp-content\/uploads\/2023\/09\/collier_perles_01.jpg?fit=1200%2C1200&ssl=1&resize=350%2C200 1x, https:\/\/i0.wp.com\/cecilecparis.com\/wp-content\/uploads\/2023\/09\/collier_perles_01.jpg?fit=1200%2C1200&ssl=1&resize=525%2C300 1.5x, https:\/\/i0.wp.com\/cecilecparis.com\/wp-content\/uploads\/2023\/09\/collier_perles_01.jpg?fit=1200%2C1200&ssl=1&resize=700%2C400 2x, https:\/\/i0.wp.com\/cecilecparis.com\/wp-content\/uploads\/2023\/09\/collier_perles_01.jpg?fit=1200%2C1200&ssl=1&resize=1050%2C600 3x"},"classes":[]},{"id":7987,"url":"https:\/\/cecilecparis.com\/en\/boutique\/collier-palladium-3-rangs-perles\/","url_meta":{"origin":8387,"position":1},"title":"Collier Palladium, 3 rangs Perles","author":"Cecile","date":"17 May 2024","format":false,"excerpt":"Collier court mont\u00e9 sur chaine palladium et perles nacr\u00e9es, enfilage n\u0153uds sur fil de soie, fermoir aimant\u00e9 \u00e9tain recouvert de palladium, avec miroirs facett\u00e9s et porcelaine. *Les bijoux de Cecile C Paris sont fabriqu\u00e9s en petites s\u00e9ries. Si le stock de votre r\u00e9f\u00e9rence pr\u00e9f\u00e9r\u00e9e se termine, nous pourrons relancer la\u2026","rel":"","context":"Similar post","block_context":{"text":"Similar post","link":""},"img":{"alt_text":"","src":"https:\/\/i0.wp.com\/cecilecparis.com\/wp-content\/uploads\/2024\/05\/yay29.jpg?fit=1200%2C1200&ssl=1&resize=350%2C200","width":350,"height":200,"srcset":"https:\/\/i0.wp.com\/cecilecparis.com\/wp-content\/uploads\/2024\/05\/yay29.jpg?fit=1200%2C1200&ssl=1&resize=350%2C200 1x, https:\/\/i0.wp.com\/cecilecparis.com\/wp-content\/uploads\/2024\/05\/yay29.jpg?fit=1200%2C1200&ssl=1&resize=525%2C300 1.5x, https:\/\/i0.wp.com\/cecilecparis.com\/wp-content\/uploads\/2024\/05\/yay29.jpg?fit=1200%2C1200&ssl=1&resize=700%2C400 2x, https:\/\/i0.wp.com\/cecilecparis.com\/wp-content\/uploads\/2024\/05\/yay29.jpg?fit=1200%2C1200&ssl=1&resize=1050%2C600 3x"},"classes":[]},{"id":7980,"url":"https:\/\/cecilecparis.com\/en\/boutique\/collier-or-3-rangs-perles\/","url_meta":{"origin":8387,"position":2},"title":"Collier Or, 3 rangs Perles","author":"Cecile","date":"17 May 2024","format":false,"excerpt":"Collier court mont\u00e9 sur chaine dor\u00e9e et perles nacr\u00e9es, enfilage n\u0153uds sur fil de soie, fermoir aimant\u00e9 \u00e9tain dor\u00e9 \u00e0 l'or 24 Kt, avec miroirs facett\u00e9s et porcelaine. *Les bijoux de Cecile C Paris sont fabriqu\u00e9s en petites s\u00e9ries. Si le stock de votre r\u00e9f\u00e9rence pr\u00e9f\u00e9r\u00e9e se termine, nous pourrons\u2026","rel":"","context":"Similar post","block_context":{"text":"Similar post","link":""},"img":{"alt_text":"","src":"https:\/\/i0.wp.com\/cecilecparis.com\/wp-content\/uploads\/2024\/05\/cecile-c18.jpg?fit=1200%2C1200&ssl=1&resize=350%2C200","width":350,"height":200,"srcset":"https:\/\/i0.wp.com\/cecilecparis.com\/wp-content\/uploads\/2024\/05\/cecile-c18.jpg?fit=1200%2C1200&ssl=1&resize=350%2C200 1x, https:\/\/i0.wp.com\/cecilecparis.com\/wp-content\/uploads\/2024\/05\/cecile-c18.jpg?fit=1200%2C1200&ssl=1&resize=525%2C300 1.5x, https:\/\/i0.wp.com\/cecilecparis.com\/wp-content\/uploads\/2024\/05\/cecile-c18.jpg?fit=1200%2C1200&ssl=1&resize=700%2C400 2x, https:\/\/i0.wp.com\/cecilecparis.com\/wp-content\/uploads\/2024\/05\/cecile-c18.jpg?fit=1200%2C1200&ssl=1&resize=1050%2C600 3x"},"classes":[]},{"id":6629,"url":"https:\/\/cecilecparis.com\/en\/boutique\/collier-jacotte\/","url_meta":{"origin":8387,"position":3},"title":"Collier","author":"NakazakiTomiko","date":"26 September 2023","format":false,"excerpt":"Motifs en laiton Or rose et palladium Enfilage n\u0153uds de perles de verre nacr\u00e9es sur fil de soie, et cha\u00eene torsade laiton plaqu\u00e9e or rose *Les bijoux de Cecile C Paris sont fabriqu\u00e9s en petites s\u00e9ries. Si le stock de votre r\u00e9f\u00e9rence pr\u00e9f\u00e9r\u00e9e se termine, nous pourrons relancer la fabrication\u2026","rel":"","context":"Similar post","block_context":{"text":"Similar post","link":""},"img":{"alt_text":"Collier","src":"https:\/\/i0.wp.com\/cecilecparis.com\/wp-content\/uploads\/2023\/09\/Collier_01.jpg?fit=1200%2C1200&ssl=1&resize=350%2C200","width":350,"height":200,"srcset":"https:\/\/i0.wp.com\/cecilecparis.com\/wp-content\/uploads\/2023\/09\/Collier_01.jpg?fit=1200%2C1200&ssl=1&resize=350%2C200 1x, https:\/\/i0.wp.com\/cecilecparis.com\/wp-content\/uploads\/2023\/09\/Collier_01.jpg?fit=1200%2C1200&ssl=1&resize=525%2C300 1.5x, https:\/\/i0.wp.com\/cecilecparis.com\/wp-content\/uploads\/2023\/09\/Collier_01.jpg?fit=1200%2C1200&ssl=1&resize=700%2C400 2x, https:\/\/i0.wp.com\/cecilecparis.com\/wp-content\/uploads\/2023\/09\/Collier_01.jpg?fit=1200%2C1200&ssl=1&resize=1050%2C600 3x"},"classes":[]},{"id":750,"url":"https:\/\/cecilecparis.com\/en\/boutique\/collier\/","url_meta":{"origin":8387,"position":4},"title":"Collier","author":"admin7218","date":"15 July 2022","format":false,"excerpt":"Fermoir qui s'emboite Laiton dor\u00e9 recouvert d'\u00e9mail dor\u00e9 Perles de verre nacr\u00e9es diam\u00e8tre 10 Fil de soie *Les bijoux de Cecile C Paris sont fabriqu\u00e9s en petites s\u00e9ries. Si le stock de votre r\u00e9f\u00e9rence pr\u00e9f\u00e9r\u00e9e se termine, nous pourrons relancer la fabrication avec un d\u00e9lai de livraison entre 2 et\u2026","rel":"","context":"Similar post","block_context":{"text":"Similar post","link":""},"img":{"alt_text":"collier","src":"https:\/\/i0.wp.com\/cecilecparis.com\/wp-content\/uploads\/2022\/07\/collier_01.jpg?fit=1200%2C1200&ssl=1&resize=350%2C200","width":350,"height":200,"srcset":"https:\/\/i0.wp.com\/cecilecparis.com\/wp-content\/uploads\/2022\/07\/collier_01.jpg?fit=1200%2C1200&ssl=1&resize=350%2C200 1x, https:\/\/i0.wp.com\/cecilecparis.com\/wp-content\/uploads\/2022\/07\/collier_01.jpg?fit=1200%2C1200&ssl=1&resize=525%2C300 1.5x, https:\/\/i0.wp.com\/cecilecparis.com\/wp-content\/uploads\/2022\/07\/collier_01.jpg?fit=1200%2C1200&ssl=1&resize=700%2C400 2x, https:\/\/i0.wp.com\/cecilecparis.com\/wp-content\/uploads\/2022\/07\/collier_01.jpg?fit=1200%2C1200&ssl=1&resize=1050%2C600 3x"},"classes":[]},{"id":821,"url":"https:\/\/cecilecparis.com\/en\/boutique\/collier_simple\/","url_meta":{"origin":8387,"position":5},"title":"Collier Simple","author":"admin7218","date":"16 July 2022","format":false,"excerpt":"Fermoir aimant Laiton argent\u00e9 recouvert d'\u00e9mail nacr\u00e9 et noir Perles de verre nacr\u00e9es diam\u00e8tre 10 Fil de soie *Les bijoux de Cecile C Paris sont fabriqu\u00e9s en petites s\u00e9ries. Si le stock de votre r\u00e9f\u00e9rence pr\u00e9f\u00e9r\u00e9e se termine, nous pourrons relancer la fabrication avec un d\u00e9lai de livraison entre 2\u2026","rel":"","context":"Similar post","block_context":{"text":"Similar post","link":""},"img":{"alt_text":"Collier Simple","src":"https:\/\/i0.wp.com\/cecilecparis.com\/wp-content\/uploads\/2022\/07\/collier_simple_01.jpg?fit=1200%2C1200&ssl=1&resize=350%2C200","width":350,"height":200,"srcset":"https:\/\/i0.wp.com\/cecilecparis.com\/wp-content\/uploads\/2022\/07\/collier_simple_01.jpg?fit=1200%2C1200&ssl=1&resize=350%2C200 1x, https:\/\/i0.wp.com\/cecilecparis.com\/wp-content\/uploads\/2022\/07\/collier_simple_01.jpg?fit=1200%2C1200&ssl=1&resize=525%2C300 1.5x, https:\/\/i0.wp.com\/cecilecparis.com\/wp-content\/uploads\/2022\/07\/collier_simple_01.jpg?fit=1200%2C1200&ssl=1&resize=700%2C400 2x, https:\/\/i0.wp.com\/cecilecparis.com\/wp-content\/uploads\/2022\/07\/collier_simple_01.jpg?fit=1200%2C1200&ssl=1&resize=1050%2C600 3x"},"classes":[]}],"_links":{"self":[{"href":"https:\/\/cecilecparis.com\/en\/wp-json\/wp\/v2\/product\/8387","targetHints":{"allow":["GET"]}}],"collection":[{"href":"https:\/\/cecilecparis.com\/en\/wp-json\/wp\/v2\/product"}],"about":[{"href":"https:\/\/cecilecparis.com\/en\/wp-json\/wp\/v2\/types\/product"}],"version-history":[{"count":1,"href":"https:\/\/cecilecparis.com\/en\/wp-json\/wp\/v2\/product\/8387\/revisions"}],"predecessor-version":[{"id":8388,"href":"https:\/\/cecilecparis.com\/en\/wp-json\/wp\/v2\/product\/8387\/revisions\/8388"}],"wp:featuredmedia":[{"embeddable":true,"href":"https:\/\/cecilecparis.com\/en\/wp-json\/wp\/v2\/media\/8382"}],"wp:attachment":[{"href":"https:\/\/cecilecparis.com\/en\/wp-json\/wp\/v2\/media?parent=8387"}],"wp:term":[{"taxonomy":"product_cat","embeddable":true,"href":"https:\/\/cecilecparis.com\/en\/wp-json\/wp\/v2\/product_cat?post=8387"},{"taxonomy":"product_tag","embeddable":true,"href":"https:\/\/cecilecparis.com\/en\/wp-json\/wp\/v2\/product_tag?post=8387"}],"curies":[{"name":"wp","href":"https:\/\/api.w.org\/{rel}","templated":true}]}}