{"id":8373,"date":"2025-12-17T13:51:52","date_gmt":"2025-12-17T12:51:52","guid":{"rendered":"https:\/\/cecilecparis.com\/?post_type=product&#038;p=8373"},"modified":"2025-12-17T14:56:29","modified_gmt":"2025-12-17T13:56:29","slug":"medaillons-seul","status":"publish","type":"product","link":"https:\/\/cecilecparis.com\/en\/boutique\/medaillons-seul\/","title":{"rendered":"M\u00e9daillons seul"},"content":{"rendered":"","protected":false},"excerpt":{"rendered":"<p class=\"p1\">Au choix :<br \/>\nCabochon pate de verre nacr\u00e9e,<br \/>\nCabochon pate de verre noire ou blanche,<br \/>\nCabochon pate de verre transparente facett\u00e9e.<\/p>\n<p><span style=\"color: #aa8b47; font-size: small;\">*The jewellery of Cecile C Paris is produced in small quantities.<br \/>\nIf the stock of your favourite reference sells out, we can restart production with a delivery time of between 2 and 6 weeks.<\/span><\/p>","protected":false},"featured_media":8374,"template":"","meta":{"om_disable_all_campaigns":false,"_monsterinsights_skip_tracking":false,"_monsterinsights_sitenote_active":false,"_monsterinsights_sitenote_note":"","_monsterinsights_sitenote_category":0,"_themeisle_gutenberg_block_has_review":false},"product_cat":[378],"product_tag":[380,360,379,374],"class_list":["post-8373","product","type-product","status-publish","has-post-thumbnail","hentry","product_cat-fermoirs-amovibles","product_tag-fermoirs-amovibles","product_tag-lydia","product_tag-medaillon","product_tag-or","product_shipping_class-colissimo-500g","pa_couleur-dore","pa_couleur-nacre","pa_couleur-blanc","pa_couleur-facetee","pa_couleur-noir","pa_theme-lydia"],"aioseo_notices":[],"jetpack_sharing_enabled":true,"jetpack-related-posts":[{"id":6798,"url":"https:\/\/cecilecparis.com\/en\/boutique\/broche_ivoire\/","url_meta":{"origin":8373,"position":0},"title":"Broche Ivoire","author":"NakazakiTomiko","date":"26 September 2023","format":false,"excerpt":"Motif en \u00e9tain or jaune 24 carat Fleur sertie en \u00e9tain laqu\u00e9e Ivoire Soft Cabochon en pate de verre Beige Marron *Les bijoux de Cecile C Paris sont fabriqu\u00e9s en petites s\u00e9ries. Si le stock de votre r\u00e9f\u00e9rence pr\u00e9f\u00e9r\u00e9e se termine, nous pourrons relancer la fabrication avec un d\u00e9lai de\u2026","rel":"","context":"Similar post","block_context":{"text":"Similar post","link":""},"img":{"alt_text":"Broche Ivoire","src":"https:\/\/i0.wp.com\/cecilecparis.com\/wp-content\/uploads\/2023\/09\/broche_ivoire_01.jpg?fit=1200%2C1200&ssl=1&resize=350%2C200","width":350,"height":200,"srcset":"https:\/\/i0.wp.com\/cecilecparis.com\/wp-content\/uploads\/2023\/09\/broche_ivoire_01.jpg?fit=1200%2C1200&ssl=1&resize=350%2C200 1x, https:\/\/i0.wp.com\/cecilecparis.com\/wp-content\/uploads\/2023\/09\/broche_ivoire_01.jpg?fit=1200%2C1200&ssl=1&resize=525%2C300 1.5x, https:\/\/i0.wp.com\/cecilecparis.com\/wp-content\/uploads\/2023\/09\/broche_ivoire_01.jpg?fit=1200%2C1200&ssl=1&resize=700%2C400 2x, https:\/\/i0.wp.com\/cecilecparis.com\/wp-content\/uploads\/2023\/09\/broche_ivoire_01.jpg?fit=1200%2C1200&ssl=1&resize=1050%2C600 3x"},"classes":[]},{"id":6806,"url":"https:\/\/cecilecparis.com\/en\/boutique\/broche-ivoire-noire\/","url_meta":{"origin":8373,"position":1},"title":"Broche Noire","author":"NakazakiTomiko","date":"26 September 2023","format":false,"excerpt":"Motif en \u00e9tain or jaune 24 carat Fleur sertie en \u00e9tain laqu\u00e9e Noir Soft Cabochon en p\u00e2te de verre Ivoire *Les bijoux de Cecile C Paris sont fabriqu\u00e9s en petites s\u00e9ries. Si le stock de votre r\u00e9f\u00e9rence pr\u00e9f\u00e9r\u00e9e se termine, nous pourrons relancer la fabrication avec un d\u00e9lai de livraison\u2026","rel":"","context":"Similar post","block_context":{"text":"Similar post","link":""},"img":{"alt_text":"Broche Noire","src":"https:\/\/i0.wp.com\/cecilecparis.com\/wp-content\/uploads\/2023\/09\/broche_noire_01.jpg?fit=1200%2C1200&ssl=1&resize=350%2C200","width":350,"height":200,"srcset":"https:\/\/i0.wp.com\/cecilecparis.com\/wp-content\/uploads\/2023\/09\/broche_noire_01.jpg?fit=1200%2C1200&ssl=1&resize=350%2C200 1x, https:\/\/i0.wp.com\/cecilecparis.com\/wp-content\/uploads\/2023\/09\/broche_noire_01.jpg?fit=1200%2C1200&ssl=1&resize=525%2C300 1.5x, https:\/\/i0.wp.com\/cecilecparis.com\/wp-content\/uploads\/2023\/09\/broche_noire_01.jpg?fit=1200%2C1200&ssl=1&resize=700%2C400 2x, https:\/\/i0.wp.com\/cecilecparis.com\/wp-content\/uploads\/2023\/09\/broche_noire_01.jpg?fit=1200%2C1200&ssl=1&resize=1050%2C600 3x"},"classes":[]},{"id":6826,"url":"https:\/\/cecilecparis.com\/en\/boutique\/bracelet_ivoire\/","url_meta":{"origin":8373,"position":2},"title":"Bracelet Ivoire","author":"NakazakiTomiko","date":"26 September 2023","format":false,"excerpt":"Bracelet en laiton Or 24 carat, Or p\u00e2le et Or jaune, Fleur sertie en \u00e9tain laqu\u00e9e Ivoire Soft, cabochon en pate de verre beige marron *Les bijoux de Cecile C Paris sont fabriqu\u00e9s en petites s\u00e9ries. Si le stock de votre r\u00e9f\u00e9rence pr\u00e9f\u00e9r\u00e9e se termine, nous pourrons relancer la fabrication\u2026","rel":"","context":"Similar post","block_context":{"text":"Similar post","link":""},"img":{"alt_text":"Bracelet Ivoire","src":"https:\/\/i0.wp.com\/cecilecparis.com\/wp-content\/uploads\/2023\/09\/bracelet_ivoire_01.jpg?fit=1200%2C1200&ssl=1&resize=350%2C200","width":350,"height":200,"srcset":"https:\/\/i0.wp.com\/cecilecparis.com\/wp-content\/uploads\/2023\/09\/bracelet_ivoire_01.jpg?fit=1200%2C1200&ssl=1&resize=350%2C200 1x, https:\/\/i0.wp.com\/cecilecparis.com\/wp-content\/uploads\/2023\/09\/bracelet_ivoire_01.jpg?fit=1200%2C1200&ssl=1&resize=525%2C300 1.5x, https:\/\/i0.wp.com\/cecilecparis.com\/wp-content\/uploads\/2023\/09\/bracelet_ivoire_01.jpg?fit=1200%2C1200&ssl=1&resize=700%2C400 2x, https:\/\/i0.wp.com\/cecilecparis.com\/wp-content\/uploads\/2023\/09\/bracelet_ivoire_01.jpg?fit=1200%2C1200&ssl=1&resize=1050%2C600 3x"},"classes":[]},{"id":6833,"url":"https:\/\/cecilecparis.com\/en\/boutique\/bracelet-noir\/","url_meta":{"origin":8373,"position":3},"title":"Bracelet Noir","author":"NakazakiTomiko","date":"26 September 2023","format":false,"excerpt":"Bracelet en laiton Or 24 carat, Or p\u00e2le et Or jaune, Fleur sertie en \u00e9tain laqu\u00e9e Noir Soft, cabochon en pate de verre ivoire *Les bijoux de Cecile C Paris sont fabriqu\u00e9s en petites s\u00e9ries. Si le stock de votre r\u00e9f\u00e9rence pr\u00e9f\u00e9r\u00e9e se termine, nous pourrons relancer la fabrication avec\u2026","rel":"","context":"Similar post","block_context":{"text":"Similar post","link":""},"img":{"alt_text":"Bracelet Noir","src":"https:\/\/i0.wp.com\/cecilecparis.com\/wp-content\/uploads\/2023\/09\/bracelet_noire_01.jpg?fit=1200%2C1200&ssl=1&resize=350%2C200","width":350,"height":200,"srcset":"https:\/\/i0.wp.com\/cecilecparis.com\/wp-content\/uploads\/2023\/09\/bracelet_noire_01.jpg?fit=1200%2C1200&ssl=1&resize=350%2C200 1x, https:\/\/i0.wp.com\/cecilecparis.com\/wp-content\/uploads\/2023\/09\/bracelet_noire_01.jpg?fit=1200%2C1200&ssl=1&resize=525%2C300 1.5x, https:\/\/i0.wp.com\/cecilecparis.com\/wp-content\/uploads\/2023\/09\/bracelet_noire_01.jpg?fit=1200%2C1200&ssl=1&resize=700%2C400 2x, https:\/\/i0.wp.com\/cecilecparis.com\/wp-content\/uploads\/2023\/09\/bracelet_noire_01.jpg?fit=1200%2C1200&ssl=1&resize=1050%2C600 3x"},"classes":[]},{"id":6842,"url":"https:\/\/cecilecparis.com\/en\/boutique\/clips_chaussures_ivoires\/","url_meta":{"origin":8373,"position":4},"title":"Clips chaussures Ivoires","author":"NakazakiTomiko","date":"26 September 2023","format":false,"excerpt":"Motif en \u00e9tain or jaune 24 carat Fleur sertie en \u00e9tain laqu\u00e9e Ivoire Soft Cabochon en pate de verre Beige Marron *Les bijoux de Cecile C Paris sont fabriqu\u00e9s en petites s\u00e9ries. Si le stock de votre r\u00e9f\u00e9rence pr\u00e9f\u00e9r\u00e9e se termine, nous pourrons relancer la fabrication avec un d\u00e9lai de\u2026","rel":"","context":"Similar post","block_context":{"text":"Similar post","link":""},"img":{"alt_text":"Clips chaussures Ivoires","src":"https:\/\/i0.wp.com\/cecilecparis.com\/wp-content\/uploads\/2023\/09\/clips_chaussures_ivoire_01.jpg?fit=1200%2C1200&ssl=1&resize=350%2C200","width":350,"height":200,"srcset":"https:\/\/i0.wp.com\/cecilecparis.com\/wp-content\/uploads\/2023\/09\/clips_chaussures_ivoire_01.jpg?fit=1200%2C1200&ssl=1&resize=350%2C200 1x, https:\/\/i0.wp.com\/cecilecparis.com\/wp-content\/uploads\/2023\/09\/clips_chaussures_ivoire_01.jpg?fit=1200%2C1200&ssl=1&resize=525%2C300 1.5x, https:\/\/i0.wp.com\/cecilecparis.com\/wp-content\/uploads\/2023\/09\/clips_chaussures_ivoire_01.jpg?fit=1200%2C1200&ssl=1&resize=700%2C400 2x, https:\/\/i0.wp.com\/cecilecparis.com\/wp-content\/uploads\/2023\/09\/clips_chaussures_ivoire_01.jpg?fit=1200%2C1200&ssl=1&resize=1050%2C600 3x"},"classes":[]},{"id":6698,"url":"https:\/\/cecilecparis.com\/en\/boutique\/collier-chaine-ivoire\/","url_meta":{"origin":8373,"position":5},"title":"Collier Cha\u00eene Ivoire","author":"NakazakiTomiko","date":"26 September 2023","format":false,"excerpt":"Motif en \u00e9tain Or jaune 24 carat, Cha\u00eene laiton plaqu\u00e9e or p\u00e2le 24 carat Fleur sertie en \u00e9tain laqu\u00e9e Ivoire Soft cabochon en pate de verre beige marron Perle de verre nacr\u00e9e *Les bijoux de Cecile C Paris sont fabriqu\u00e9s en petites s\u00e9ries. Si le stock de votre r\u00e9f\u00e9rence pr\u00e9f\u00e9r\u00e9e\u2026","rel":"","context":"Similar post","block_context":{"text":"Similar post","link":""},"img":{"alt_text":"Collier Cha\u00eene Ivoire","src":"https:\/\/i0.wp.com\/cecilecparis.com\/wp-content\/uploads\/2023\/09\/collier_chaine_ivoire_01.jpg?fit=1200%2C1200&ssl=1&resize=350%2C200","width":350,"height":200,"srcset":"https:\/\/i0.wp.com\/cecilecparis.com\/wp-content\/uploads\/2023\/09\/collier_chaine_ivoire_01.jpg?fit=1200%2C1200&ssl=1&resize=350%2C200 1x, https:\/\/i0.wp.com\/cecilecparis.com\/wp-content\/uploads\/2023\/09\/collier_chaine_ivoire_01.jpg?fit=1200%2C1200&ssl=1&resize=525%2C300 1.5x, https:\/\/i0.wp.com\/cecilecparis.com\/wp-content\/uploads\/2023\/09\/collier_chaine_ivoire_01.jpg?fit=1200%2C1200&ssl=1&resize=700%2C400 2x, https:\/\/i0.wp.com\/cecilecparis.com\/wp-content\/uploads\/2023\/09\/collier_chaine_ivoire_01.jpg?fit=1200%2C1200&ssl=1&resize=1050%2C600 3x"},"classes":[]}],"_links":{"self":[{"href":"https:\/\/cecilecparis.com\/en\/wp-json\/wp\/v2\/product\/8373","targetHints":{"allow":["GET"]}}],"collection":[{"href":"https:\/\/cecilecparis.com\/en\/wp-json\/wp\/v2\/product"}],"about":[{"href":"https:\/\/cecilecparis.com\/en\/wp-json\/wp\/v2\/types\/product"}],"version-history":[{"count":1,"href":"https:\/\/cecilecparis.com\/en\/wp-json\/wp\/v2\/product\/8373\/revisions"}],"predecessor-version":[{"id":8375,"href":"https:\/\/cecilecparis.com\/en\/wp-json\/wp\/v2\/product\/8373\/revisions\/8375"}],"wp:featuredmedia":[{"embeddable":true,"href":"https:\/\/cecilecparis.com\/en\/wp-json\/wp\/v2\/media\/8374"}],"wp:attachment":[{"href":"https:\/\/cecilecparis.com\/en\/wp-json\/wp\/v2\/media?parent=8373"}],"wp:term":[{"taxonomy":"product_cat","embeddable":true,"href":"https:\/\/cecilecparis.com\/en\/wp-json\/wp\/v2\/product_cat?post=8373"},{"taxonomy":"product_tag","embeddable":true,"href":"https:\/\/cecilecparis.com\/en\/wp-json\/wp\/v2\/product_tag?post=8373"}],"curies":[{"name":"wp","href":"https:\/\/api.w.org\/{rel}","templated":true}]}}