{"id":8342,"date":"2025-12-17T12:04:25","date_gmt":"2025-12-17T11:04:25","guid":{"rendered":"https:\/\/cecilecparis.com\/?post_type=product&#038;p=8342"},"modified":"2025-12-17T14:52:28","modified_gmt":"2025-12-17T13:52:28","slug":"bracelet-avec-noeud-or","status":"publish","type":"product","link":"https:\/\/cecilecparis.com\/en\/boutique\/bracelet-avec-noeud-or\/","title":{"rendered":"Bracelet avec noeud, or"},"content":{"rendered":"","protected":false},"excerpt":{"rendered":"<p class=\"p1\">Bracelet avec fermoir amovible en m\u00e9tal dor\u00e9 1 micron 24 carat, montage de perles de culture sur fil de soie.<\/p>\n<p class=\"p1\">Peut se porter aussi avec le m\u00e9daillon du th\u00e8me Lydia amovible disponible \u00e0 la vente s\u00e9par\u00e9ment en 4 d\u00e9clinaisons.<\/p>\n<p><span style=\"color: #aa8b47; font-size: small;\">*The jewellery of Cecile C Paris is produced in small quantities.<br \/>\nIf the stock of your favourite reference sells out, we can restart production with a delivery time of between 2 and 6 weeks.<\/span><\/p>","protected":false},"featured_media":8343,"template":"","meta":{"om_disable_all_campaigns":false,"_monsterinsights_skip_tracking":false,"_monsterinsights_sitenote_active":false,"_monsterinsights_sitenote_note":"","_monsterinsights_sitenote_category":0,"_themeisle_gutenberg_block_has_review":false},"product_cat":[27],"product_tag":[96,102,360],"class_list":["post-8342","product","type-product","status-publish","has-post-thumbnail","hentry","product_cat-bracelet","product_tag-collier","product_tag-collier-dore","product_tag-lydia","product_shipping_class-colissimo-500g","pa_couleur-dore","pa_theme-lydia"],"aioseo_notices":[],"jetpack_sharing_enabled":true,"jetpack-related-posts":[{"id":8340,"url":"https:\/\/cecilecparis.com\/en\/boutique\/bracelet-avec-medaillon-or\/","url_meta":{"origin":8342,"position":0},"title":"Bracelet avec m\u00e9daillon, or","author":"Cecile","date":"17 December 2025","format":false,"excerpt":"Bracelet or avec\u00a0fermoir amovible en m\u00e9tal dor\u00e9 1 micron 24 carat. Peut se porter aussi avec le noeud du th\u00e8me Lydia amovible disponible \u00e0 la vente s\u00e9par\u00e9ment. *Les bijoux de Cecile C Paris sont fabriqu\u00e9s en petites s\u00e9ries. Si le stock de votre r\u00e9f\u00e9rence pr\u00e9f\u00e9r\u00e9e se termine, nous pourrons relancer\u2026","rel":"","context":"Similar post","block_context":{"text":"Similar post","link":""},"img":{"alt_text":"","src":"https:\/\/i0.wp.com\/cecilecparis.com\/wp-content\/uploads\/2025\/12\/41.jpg?fit=945%2C945&ssl=1&resize=350%2C200","width":350,"height":200,"srcset":"https:\/\/i0.wp.com\/cecilecparis.com\/wp-content\/uploads\/2025\/12\/41.jpg?fit=945%2C945&ssl=1&resize=350%2C200 1x, https:\/\/i0.wp.com\/cecilecparis.com\/wp-content\/uploads\/2025\/12\/41.jpg?fit=945%2C945&ssl=1&resize=525%2C300 1.5x, https:\/\/i0.wp.com\/cecilecparis.com\/wp-content\/uploads\/2025\/12\/41.jpg?fit=945%2C945&ssl=1&resize=700%2C400 2x"},"classes":[]},{"id":836,"url":"https:\/\/cecilecparis.com\/en\/boutique\/bracelet_double\/","url_meta":{"origin":8342,"position":1},"title":"Bracelet Double","author":"admin7218","date":"16 July 2022","format":false,"excerpt":"Laiton argent\u00e9 recouvert d'\u00e9mail nacr\u00e9 et noir Perles de verre nacr\u00e9es diam\u00e8tre 6, 8 et 10 Fil de soie *Les bijoux de Cecile C Paris sont fabriqu\u00e9s en petites s\u00e9ries. Si le stock de votre r\u00e9f\u00e9rence pr\u00e9f\u00e9r\u00e9e se termine, nous pourrons relancer la fabrication avec un d\u00e9lai de livraison entre\u2026","rel":"","context":"Similar post","block_context":{"text":"Similar post","link":""},"img":{"alt_text":"Bracelet Double","src":"https:\/\/i0.wp.com\/cecilecparis.com\/wp-content\/uploads\/2022\/07\/bracelet_double_01.jpg?fit=1200%2C1200&ssl=1&resize=350%2C200","width":350,"height":200,"srcset":"https:\/\/i0.wp.com\/cecilecparis.com\/wp-content\/uploads\/2022\/07\/bracelet_double_01.jpg?fit=1200%2C1200&ssl=1&resize=350%2C200 1x, https:\/\/i0.wp.com\/cecilecparis.com\/wp-content\/uploads\/2022\/07\/bracelet_double_01.jpg?fit=1200%2C1200&ssl=1&resize=525%2C300 1.5x, https:\/\/i0.wp.com\/cecilecparis.com\/wp-content\/uploads\/2022\/07\/bracelet_double_01.jpg?fit=1200%2C1200&ssl=1&resize=700%2C400 2x, https:\/\/i0.wp.com\/cecilecparis.com\/wp-content\/uploads\/2022\/07\/bracelet_double_01.jpg?fit=1200%2C1200&ssl=1&resize=1050%2C600 3x"},"classes":[]},{"id":6833,"url":"https:\/\/cecilecparis.com\/en\/boutique\/bracelet-noir\/","url_meta":{"origin":8342,"position":2},"title":"Bracelet Noir","author":"NakazakiTomiko","date":"26 September 2023","format":false,"excerpt":"Bracelet en laiton Or 24 carat, Or p\u00e2le et Or jaune, Fleur sertie en \u00e9tain laqu\u00e9e Noir Soft, cabochon en pate de verre ivoire *Les bijoux de Cecile C Paris sont fabriqu\u00e9s en petites s\u00e9ries. Si le stock de votre r\u00e9f\u00e9rence pr\u00e9f\u00e9r\u00e9e se termine, nous pourrons relancer la fabrication avec\u2026","rel":"","context":"Similar post","block_context":{"text":"Similar post","link":""},"img":{"alt_text":"Bracelet Noir","src":"https:\/\/i0.wp.com\/cecilecparis.com\/wp-content\/uploads\/2023\/09\/bracelet_noire_01.jpg?fit=1200%2C1200&ssl=1&resize=350%2C200","width":350,"height":200,"srcset":"https:\/\/i0.wp.com\/cecilecparis.com\/wp-content\/uploads\/2023\/09\/bracelet_noire_01.jpg?fit=1200%2C1200&ssl=1&resize=350%2C200 1x, https:\/\/i0.wp.com\/cecilecparis.com\/wp-content\/uploads\/2023\/09\/bracelet_noire_01.jpg?fit=1200%2C1200&ssl=1&resize=525%2C300 1.5x, https:\/\/i0.wp.com\/cecilecparis.com\/wp-content\/uploads\/2023\/09\/bracelet_noire_01.jpg?fit=1200%2C1200&ssl=1&resize=700%2C400 2x, https:\/\/i0.wp.com\/cecilecparis.com\/wp-content\/uploads\/2023\/09\/bracelet_noire_01.jpg?fit=1200%2C1200&ssl=1&resize=1050%2C600 3x"},"classes":[]},{"id":832,"url":"https:\/\/cecilecparis.com\/en\/boutique\/bracelet_simple\/","url_meta":{"origin":8342,"position":3},"title":"Bracelet Simple","author":"admin7218","date":"16 July 2022","format":false,"excerpt":"Laiton argent\u00e9 recouvert d'\u00e9mail nacr\u00e9 et noir Perles de verre nacr\u00e9es diam\u00e8tre 10 Fil de soie *Les bijoux de Cecile C Paris sont fabriqu\u00e9s en petites s\u00e9ries. Si le stock de votre r\u00e9f\u00e9rence pr\u00e9f\u00e9r\u00e9e se termine, nous pourrons relancer la fabrication avec un d\u00e9lai de livraison entre 2 et 6\u2026","rel":"","context":"Similar post","block_context":{"text":"Similar post","link":""},"img":{"alt_text":"Bracelet Simple","src":"https:\/\/i0.wp.com\/cecilecparis.com\/wp-content\/uploads\/2022\/07\/bracelet_simple_01.jpg?fit=1200%2C1200&ssl=1&resize=350%2C200","width":350,"height":200,"srcset":"https:\/\/i0.wp.com\/cecilecparis.com\/wp-content\/uploads\/2022\/07\/bracelet_simple_01.jpg?fit=1200%2C1200&ssl=1&resize=350%2C200 1x, https:\/\/i0.wp.com\/cecilecparis.com\/wp-content\/uploads\/2022\/07\/bracelet_simple_01.jpg?fit=1200%2C1200&ssl=1&resize=525%2C300 1.5x, https:\/\/i0.wp.com\/cecilecparis.com\/wp-content\/uploads\/2022\/07\/bracelet_simple_01.jpg?fit=1200%2C1200&ssl=1&resize=700%2C400 2x, https:\/\/i0.wp.com\/cecilecparis.com\/wp-content\/uploads\/2022\/07\/bracelet_simple_01.jpg?fit=1200%2C1200&ssl=1&resize=1050%2C600 3x"},"classes":[]},{"id":8019,"url":"https:\/\/cecilecparis.com\/en\/boutique\/bracelet-rigide-or\/","url_meta":{"origin":8342,"position":4},"title":"Bracelet Or Rigide","author":"Cecile","date":"17 May 2024","format":false,"excerpt":"Bracelet rigide Laiton dor\u00e9 \u00e0 l'or 24Kt. Motif miroirs facett\u00e9 et porcelaine. *Les bijoux de Cecile C Paris sont fabriqu\u00e9s en petites s\u00e9ries. Si le stock de votre r\u00e9f\u00e9rence pr\u00e9f\u00e9r\u00e9e se termine, nous pourrons relancer la fabrication avec un d\u00e9lai de livraison entre 2 et 6 semaines.","rel":"","context":"Similar post","block_context":{"text":"Similar post","link":""},"img":{"alt_text":"","src":"https:\/\/i0.wp.com\/cecilecparis.com\/wp-content\/uploads\/2024\/05\/cecile-c04.jpg?fit=1200%2C1200&ssl=1&resize=350%2C200","width":350,"height":200,"srcset":"https:\/\/i0.wp.com\/cecilecparis.com\/wp-content\/uploads\/2024\/05\/cecile-c04.jpg?fit=1200%2C1200&ssl=1&resize=350%2C200 1x, https:\/\/i0.wp.com\/cecilecparis.com\/wp-content\/uploads\/2024\/05\/cecile-c04.jpg?fit=1200%2C1200&ssl=1&resize=525%2C300 1.5x, https:\/\/i0.wp.com\/cecilecparis.com\/wp-content\/uploads\/2024\/05\/cecile-c04.jpg?fit=1200%2C1200&ssl=1&resize=700%2C400 2x, https:\/\/i0.wp.com\/cecilecparis.com\/wp-content\/uploads\/2024\/05\/cecile-c04.jpg?fit=1200%2C1200&ssl=1&resize=1050%2C600 3x"},"classes":[]},{"id":6826,"url":"https:\/\/cecilecparis.com\/en\/boutique\/bracelet_ivoire\/","url_meta":{"origin":8342,"position":5},"title":"Bracelet Ivoire","author":"NakazakiTomiko","date":"26 September 2023","format":false,"excerpt":"Bracelet en laiton Or 24 carat, Or p\u00e2le et Or jaune, Fleur sertie en \u00e9tain laqu\u00e9e Ivoire Soft, cabochon en pate de verre beige marron *Les bijoux de Cecile C Paris sont fabriqu\u00e9s en petites s\u00e9ries. Si le stock de votre r\u00e9f\u00e9rence pr\u00e9f\u00e9r\u00e9e se termine, nous pourrons relancer la fabrication\u2026","rel":"","context":"Similar post","block_context":{"text":"Similar post","link":""},"img":{"alt_text":"Bracelet Ivoire","src":"https:\/\/i0.wp.com\/cecilecparis.com\/wp-content\/uploads\/2023\/09\/bracelet_ivoire_01.jpg?fit=1200%2C1200&ssl=1&resize=350%2C200","width":350,"height":200,"srcset":"https:\/\/i0.wp.com\/cecilecparis.com\/wp-content\/uploads\/2023\/09\/bracelet_ivoire_01.jpg?fit=1200%2C1200&ssl=1&resize=350%2C200 1x, https:\/\/i0.wp.com\/cecilecparis.com\/wp-content\/uploads\/2023\/09\/bracelet_ivoire_01.jpg?fit=1200%2C1200&ssl=1&resize=525%2C300 1.5x, https:\/\/i0.wp.com\/cecilecparis.com\/wp-content\/uploads\/2023\/09\/bracelet_ivoire_01.jpg?fit=1200%2C1200&ssl=1&resize=700%2C400 2x, https:\/\/i0.wp.com\/cecilecparis.com\/wp-content\/uploads\/2023\/09\/bracelet_ivoire_01.jpg?fit=1200%2C1200&ssl=1&resize=1050%2C600 3x"},"classes":[]}],"_links":{"self":[{"href":"https:\/\/cecilecparis.com\/en\/wp-json\/wp\/v2\/product\/8342","targetHints":{"allow":["GET"]}}],"collection":[{"href":"https:\/\/cecilecparis.com\/en\/wp-json\/wp\/v2\/product"}],"about":[{"href":"https:\/\/cecilecparis.com\/en\/wp-json\/wp\/v2\/types\/product"}],"version-history":[{"count":1,"href":"https:\/\/cecilecparis.com\/en\/wp-json\/wp\/v2\/product\/8342\/revisions"}],"predecessor-version":[{"id":8344,"href":"https:\/\/cecilecparis.com\/en\/wp-json\/wp\/v2\/product\/8342\/revisions\/8344"}],"wp:featuredmedia":[{"embeddable":true,"href":"https:\/\/cecilecparis.com\/en\/wp-json\/wp\/v2\/media\/8343"}],"wp:attachment":[{"href":"https:\/\/cecilecparis.com\/en\/wp-json\/wp\/v2\/media?parent=8342"}],"wp:term":[{"taxonomy":"product_cat","embeddable":true,"href":"https:\/\/cecilecparis.com\/en\/wp-json\/wp\/v2\/product_cat?post=8342"},{"taxonomy":"product_tag","embeddable":true,"href":"https:\/\/cecilecparis.com\/en\/wp-json\/wp\/v2\/product_tag?post=8342"}],"curies":[{"name":"wp","href":"https:\/\/api.w.org\/{rel}","templated":true}]}}