{"id":8338,"date":"2025-12-17T11:57:12","date_gmt":"2025-12-17T10:57:12","guid":{"rendered":"https:\/\/cecilecparis.com\/?post_type=product&#038;p=8338"},"modified":"2025-12-17T14:50:28","modified_gmt":"2025-12-17T13:50:28","slug":"collier-chaine-avec-noeud-or","status":"publish","type":"product","link":"https:\/\/cecilecparis.com\/en\/boutique\/collier-chaine-avec-noeud-or\/","title":{"rendered":"Collier cha\u00eene avec noeud, or"},"content":{"rendered":"","protected":false},"excerpt":{"rendered":"<p class=\"p1\">Collier cha\u00eene avec pendentif amovible en m\u00e9tal dor\u00e9 1 micron 24 carat, montage de perles de culture sur fil de soie.<\/p>\n<p class=\"p1\">Peut se porter aussi avec le m\u00e9daillon du th\u00e8me Lydia amovible disponible \u00e0 la vente s\u00e9par\u00e9ment en 4 d\u00e9clinaisons.<\/p>\n<p><span style=\"color: #aa8b47; font-size: small;\">*The jewellery of Cecile C Paris is produced in small quantities.<br \/>\nIf the stock of your favourite reference sells out, we can restart production with a delivery time of between 2 and 6 weeks.<\/span><\/p>","protected":false},"featured_media":8328,"template":"","meta":{"om_disable_all_campaigns":false,"_monsterinsights_skip_tracking":false,"_monsterinsights_sitenote_active":false,"_monsterinsights_sitenote_note":"","_monsterinsights_sitenote_category":0,"_themeisle_gutenberg_block_has_review":false},"product_cat":[24],"product_tag":[96,102,360,349],"class_list":["post-8338","product","type-product","status-publish","has-post-thumbnail","hentry","product_cat-colliers","product_tag-collier","product_tag-collier-dore","product_tag-lydia","product_tag-perles","product_shipping_class-colissimo-500g","pa_couleur-dore","pa_theme-lydia"],"aioseo_notices":[],"jetpack_sharing_enabled":true,"jetpack-related-posts":[{"id":8335,"url":"https:\/\/cecilecparis.com\/en\/boutique\/collier-chaine-avec-medaillon\/","url_meta":{"origin":8338,"position":0},"title":"Collier cha\u00eene avec m\u00e9daillon, or","author":"Cecile","date":"17 December 2025","format":false,"excerpt":"Collier cha\u00eene avec pendentif amovible en m\u00e9tal dor\u00e9 1 micron 24 carat. Peut se porter aussi avec le noeud du th\u00e8me Lydia amovible disponible \u00e0 la vente s\u00e9par\u00e9ment. *Les bijoux de Cecile C Paris sont fabriqu\u00e9s en petites s\u00e9ries. Si le stock de votre r\u00e9f\u00e9rence pr\u00e9f\u00e9r\u00e9e se termine, nous pourrons\u2026","rel":"","context":"Similar post","block_context":{"text":"Similar post","link":""},"img":{"alt_text":"","src":"https:\/\/i0.wp.com\/cecilecparis.com\/wp-content\/uploads\/2025\/12\/39.jpg?fit=945%2C945&ssl=1&resize=350%2C200","width":350,"height":200,"srcset":"https:\/\/i0.wp.com\/cecilecparis.com\/wp-content\/uploads\/2025\/12\/39.jpg?fit=945%2C945&ssl=1&resize=350%2C200 1x, https:\/\/i0.wp.com\/cecilecparis.com\/wp-content\/uploads\/2025\/12\/39.jpg?fit=945%2C945&ssl=1&resize=525%2C300 1.5x, https:\/\/i0.wp.com\/cecilecparis.com\/wp-content\/uploads\/2025\/12\/39.jpg?fit=945%2C945&ssl=1&resize=700%2C400 2x"},"classes":[]},{"id":6560,"url":"https:\/\/cecilecparis.com\/en\/boutique\/sautoir-amovible\/","url_meta":{"origin":8338,"position":1},"title":"Sautoir amovible","author":"NakazakiTomiko","date":"26 September 2023","format":false,"excerpt":"Sautoir amovible Motif Etain Ruth\u00e9nium et palladium Enfilage n\u0153uds de perles de verre nacr\u00e9es en France Cha\u00eenes gourmettes fantaisies laiton plaqu\u00e9es ruth\u00e9nium et palladium *Les bijoux de Cecile C Paris sont fabriqu\u00e9s en petites s\u00e9ries. Si le stock de votre r\u00e9f\u00e9rence pr\u00e9f\u00e9r\u00e9e se termine, nous pourrons relancer la fabrication avec\u2026","rel":"","context":"Similar post","block_context":{"text":"Similar post","link":""},"img":{"alt_text":"Sautoir amovible","src":"https:\/\/i0.wp.com\/cecilecparis.com\/wp-content\/uploads\/2023\/09\/Sautoir_amovible_01.jpg?fit=1200%2C1200&ssl=1&resize=350%2C200","width":350,"height":200,"srcset":"https:\/\/i0.wp.com\/cecilecparis.com\/wp-content\/uploads\/2023\/09\/Sautoir_amovible_01.jpg?fit=1200%2C1200&ssl=1&resize=350%2C200 1x, https:\/\/i0.wp.com\/cecilecparis.com\/wp-content\/uploads\/2023\/09\/Sautoir_amovible_01.jpg?fit=1200%2C1200&ssl=1&resize=525%2C300 1.5x, https:\/\/i0.wp.com\/cecilecparis.com\/wp-content\/uploads\/2023\/09\/Sautoir_amovible_01.jpg?fit=1200%2C1200&ssl=1&resize=700%2C400 2x, https:\/\/i0.wp.com\/cecilecparis.com\/wp-content\/uploads\/2023\/09\/Sautoir_amovible_01.jpg?fit=1200%2C1200&ssl=1&resize=1050%2C600 3x"},"classes":[]},{"id":8324,"url":"https:\/\/cecilecparis.com\/en\/boutique\/collier-cravate-avec-medaillon\/","url_meta":{"origin":8338,"position":2},"title":"Collier cravate avec m\u00e9daillon","author":"Cecile","date":"17 December 2025","format":false,"excerpt":"Col cravate avec fermoir amovible en m\u00e9tal dor\u00e9 1 micron 24 carat, montage de perles de culture sur fil de soie. Peut se porter aussi avec le noeud du th\u00e8me Lydia amovible disponible \u00e0 la vente s\u00e9par\u00e9ment. *Les bijoux de Cecile C Paris sont fabriqu\u00e9s en petites s\u00e9ries. Si le\u2026","rel":"","context":"Similar post","block_context":{"text":"Similar post","link":""},"img":{"alt_text":"","src":"https:\/\/i0.wp.com\/cecilecparis.com\/wp-content\/uploads\/2025\/12\/37.jpg?fit=945%2C945&ssl=1&resize=350%2C200","width":350,"height":200,"srcset":"https:\/\/i0.wp.com\/cecilecparis.com\/wp-content\/uploads\/2025\/12\/37.jpg?fit=945%2C945&ssl=1&resize=350%2C200 1x, https:\/\/i0.wp.com\/cecilecparis.com\/wp-content\/uploads\/2025\/12\/37.jpg?fit=945%2C945&ssl=1&resize=525%2C300 1.5x, https:\/\/i0.wp.com\/cecilecparis.com\/wp-content\/uploads\/2025\/12\/37.jpg?fit=945%2C945&ssl=1&resize=700%2C400 2x"},"classes":[]},{"id":8332,"url":"https:\/\/cecilecparis.com\/en\/boutique\/collier-cravate-avec-medaillon-copy\/","url_meta":{"origin":8338,"position":3},"title":"Collier cravate avec noeud","author":"Cecile","date":"17 December 2025","format":false,"excerpt":"Col cravate avec fermoir amovible noeud en m\u00e9tal dor\u00e9 1 micron 24 carat, montage de perles de culture sur fil de soie. Peut se porter aussi avec le m\u00e9daillon du th\u00e8me Lydia amovible disponible \u00e0 la vente s\u00e9par\u00e9ment en 4 d\u00e9clinaisons. *Les bijoux de Cecile C Paris sont fabriqu\u00e9s en\u2026","rel":"","context":"Similar post","block_context":{"text":"Similar post","link":""},"img":{"alt_text":"","src":"https:\/\/i0.wp.com\/cecilecparis.com\/wp-content\/uploads\/2025\/12\/38.jpg?fit=945%2C945&ssl=1&resize=350%2C200","width":350,"height":200,"srcset":"https:\/\/i0.wp.com\/cecilecparis.com\/wp-content\/uploads\/2025\/12\/38.jpg?fit=945%2C945&ssl=1&resize=350%2C200 1x, https:\/\/i0.wp.com\/cecilecparis.com\/wp-content\/uploads\/2025\/12\/38.jpg?fit=945%2C945&ssl=1&resize=525%2C300 1.5x, https:\/\/i0.wp.com\/cecilecparis.com\/wp-content\/uploads\/2025\/12\/38.jpg?fit=945%2C945&ssl=1&resize=700%2C400 2x"},"classes":[]},{"id":8319,"url":"https:\/\/cecilecparis.com\/en\/boutique\/col-claudine-avec-noeud\/","url_meta":{"origin":8338,"position":4},"title":"Col Claudine avec noeud","author":"Cecile","date":"17 December 2025","format":false,"excerpt":"Col Claudine avec noeud. Fermoir amovible en m\u00e9tal dor\u00e9 1 micron 24 carat, montage de perles de culture sur fil de soie. Peut se porter aussi avec le m\u00e9daillon du th\u00e8me Lydia amovible disponible \u00e0 la vente s\u00e9par\u00e9ment en 4 d\u00e9clinaisons. *Les bijoux de Cecile C Paris sont fabriqu\u00e9s en\u2026","rel":"","context":"Similar post","block_context":{"text":"Similar post","link":""},"img":{"alt_text":"","src":"https:\/\/i0.wp.com\/cecilecparis.com\/wp-content\/uploads\/2025\/12\/35.jpg?fit=1080%2C1080&ssl=1&resize=350%2C200","width":350,"height":200,"srcset":"https:\/\/i0.wp.com\/cecilecparis.com\/wp-content\/uploads\/2025\/12\/35.jpg?fit=1080%2C1080&ssl=1&resize=350%2C200 1x, https:\/\/i0.wp.com\/cecilecparis.com\/wp-content\/uploads\/2025\/12\/35.jpg?fit=1080%2C1080&ssl=1&resize=525%2C300 1.5x, https:\/\/i0.wp.com\/cecilecparis.com\/wp-content\/uploads\/2025\/12\/35.jpg?fit=1080%2C1080&ssl=1&resize=700%2C400 2x, https:\/\/i0.wp.com\/cecilecparis.com\/wp-content\/uploads\/2025\/12\/35.jpg?fit=1080%2C1080&ssl=1&resize=1050%2C600 3x"},"classes":[]},{"id":8316,"url":"https:\/\/cecilecparis.com\/en\/boutique\/col-claudine-avec-medaillon-lydia\/","url_meta":{"origin":8338,"position":5},"title":"Col Claudine avec m\u00e9daillon","author":"Cecile","date":"16 December 2025","format":false,"excerpt":"Col Claudine avec m\u00e9daillon. Fermoir amovible en m\u00e9tal dor\u00e9 1 micron 24 carat, montage de perles de culture sur fil de soie. Peut se porter aussi avec le noeud du th\u00e8me Lydia amovible disponible \u00e0 la vente s\u00e9par\u00e9ment. *Les bijoux de Cecile C Paris sont fabriqu\u00e9s en petites s\u00e9ries. Si\u2026","rel":"","context":"Similar post","block_context":{"text":"Similar post","link":""},"img":{"alt_text":"","src":"https:\/\/i0.wp.com\/cecilecparis.com\/wp-content\/uploads\/2025\/12\/ANNONCE-NOUVELLE-CO-4.jpg?fit=1080%2C1080&ssl=1&resize=350%2C200","width":350,"height":200,"srcset":"https:\/\/i0.wp.com\/cecilecparis.com\/wp-content\/uploads\/2025\/12\/ANNONCE-NOUVELLE-CO-4.jpg?fit=1080%2C1080&ssl=1&resize=350%2C200 1x, https:\/\/i0.wp.com\/cecilecparis.com\/wp-content\/uploads\/2025\/12\/ANNONCE-NOUVELLE-CO-4.jpg?fit=1080%2C1080&ssl=1&resize=525%2C300 1.5x, https:\/\/i0.wp.com\/cecilecparis.com\/wp-content\/uploads\/2025\/12\/ANNONCE-NOUVELLE-CO-4.jpg?fit=1080%2C1080&ssl=1&resize=700%2C400 2x, https:\/\/i0.wp.com\/cecilecparis.com\/wp-content\/uploads\/2025\/12\/ANNONCE-NOUVELLE-CO-4.jpg?fit=1080%2C1080&ssl=1&resize=1050%2C600 3x"},"classes":[]}],"_links":{"self":[{"href":"https:\/\/cecilecparis.com\/en\/wp-json\/wp\/v2\/product\/8338","targetHints":{"allow":["GET"]}}],"collection":[{"href":"https:\/\/cecilecparis.com\/en\/wp-json\/wp\/v2\/product"}],"about":[{"href":"https:\/\/cecilecparis.com\/en\/wp-json\/wp\/v2\/types\/product"}],"version-history":[{"count":1,"href":"https:\/\/cecilecparis.com\/en\/wp-json\/wp\/v2\/product\/8338\/revisions"}],"predecessor-version":[{"id":8339,"href":"https:\/\/cecilecparis.com\/en\/wp-json\/wp\/v2\/product\/8338\/revisions\/8339"}],"wp:featuredmedia":[{"embeddable":true,"href":"https:\/\/cecilecparis.com\/en\/wp-json\/wp\/v2\/media\/8328"}],"wp:attachment":[{"href":"https:\/\/cecilecparis.com\/en\/wp-json\/wp\/v2\/media?parent=8338"}],"wp:term":[{"taxonomy":"product_cat","embeddable":true,"href":"https:\/\/cecilecparis.com\/en\/wp-json\/wp\/v2\/product_cat?post=8338"},{"taxonomy":"product_tag","embeddable":true,"href":"https:\/\/cecilecparis.com\/en\/wp-json\/wp\/v2\/product_tag?post=8338"}],"curies":[{"name":"wp","href":"https:\/\/api.w.org\/{rel}","templated":true}]}}