{"id":8319,"date":"2025-12-17T11:07:16","date_gmt":"2025-12-17T10:07:16","guid":{"rendered":"https:\/\/cecilecparis.com\/?post_type=product&#038;p=8319"},"modified":"2025-12-17T14:44:57","modified_gmt":"2025-12-17T13:44:57","slug":"col-claudine-avec-noeud","status":"publish","type":"product","link":"https:\/\/cecilecparis.com\/en\/boutique\/col-claudine-avec-noeud\/","title":{"rendered":"Col Claudine avec noeud"},"content":{"rendered":"","protected":false},"excerpt":{"rendered":"<p class=\"p1\">Col Claudine avec noeud. Fermoir amovible en m\u00e9tal dor\u00e9 1 micron 24 carat, montage de perles de culture sur fil de soie.<\/p>\n<p class=\"p1\">Peut se porter aussi avec le m\u00e9daillon du th\u00e8me Lydia amovible disponible \u00e0 la vente s\u00e9par\u00e9ment en 4 d\u00e9clinaisons.<\/p>\n<p><span style=\"color: #aa8b47; font-size: small;\">*The jewellery of Cecile C Paris is produced in small quantities.<br \/>\nIf the stock of your favourite reference sells out, we can restart production with a delivery time of between 2 and 6 weeks.<\/span><\/p>","protected":false},"featured_media":8322,"template":"","meta":{"om_disable_all_campaigns":false,"_monsterinsights_skip_tracking":false,"_monsterinsights_sitenote_active":false,"_monsterinsights_sitenote_note":"","_monsterinsights_sitenote_category":0,"_themeisle_gutenberg_block_has_review":false},"product_cat":[24],"product_tag":[361,96,102,360],"class_list":["post-8319","product","type-product","status-publish","has-post-thumbnail","hentry","product_cat-colliers","product_tag-col-claudine","product_tag-collier","product_tag-collier-dore","product_tag-lydia","product_shipping_class-colissimo-500g","pa_couleur-dore","pa_theme-lydia"],"aioseo_notices":[],"jetpack_sharing_enabled":true,"jetpack-related-posts":[{"id":8316,"url":"https:\/\/cecilecparis.com\/en\/boutique\/col-claudine-avec-medaillon-lydia\/","url_meta":{"origin":8319,"position":0},"title":"Col Claudine avec m\u00e9daillon","author":"Cecile","date":"16 December 2025","format":false,"excerpt":"Col Claudine avec m\u00e9daillon. Fermoir amovible en m\u00e9tal dor\u00e9 1 micron 24 carat, montage de perles de culture sur fil de soie. Peut se porter aussi avec le noeud du th\u00e8me Lydia amovible disponible \u00e0 la vente s\u00e9par\u00e9ment. *Les bijoux de Cecile C Paris sont fabriqu\u00e9s en petites s\u00e9ries. Si\u2026","rel":"","context":"Similar post","block_context":{"text":"Similar post","link":""},"img":{"alt_text":"","src":"https:\/\/i0.wp.com\/cecilecparis.com\/wp-content\/uploads\/2025\/12\/ANNONCE-NOUVELLE-CO-4.jpg?fit=1080%2C1080&ssl=1&resize=350%2C200","width":350,"height":200,"srcset":"https:\/\/i0.wp.com\/cecilecparis.com\/wp-content\/uploads\/2025\/12\/ANNONCE-NOUVELLE-CO-4.jpg?fit=1080%2C1080&ssl=1&resize=350%2C200 1x, https:\/\/i0.wp.com\/cecilecparis.com\/wp-content\/uploads\/2025\/12\/ANNONCE-NOUVELLE-CO-4.jpg?fit=1080%2C1080&ssl=1&resize=525%2C300 1.5x, https:\/\/i0.wp.com\/cecilecparis.com\/wp-content\/uploads\/2025\/12\/ANNONCE-NOUVELLE-CO-4.jpg?fit=1080%2C1080&ssl=1&resize=700%2C400 2x, https:\/\/i0.wp.com\/cecilecparis.com\/wp-content\/uploads\/2025\/12\/ANNONCE-NOUVELLE-CO-4.jpg?fit=1080%2C1080&ssl=1&resize=1050%2C600 3x"},"classes":[]},{"id":8332,"url":"https:\/\/cecilecparis.com\/en\/boutique\/collier-cravate-avec-medaillon-copy\/","url_meta":{"origin":8319,"position":1},"title":"Collier cravate avec noeud","author":"Cecile","date":"17 December 2025","format":false,"excerpt":"Col cravate avec fermoir amovible noeud en m\u00e9tal dor\u00e9 1 micron 24 carat, montage de perles de culture sur fil de soie. Peut se porter aussi avec le m\u00e9daillon du th\u00e8me Lydia amovible disponible \u00e0 la vente s\u00e9par\u00e9ment en 4 d\u00e9clinaisons. *Les bijoux de Cecile C Paris sont fabriqu\u00e9s en\u2026","rel":"","context":"Similar post","block_context":{"text":"Similar post","link":""},"img":{"alt_text":"","src":"https:\/\/i0.wp.com\/cecilecparis.com\/wp-content\/uploads\/2025\/12\/38.jpg?fit=945%2C945&ssl=1&resize=350%2C200","width":350,"height":200,"srcset":"https:\/\/i0.wp.com\/cecilecparis.com\/wp-content\/uploads\/2025\/12\/38.jpg?fit=945%2C945&ssl=1&resize=350%2C200 1x, https:\/\/i0.wp.com\/cecilecparis.com\/wp-content\/uploads\/2025\/12\/38.jpg?fit=945%2C945&ssl=1&resize=525%2C300 1.5x, https:\/\/i0.wp.com\/cecilecparis.com\/wp-content\/uploads\/2025\/12\/38.jpg?fit=945%2C945&ssl=1&resize=700%2C400 2x"},"classes":[]},{"id":8324,"url":"https:\/\/cecilecparis.com\/en\/boutique\/collier-cravate-avec-medaillon\/","url_meta":{"origin":8319,"position":2},"title":"Collier cravate avec m\u00e9daillon","author":"Cecile","date":"17 December 2025","format":false,"excerpt":"Col cravate avec fermoir amovible en m\u00e9tal dor\u00e9 1 micron 24 carat, montage de perles de culture sur fil de soie. Peut se porter aussi avec le noeud du th\u00e8me Lydia amovible disponible \u00e0 la vente s\u00e9par\u00e9ment. *Les bijoux de Cecile C Paris sont fabriqu\u00e9s en petites s\u00e9ries. Si le\u2026","rel":"","context":"Similar post","block_context":{"text":"Similar post","link":""},"img":{"alt_text":"","src":"https:\/\/i0.wp.com\/cecilecparis.com\/wp-content\/uploads\/2025\/12\/37.jpg?fit=945%2C945&ssl=1&resize=350%2C200","width":350,"height":200,"srcset":"https:\/\/i0.wp.com\/cecilecparis.com\/wp-content\/uploads\/2025\/12\/37.jpg?fit=945%2C945&ssl=1&resize=350%2C200 1x, https:\/\/i0.wp.com\/cecilecparis.com\/wp-content\/uploads\/2025\/12\/37.jpg?fit=945%2C945&ssl=1&resize=525%2C300 1.5x, https:\/\/i0.wp.com\/cecilecparis.com\/wp-content\/uploads\/2025\/12\/37.jpg?fit=945%2C945&ssl=1&resize=700%2C400 2x"},"classes":[]},{"id":8376,"url":"https:\/\/cecilecparis.com\/en\/boutique\/noeud-seul\/","url_meta":{"origin":8319,"position":3},"title":"Noeud seul","author":"Cecile","date":"17 December 2025","format":false,"excerpt":"M\u00e9tal dor\u00e9 1 micron 24 carat, montage de perles de culture sur fil de soie. *Les bijoux de Cecile C Paris sont fabriqu\u00e9s en petites s\u00e9ries. Si le stock de votre r\u00e9f\u00e9rence pr\u00e9f\u00e9r\u00e9e se termine, nous pourrons relancer la fabrication avec un d\u00e9lai de livraison entre 2 et 6 semaines.","rel":"","context":"Similar post","block_context":{"text":"Similar post","link":""},"img":{"alt_text":"","src":"https:\/\/i0.wp.com\/cecilecparis.com\/wp-content\/uploads\/2025\/12\/45.png?fit=945%2C945&ssl=1&resize=350%2C200","width":350,"height":200,"srcset":"https:\/\/i0.wp.com\/cecilecparis.com\/wp-content\/uploads\/2025\/12\/45.png?fit=945%2C945&ssl=1&resize=350%2C200 1x, https:\/\/i0.wp.com\/cecilecparis.com\/wp-content\/uploads\/2025\/12\/45.png?fit=945%2C945&ssl=1&resize=525%2C300 1.5x, https:\/\/i0.wp.com\/cecilecparis.com\/wp-content\/uploads\/2025\/12\/45.png?fit=945%2C945&ssl=1&resize=700%2C400 2x"},"classes":[]},{"id":8342,"url":"https:\/\/cecilecparis.com\/en\/boutique\/bracelet-avec-noeud-or\/","url_meta":{"origin":8319,"position":4},"title":"Bracelet avec noeud, or","author":"Cecile","date":"17 December 2025","format":false,"excerpt":"Bracelet avec fermoir amovible en m\u00e9tal dor\u00e9 1 micron 24 carat, montage de perles de culture sur fil de soie. Peut se porter aussi avec le m\u00e9daillon du th\u00e8me Lydia amovible disponible \u00e0 la vente s\u00e9par\u00e9ment en 4 d\u00e9clinaisons. *Les bijoux de Cecile C Paris sont fabriqu\u00e9s en petites s\u00e9ries.\u2026","rel":"","context":"Similar post","block_context":{"text":"Similar post","link":""},"img":{"alt_text":"","src":"https:\/\/i0.wp.com\/cecilecparis.com\/wp-content\/uploads\/2025\/12\/47.jpg?fit=945%2C945&ssl=1&resize=350%2C200","width":350,"height":200,"srcset":"https:\/\/i0.wp.com\/cecilecparis.com\/wp-content\/uploads\/2025\/12\/47.jpg?fit=945%2C945&ssl=1&resize=350%2C200 1x, https:\/\/i0.wp.com\/cecilecparis.com\/wp-content\/uploads\/2025\/12\/47.jpg?fit=945%2C945&ssl=1&resize=525%2C300 1.5x, https:\/\/i0.wp.com\/cecilecparis.com\/wp-content\/uploads\/2025\/12\/47.jpg?fit=945%2C945&ssl=1&resize=700%2C400 2x"},"classes":[]},{"id":8338,"url":"https:\/\/cecilecparis.com\/en\/boutique\/collier-chaine-avec-noeud-or\/","url_meta":{"origin":8319,"position":5},"title":"Collier cha\u00eene avec noeud, or","author":"Cecile","date":"17 December 2025","format":false,"excerpt":"Collier cha\u00eene avec pendentif amovible en m\u00e9tal dor\u00e9 1 micron 24 carat, montage de perles de culture sur fil de soie. Peut se porter aussi avec le m\u00e9daillon du th\u00e8me Lydia amovible disponible \u00e0 la vente s\u00e9par\u00e9ment en 4 d\u00e9clinaisons. *Les bijoux de Cecile C Paris sont fabriqu\u00e9s en petites\u2026","rel":"","context":"Similar post","block_context":{"text":"Similar post","link":""},"img":{"alt_text":"","src":"https:\/\/i0.wp.com\/cecilecparis.com\/wp-content\/uploads\/2025\/12\/40.jpg?fit=945%2C945&ssl=1&resize=350%2C200","width":350,"height":200,"srcset":"https:\/\/i0.wp.com\/cecilecparis.com\/wp-content\/uploads\/2025\/12\/40.jpg?fit=945%2C945&ssl=1&resize=350%2C200 1x, https:\/\/i0.wp.com\/cecilecparis.com\/wp-content\/uploads\/2025\/12\/40.jpg?fit=945%2C945&ssl=1&resize=525%2C300 1.5x, https:\/\/i0.wp.com\/cecilecparis.com\/wp-content\/uploads\/2025\/12\/40.jpg?fit=945%2C945&ssl=1&resize=700%2C400 2x"},"classes":[]}],"_links":{"self":[{"href":"https:\/\/cecilecparis.com\/en\/wp-json\/wp\/v2\/product\/8319","targetHints":{"allow":["GET"]}}],"collection":[{"href":"https:\/\/cecilecparis.com\/en\/wp-json\/wp\/v2\/product"}],"about":[{"href":"https:\/\/cecilecparis.com\/en\/wp-json\/wp\/v2\/types\/product"}],"version-history":[{"count":2,"href":"https:\/\/cecilecparis.com\/en\/wp-json\/wp\/v2\/product\/8319\/revisions"}],"predecessor-version":[{"id":8323,"href":"https:\/\/cecilecparis.com\/en\/wp-json\/wp\/v2\/product\/8319\/revisions\/8323"}],"wp:featuredmedia":[{"embeddable":true,"href":"https:\/\/cecilecparis.com\/en\/wp-json\/wp\/v2\/media\/8322"}],"wp:attachment":[{"href":"https:\/\/cecilecparis.com\/en\/wp-json\/wp\/v2\/media?parent=8319"}],"wp:term":[{"taxonomy":"product_cat","embeddable":true,"href":"https:\/\/cecilecparis.com\/en\/wp-json\/wp\/v2\/product_cat?post=8319"},{"taxonomy":"product_tag","embeddable":true,"href":"https:\/\/cecilecparis.com\/en\/wp-json\/wp\/v2\/product_tag?post=8319"}],"curies":[{"name":"wp","href":"https:\/\/api.w.org\/{rel}","templated":true}]}}