{"id":8071,"date":"2024-05-17T18:15:15","date_gmt":"2024-05-17T16:15:15","guid":{"rendered":"https:\/\/cecilecparis.com\/?post_type=product&#038;p=8071"},"modified":"2024-05-23T14:14:59","modified_gmt":"2024-05-23T12:14:59","slug":"broche-en-palladium","status":"publish","type":"product","link":"https:\/\/cecilecparis.com\/en\/boutique\/broche-en-palladium\/","title":{"rendered":"Broche Palladium"},"content":{"rendered":"","protected":false},"excerpt":{"rendered":"<p class=\"p1\">Broche \u00e9tain recouvert de palladium, porcelaine et miroir facett\u00e9.<\/p>\n<p><span style=\"color: #aa8b47; font-size: small;\">*The jewellery of Cecile C Paris is produced in small quantities.<br \/>\nIf the stock of your favourite reference sells out, we can restart production with a delivery time of between 2 and 6 weeks.<\/span><\/p>","protected":false},"featured_media":8074,"template":"","meta":{"om_disable_all_campaigns":false,"_monsterinsights_skip_tracking":false,"_monsterinsights_sitenote_active":false,"_monsterinsights_sitenote_note":"","_monsterinsights_sitenote_category":0,"_themeisle_gutenberg_block_has_review":false},"product_cat":[26],"product_tag":[106,337,318],"class_list":["post-8071","product","type-product","status-publish","has-post-thumbnail","hentry","product_cat-broches","product_tag-broche","product_tag-broche-en-palladium","product_tag-christiane","product_shipping_class-colissimo-500g","pa_couleur-argent","pa_theme-christiane","pa_theme-christiane-en-palladium"],"aioseo_notices":[],"jetpack_sharing_enabled":true,"jetpack-related-posts":[{"id":759,"url":"https:\/\/cecilecparis.com\/en\/boutique\/broche\/","url_meta":{"origin":8071,"position":0},"title":"Broche","author":"admin7218","date":"15 July 2022","format":false,"excerpt":"Etain dor\u00e9 recouvert d'\u00e9mail dor\u00e9 Syst\u00e8me broche et crochet pour le porter en pendentif *Les bijoux de Cecile C Paris sont fabriqu\u00e9s en petites s\u00e9ries. Si le stock de votre r\u00e9f\u00e9rence pr\u00e9f\u00e9r\u00e9e se termine, nous pourrons relancer la fabrication avec un d\u00e9lai de livraison entre 2 et 6 semaines.","rel":"","context":"Similar post","block_context":{"text":"Similar post","link":""},"img":{"alt_text":"Broche","src":"https:\/\/i0.wp.com\/cecilecparis.com\/wp-content\/uploads\/2022\/07\/broche_01.jpg?fit=1200%2C1200&ssl=1&resize=350%2C200","width":350,"height":200,"srcset":"https:\/\/i0.wp.com\/cecilecparis.com\/wp-content\/uploads\/2022\/07\/broche_01.jpg?fit=1200%2C1200&ssl=1&resize=350%2C200 1x, https:\/\/i0.wp.com\/cecilecparis.com\/wp-content\/uploads\/2022\/07\/broche_01.jpg?fit=1200%2C1200&ssl=1&resize=525%2C300 1.5x, https:\/\/i0.wp.com\/cecilecparis.com\/wp-content\/uploads\/2022\/07\/broche_01.jpg?fit=1200%2C1200&ssl=1&resize=700%2C400 2x, https:\/\/i0.wp.com\/cecilecparis.com\/wp-content\/uploads\/2022\/07\/broche_01.jpg?fit=1200%2C1200&ssl=1&resize=1050%2C600 3x"},"classes":[]},{"id":728,"url":"https:\/\/cecilecparis.com\/en\/boutique\/broche-argentee\/","url_meta":{"origin":8071,"position":1},"title":"Broche Argent\u00e9e","author":"admin7218","date":"15 July 2022","format":false,"excerpt":"Etain argent avec touches dor\u00e9es et recouvert d'\u00e9mail argent Syst\u00e8me broche et crochet pour le porter en pendentif *Les bijoux de Cecile C Paris sont fabriqu\u00e9s en petites s\u00e9ries. Si le stock de votre r\u00e9f\u00e9rence pr\u00e9f\u00e9r\u00e9e se termine, nous pourrons relancer la fabrication avec un d\u00e9lai de livraison entre 2\u2026","rel":"","context":"Similar post","block_context":{"text":"Similar post","link":""},"img":{"alt_text":"Broche Argente","src":"https:\/\/i0.wp.com\/cecilecparis.com\/wp-content\/uploads\/2022\/07\/catherine_broche_argente_01.jpg?fit=1200%2C1200&ssl=1&resize=350%2C200","width":350,"height":200,"srcset":"https:\/\/i0.wp.com\/cecilecparis.com\/wp-content\/uploads\/2022\/07\/catherine_broche_argente_01.jpg?fit=1200%2C1200&ssl=1&resize=350%2C200 1x, https:\/\/i0.wp.com\/cecilecparis.com\/wp-content\/uploads\/2022\/07\/catherine_broche_argente_01.jpg?fit=1200%2C1200&ssl=1&resize=525%2C300 1.5x, https:\/\/i0.wp.com\/cecilecparis.com\/wp-content\/uploads\/2022\/07\/catherine_broche_argente_01.jpg?fit=1200%2C1200&ssl=1&resize=700%2C400 2x, https:\/\/i0.wp.com\/cecilecparis.com\/wp-content\/uploads\/2022\/07\/catherine_broche_argente_01.jpg?fit=1200%2C1200&ssl=1&resize=1050%2C600 3x"},"classes":[]},{"id":8065,"url":"https:\/\/cecilecparis.com\/en\/boutique\/broche-or\/","url_meta":{"origin":8071,"position":2},"title":"Broche Or","author":"Cecile","date":"17 May 2024","format":false,"excerpt":"Broche \u00e9tain dor\u00e9 \u00e0 l'or 24kt, porcelaine et miroir facett\u00e9. *Les bijoux de Cecile C Paris sont fabriqu\u00e9s en petites s\u00e9ries. Si le stock de votre r\u00e9f\u00e9rence pr\u00e9f\u00e9r\u00e9e se termine, nous pourrons relancer la fabrication avec un d\u00e9lai de livraison entre 2 et 6 semaines.","rel":"","context":"Similar post","block_context":{"text":"Similar post","link":""},"img":{"alt_text":"","src":"https:\/\/i0.wp.com\/cecilecparis.com\/wp-content\/uploads\/2024\/05\/yay04.jpg?fit=1018%2C1018&ssl=1&resize=350%2C200","width":350,"height":200,"srcset":"https:\/\/i0.wp.com\/cecilecparis.com\/wp-content\/uploads\/2024\/05\/yay04.jpg?fit=1018%2C1018&ssl=1&resize=350%2C200 1x, https:\/\/i0.wp.com\/cecilecparis.com\/wp-content\/uploads\/2024\/05\/yay04.jpg?fit=1018%2C1018&ssl=1&resize=525%2C300 1.5x, https:\/\/i0.wp.com\/cecilecparis.com\/wp-content\/uploads\/2024\/05\/yay04.jpg?fit=1018%2C1018&ssl=1&resize=700%2C400 2x"},"classes":[]},{"id":724,"url":"https:\/\/cecilecparis.com\/en\/boutique\/broche_doree\/","url_meta":{"origin":8071,"position":3},"title":"Broche Dor\u00e9e","author":"admin7218","date":"15 July 2022","format":false,"excerpt":"Etain dor\u00e9 avec touches argent\u00e9es et recouvert d'\u00e9mail dor\u00e9 Syst\u00e8me broche et crochet pour le porter en pendentif *Les bijoux de Cecile C Paris sont fabriqu\u00e9s en petites s\u00e9ries. Si le stock de votre r\u00e9f\u00e9rence pr\u00e9f\u00e9r\u00e9e se termine, nous pourrons relancer la fabrication avec un d\u00e9lai de livraison entre 2\u2026","rel":"","context":"Similar post","block_context":{"text":"Similar post","link":""},"img":{"alt_text":"Broche Dor\u00e9e","src":"https:\/\/i0.wp.com\/cecilecparis.com\/wp-content\/uploads\/2022\/07\/catherine_broche_doree_01.jpg?fit=1200%2C1200&ssl=1&resize=350%2C200","width":350,"height":200,"srcset":"https:\/\/i0.wp.com\/cecilecparis.com\/wp-content\/uploads\/2022\/07\/catherine_broche_doree_01.jpg?fit=1200%2C1200&ssl=1&resize=350%2C200 1x, https:\/\/i0.wp.com\/cecilecparis.com\/wp-content\/uploads\/2022\/07\/catherine_broche_doree_01.jpg?fit=1200%2C1200&ssl=1&resize=525%2C300 1.5x, https:\/\/i0.wp.com\/cecilecparis.com\/wp-content\/uploads\/2022\/07\/catherine_broche_doree_01.jpg?fit=1200%2C1200&ssl=1&resize=700%2C400 2x, https:\/\/i0.wp.com\/cecilecparis.com\/wp-content\/uploads\/2022\/07\/catherine_broche_doree_01.jpg?fit=1200%2C1200&ssl=1&resize=1050%2C600 3x"},"classes":[]},{"id":6806,"url":"https:\/\/cecilecparis.com\/en\/boutique\/broche-ivoire-noire\/","url_meta":{"origin":8071,"position":4},"title":"Broche Noire","author":"NakazakiTomiko","date":"26 September 2023","format":false,"excerpt":"Motif en \u00e9tain or jaune 24 carat Fleur sertie en \u00e9tain laqu\u00e9e Noir Soft Cabochon en p\u00e2te de verre Ivoire *Les bijoux de Cecile C Paris sont fabriqu\u00e9s en petites s\u00e9ries. Si le stock de votre r\u00e9f\u00e9rence pr\u00e9f\u00e9r\u00e9e se termine, nous pourrons relancer la fabrication avec un d\u00e9lai de livraison\u2026","rel":"","context":"Similar post","block_context":{"text":"Similar post","link":""},"img":{"alt_text":"Broche Noire","src":"https:\/\/i0.wp.com\/cecilecparis.com\/wp-content\/uploads\/2023\/09\/broche_noire_01.jpg?fit=1200%2C1200&ssl=1&resize=350%2C200","width":350,"height":200,"srcset":"https:\/\/i0.wp.com\/cecilecparis.com\/wp-content\/uploads\/2023\/09\/broche_noire_01.jpg?fit=1200%2C1200&ssl=1&resize=350%2C200 1x, https:\/\/i0.wp.com\/cecilecparis.com\/wp-content\/uploads\/2023\/09\/broche_noire_01.jpg?fit=1200%2C1200&ssl=1&resize=525%2C300 1.5x, https:\/\/i0.wp.com\/cecilecparis.com\/wp-content\/uploads\/2023\/09\/broche_noire_01.jpg?fit=1200%2C1200&ssl=1&resize=700%2C400 2x, https:\/\/i0.wp.com\/cecilecparis.com\/wp-content\/uploads\/2023\/09\/broche_noire_01.jpg?fit=1200%2C1200&ssl=1&resize=1050%2C600 3x"},"classes":[]},{"id":6798,"url":"https:\/\/cecilecparis.com\/en\/boutique\/broche_ivoire\/","url_meta":{"origin":8071,"position":5},"title":"Broche Ivoire","author":"NakazakiTomiko","date":"26 September 2023","format":false,"excerpt":"Motif en \u00e9tain or jaune 24 carat Fleur sertie en \u00e9tain laqu\u00e9e Ivoire Soft Cabochon en pate de verre Beige Marron *Les bijoux de Cecile C Paris sont fabriqu\u00e9s en petites s\u00e9ries. Si le stock de votre r\u00e9f\u00e9rence pr\u00e9f\u00e9r\u00e9e se termine, nous pourrons relancer la fabrication avec un d\u00e9lai de\u2026","rel":"","context":"Similar post","block_context":{"text":"Similar post","link":""},"img":{"alt_text":"Broche Ivoire","src":"https:\/\/i0.wp.com\/cecilecparis.com\/wp-content\/uploads\/2023\/09\/broche_ivoire_01.jpg?fit=1200%2C1200&ssl=1&resize=350%2C200","width":350,"height":200,"srcset":"https:\/\/i0.wp.com\/cecilecparis.com\/wp-content\/uploads\/2023\/09\/broche_ivoire_01.jpg?fit=1200%2C1200&ssl=1&resize=350%2C200 1x, https:\/\/i0.wp.com\/cecilecparis.com\/wp-content\/uploads\/2023\/09\/broche_ivoire_01.jpg?fit=1200%2C1200&ssl=1&resize=525%2C300 1.5x, https:\/\/i0.wp.com\/cecilecparis.com\/wp-content\/uploads\/2023\/09\/broche_ivoire_01.jpg?fit=1200%2C1200&ssl=1&resize=700%2C400 2x, https:\/\/i0.wp.com\/cecilecparis.com\/wp-content\/uploads\/2023\/09\/broche_ivoire_01.jpg?fit=1200%2C1200&ssl=1&resize=1050%2C600 3x"},"classes":[]}],"_links":{"self":[{"href":"https:\/\/cecilecparis.com\/en\/wp-json\/wp\/v2\/product\/8071","targetHints":{"allow":["GET"]}}],"collection":[{"href":"https:\/\/cecilecparis.com\/en\/wp-json\/wp\/v2\/product"}],"about":[{"href":"https:\/\/cecilecparis.com\/en\/wp-json\/wp\/v2\/types\/product"}],"version-history":[{"count":2,"href":"https:\/\/cecilecparis.com\/en\/wp-json\/wp\/v2\/product\/8071\/revisions"}],"predecessor-version":[{"id":8213,"href":"https:\/\/cecilecparis.com\/en\/wp-json\/wp\/v2\/product\/8071\/revisions\/8213"}],"wp:featuredmedia":[{"embeddable":true,"href":"https:\/\/cecilecparis.com\/en\/wp-json\/wp\/v2\/media\/8074"}],"wp:attachment":[{"href":"https:\/\/cecilecparis.com\/en\/wp-json\/wp\/v2\/media?parent=8071"}],"wp:term":[{"taxonomy":"product_cat","embeddable":true,"href":"https:\/\/cecilecparis.com\/en\/wp-json\/wp\/v2\/product_cat?post=8071"},{"taxonomy":"product_tag","embeddable":true,"href":"https:\/\/cecilecparis.com\/en\/wp-json\/wp\/v2\/product_tag?post=8071"}],"curies":[{"name":"wp","href":"https:\/\/api.w.org\/{rel}","templated":true}]}}