{"id":8019,"date":"2024-05-17T18:15:48","date_gmt":"2024-05-17T16:15:48","guid":{"rendered":"https:\/\/cecilecparis.com\/?post_type=product&#038;p=8019"},"modified":"2024-05-23T13:52:15","modified_gmt":"2024-05-23T11:52:15","slug":"bracelet-rigide-or","status":"publish","type":"product","link":"https:\/\/cecilecparis.com\/en\/boutique\/bracelet-rigide-or\/","title":{"rendered":"Bracelet Or Rigide"},"content":{"rendered":"","protected":false},"excerpt":{"rendered":"<p class=\"p1\">Bracelet rigide Laiton dor\u00e9 \u00e0 l&#8217;or 24Kt. Motif miroirs facett\u00e9 et porcelaine.<\/p>\n<p><span style=\"color: #aa8b47; font-size: small;\">*The jewellery of Cecile C Paris is produced in small quantities.<br \/>\nIf the stock of your favourite reference sells out, we can restart production with a delivery time of between 2 and 6 weeks.<\/span><\/p>","protected":false},"featured_media":8020,"template":"","meta":{"om_disable_all_campaigns":false,"_monsterinsights_skip_tracking":false,"_monsterinsights_sitenote_active":false,"_monsterinsights_sitenote_note":"","_monsterinsights_sitenote_category":0,"_themeisle_gutenberg_block_has_review":false},"product_cat":[27],"product_tag":[136,326,318],"class_list":["post-8019","product","type-product","status-publish","has-post-thumbnail","hentry","product_cat-bracelet","product_tag-bracelet","product_tag-bracelet-or","product_tag-christiane","product_shipping_class-colissimo-500g","pa_couleur-dore","pa_theme-christiane","pa_theme-christiane-en-or"],"aioseo_notices":[],"jetpack_sharing_enabled":true,"jetpack-related-posts":[{"id":8026,"url":"https:\/\/cecilecparis.com\/en\/boutique\/bracelet-rigide-palladium\/","url_meta":{"origin":8019,"position":0},"title":"Bracelet Palladium Rigide","author":"Cecile","date":"17 May 2024","format":false,"excerpt":"Bracelet rigide Laiton Palladium. Motif miroirs facett\u00e9 et porcelaine. *Les bijoux de Cecile C Paris sont fabriqu\u00e9s en petites s\u00e9ries. Si le stock de votre r\u00e9f\u00e9rence pr\u00e9f\u00e9r\u00e9e se termine, nous pourrons relancer la fabrication avec un d\u00e9lai de livraison entre 2 et 6 semaines.","rel":"","context":"Similar post","block_context":{"text":"Similar post","link":""},"img":{"alt_text":"","src":"https:\/\/i0.wp.com\/cecilecparis.com\/wp-content\/uploads\/2024\/05\/yay06.jpg?fit=1200%2C866&ssl=1&resize=350%2C200","width":350,"height":200,"srcset":"https:\/\/i0.wp.com\/cecilecparis.com\/wp-content\/uploads\/2024\/05\/yay06.jpg?fit=1200%2C866&ssl=1&resize=350%2C200 1x, https:\/\/i0.wp.com\/cecilecparis.com\/wp-content\/uploads\/2024\/05\/yay06.jpg?fit=1200%2C866&ssl=1&resize=525%2C300 1.5x, https:\/\/i0.wp.com\/cecilecparis.com\/wp-content\/uploads\/2024\/05\/yay06.jpg?fit=1200%2C866&ssl=1&resize=700%2C400 2x, https:\/\/i0.wp.com\/cecilecparis.com\/wp-content\/uploads\/2024\/05\/yay06.jpg?fit=1200%2C866&ssl=1&resize=1050%2C600 3x"},"classes":[]},{"id":8034,"url":"https:\/\/cecilecparis.com\/en\/boutique\/bracelet-1-rang-perles-or\/","url_meta":{"origin":8019,"position":1},"title":"Bracelet Or, 1 rang perles","author":"Cecile","date":"17 May 2024","format":false,"excerpt":"Bracelet de perles nacr\u00e9es, enfilage sur fil de soie. Fermoir aimant\u00e9 \u00e9tain dor\u00e9 \u00e0 l'or 24 Kt, avec miroirs facett\u00e9s et porcelaine. *Les bijoux de Cecile C Paris sont fabriqu\u00e9s en petites s\u00e9ries. Si le stock de votre r\u00e9f\u00e9rence pr\u00e9f\u00e9r\u00e9e se termine, nous pourrons relancer la fabrication avec un d\u00e9lai\u2026","rel":"","context":"Similar post","block_context":{"text":"Similar post","link":""},"img":{"alt_text":"","src":"https:\/\/i0.wp.com\/cecilecparis.com\/wp-content\/uploads\/2024\/05\/yay54.jpg?fit=1200%2C1200&ssl=1&resize=350%2C200","width":350,"height":200,"srcset":"https:\/\/i0.wp.com\/cecilecparis.com\/wp-content\/uploads\/2024\/05\/yay54.jpg?fit=1200%2C1200&ssl=1&resize=350%2C200 1x, https:\/\/i0.wp.com\/cecilecparis.com\/wp-content\/uploads\/2024\/05\/yay54.jpg?fit=1200%2C1200&ssl=1&resize=525%2C300 1.5x, https:\/\/i0.wp.com\/cecilecparis.com\/wp-content\/uploads\/2024\/05\/yay54.jpg?fit=1200%2C1200&ssl=1&resize=700%2C400 2x, https:\/\/i0.wp.com\/cecilecparis.com\/wp-content\/uploads\/2024\/05\/yay54.jpg?fit=1200%2C1200&ssl=1&resize=1050%2C600 3x"},"classes":[]},{"id":8051,"url":"https:\/\/cecilecparis.com\/en\/boutique\/bracelet-3-rangs-perles-or\/","url_meta":{"origin":8019,"position":2},"title":"Bracelet Or, 3 rangs perles","author":"Cecile","date":"17 May 2024","format":false,"excerpt":"Bracelet de perles nacr\u00e9es, et chaine fantaisie, enfilage sur fil de soie. Fermoir aimant\u00e9 \u00e9tain dor\u00e9 \u00e0 l'or 24 Kt, avec miroirs facett\u00e9s et porcelaine. *Les bijoux de Cecile C Paris sont fabriqu\u00e9s en petites s\u00e9ries. Si le stock de votre r\u00e9f\u00e9rence pr\u00e9f\u00e9r\u00e9e se termine, nous pourrons relancer la fabrication\u2026","rel":"","context":"Similar post","block_context":{"text":"Similar post","link":""},"img":{"alt_text":"","src":"https:\/\/i0.wp.com\/cecilecparis.com\/wp-content\/uploads\/2024\/05\/yay47.jpg?fit=1200%2C1200&ssl=1&resize=350%2C200","width":350,"height":200,"srcset":"https:\/\/i0.wp.com\/cecilecparis.com\/wp-content\/uploads\/2024\/05\/yay47.jpg?fit=1200%2C1200&ssl=1&resize=350%2C200 1x, https:\/\/i0.wp.com\/cecilecparis.com\/wp-content\/uploads\/2024\/05\/yay47.jpg?fit=1200%2C1200&ssl=1&resize=525%2C300 1.5x, https:\/\/i0.wp.com\/cecilecparis.com\/wp-content\/uploads\/2024\/05\/yay47.jpg?fit=1200%2C1200&ssl=1&resize=700%2C400 2x, https:\/\/i0.wp.com\/cecilecparis.com\/wp-content\/uploads\/2024\/05\/yay47.jpg?fit=1200%2C1200&ssl=1&resize=1050%2C600 3x"},"classes":[]},{"id":6833,"url":"https:\/\/cecilecparis.com\/en\/boutique\/bracelet-noir\/","url_meta":{"origin":8019,"position":3},"title":"Bracelet Noir","author":"NakazakiTomiko","date":"26 September 2023","format":false,"excerpt":"Bracelet en laiton Or 24 carat, Or p\u00e2le et Or jaune, Fleur sertie en \u00e9tain laqu\u00e9e Noir Soft, cabochon en pate de verre ivoire *Les bijoux de Cecile C Paris sont fabriqu\u00e9s en petites s\u00e9ries. Si le stock de votre r\u00e9f\u00e9rence pr\u00e9f\u00e9r\u00e9e se termine, nous pourrons relancer la fabrication avec\u2026","rel":"","context":"Similar post","block_context":{"text":"Similar post","link":""},"img":{"alt_text":"Bracelet Noir","src":"https:\/\/i0.wp.com\/cecilecparis.com\/wp-content\/uploads\/2023\/09\/bracelet_noire_01.jpg?fit=1200%2C1200&ssl=1&resize=350%2C200","width":350,"height":200,"srcset":"https:\/\/i0.wp.com\/cecilecparis.com\/wp-content\/uploads\/2023\/09\/bracelet_noire_01.jpg?fit=1200%2C1200&ssl=1&resize=350%2C200 1x, https:\/\/i0.wp.com\/cecilecparis.com\/wp-content\/uploads\/2023\/09\/bracelet_noire_01.jpg?fit=1200%2C1200&ssl=1&resize=525%2C300 1.5x, https:\/\/i0.wp.com\/cecilecparis.com\/wp-content\/uploads\/2023\/09\/bracelet_noire_01.jpg?fit=1200%2C1200&ssl=1&resize=700%2C400 2x, https:\/\/i0.wp.com\/cecilecparis.com\/wp-content\/uploads\/2023\/09\/bracelet_noire_01.jpg?fit=1200%2C1200&ssl=1&resize=1050%2C600 3x"},"classes":[]},{"id":6826,"url":"https:\/\/cecilecparis.com\/en\/boutique\/bracelet_ivoire\/","url_meta":{"origin":8019,"position":4},"title":"Bracelet Ivoire","author":"NakazakiTomiko","date":"26 September 2023","format":false,"excerpt":"Bracelet en laiton Or 24 carat, Or p\u00e2le et Or jaune, Fleur sertie en \u00e9tain laqu\u00e9e Ivoire Soft, cabochon en pate de verre beige marron *Les bijoux de Cecile C Paris sont fabriqu\u00e9s en petites s\u00e9ries. Si le stock de votre r\u00e9f\u00e9rence pr\u00e9f\u00e9r\u00e9e se termine, nous pourrons relancer la fabrication\u2026","rel":"","context":"Similar post","block_context":{"text":"Similar post","link":""},"img":{"alt_text":"Bracelet Ivoire","src":"https:\/\/i0.wp.com\/cecilecparis.com\/wp-content\/uploads\/2023\/09\/bracelet_ivoire_01.jpg?fit=1200%2C1200&ssl=1&resize=350%2C200","width":350,"height":200,"srcset":"https:\/\/i0.wp.com\/cecilecparis.com\/wp-content\/uploads\/2023\/09\/bracelet_ivoire_01.jpg?fit=1200%2C1200&ssl=1&resize=350%2C200 1x, https:\/\/i0.wp.com\/cecilecparis.com\/wp-content\/uploads\/2023\/09\/bracelet_ivoire_01.jpg?fit=1200%2C1200&ssl=1&resize=525%2C300 1.5x, https:\/\/i0.wp.com\/cecilecparis.com\/wp-content\/uploads\/2023\/09\/bracelet_ivoire_01.jpg?fit=1200%2C1200&ssl=1&resize=700%2C400 2x, https:\/\/i0.wp.com\/cecilecparis.com\/wp-content\/uploads\/2023\/09\/bracelet_ivoire_01.jpg?fit=1200%2C1200&ssl=1&resize=1050%2C600 3x"},"classes":[]},{"id":8340,"url":"https:\/\/cecilecparis.com\/en\/boutique\/bracelet-avec-medaillon-or\/","url_meta":{"origin":8019,"position":5},"title":"Bracelet avec m\u00e9daillon, or","author":"Cecile","date":"17 December 2025","format":false,"excerpt":"Bracelet or avec\u00a0fermoir amovible en m\u00e9tal dor\u00e9 1 micron 24 carat. Peut se porter aussi avec le noeud du th\u00e8me Lydia amovible disponible \u00e0 la vente s\u00e9par\u00e9ment. *Les bijoux de Cecile C Paris sont fabriqu\u00e9s en petites s\u00e9ries. Si le stock de votre r\u00e9f\u00e9rence pr\u00e9f\u00e9r\u00e9e se termine, nous pourrons relancer\u2026","rel":"","context":"Similar post","block_context":{"text":"Similar post","link":""},"img":{"alt_text":"","src":"https:\/\/i0.wp.com\/cecilecparis.com\/wp-content\/uploads\/2025\/12\/41.jpg?fit=945%2C945&ssl=1&resize=350%2C200","width":350,"height":200,"srcset":"https:\/\/i0.wp.com\/cecilecparis.com\/wp-content\/uploads\/2025\/12\/41.jpg?fit=945%2C945&ssl=1&resize=350%2C200 1x, https:\/\/i0.wp.com\/cecilecparis.com\/wp-content\/uploads\/2025\/12\/41.jpg?fit=945%2C945&ssl=1&resize=525%2C300 1.5x, https:\/\/i0.wp.com\/cecilecparis.com\/wp-content\/uploads\/2025\/12\/41.jpg?fit=945%2C945&ssl=1&resize=700%2C400 2x"},"classes":[]}],"_links":{"self":[{"href":"https:\/\/cecilecparis.com\/en\/wp-json\/wp\/v2\/product\/8019","targetHints":{"allow":["GET"]}}],"collection":[{"href":"https:\/\/cecilecparis.com\/en\/wp-json\/wp\/v2\/product"}],"about":[{"href":"https:\/\/cecilecparis.com\/en\/wp-json\/wp\/v2\/types\/product"}],"version-history":[{"count":3,"href":"https:\/\/cecilecparis.com\/en\/wp-json\/wp\/v2\/product\/8019\/revisions"}],"predecessor-version":[{"id":8206,"href":"https:\/\/cecilecparis.com\/en\/wp-json\/wp\/v2\/product\/8019\/revisions\/8206"}],"wp:featuredmedia":[{"embeddable":true,"href":"https:\/\/cecilecparis.com\/en\/wp-json\/wp\/v2\/media\/8020"}],"wp:attachment":[{"href":"https:\/\/cecilecparis.com\/en\/wp-json\/wp\/v2\/media?parent=8019"}],"wp:term":[{"taxonomy":"product_cat","embeddable":true,"href":"https:\/\/cecilecparis.com\/en\/wp-json\/wp\/v2\/product_cat?post=8019"},{"taxonomy":"product_tag","embeddable":true,"href":"https:\/\/cecilecparis.com\/en\/wp-json\/wp\/v2\/product_tag?post=8019"}],"curies":[{"name":"wp","href":"https:\/\/api.w.org\/{rel}","templated":true}]}}