{"id":7993,"date":"2024-05-17T18:16:08","date_gmt":"2024-05-17T16:16:08","guid":{"rendered":"https:\/\/cecilecparis.com\/?post_type=product&#038;p=7993"},"modified":"2024-05-23T13:49:08","modified_gmt":"2024-05-23T11:49:08","slug":"collier-chaine-or-porcelaine","status":"publish","type":"product","link":"https:\/\/cecilecparis.com\/en\/boutique\/collier-chaine-or-porcelaine\/","title":{"rendered":"Collier Chaine Or, Porcelaine"},"content":{"rendered":"","protected":false},"excerpt":{"rendered":"<p class=\"p1\">Collier chaine avec motif porcelaine dor\u00e9 \u00e0 l&#8217;or 24kt et perle nacr\u00e9e.<\/p>\n<p><span style=\"color: #aa8b47; font-size: small;\">*The jewellery of Cecile C Paris is produced in small quantities.<br \/>\nIf the stock of your favourite reference sells out, we can restart production with a delivery time of between 2 and 6 weeks.<\/span><\/p>","protected":false},"featured_media":7997,"template":"","meta":{"om_disable_all_campaigns":false,"_monsterinsights_skip_tracking":false,"_monsterinsights_sitenote_active":false,"_monsterinsights_sitenote_note":"","_monsterinsights_sitenote_category":0,"_themeisle_gutenberg_block_has_review":false},"product_cat":[24],"product_tag":[318,96,124,102],"class_list":["post-7993","product","type-product","status-publish","has-post-thumbnail","hentry","product_cat-colliers","product_tag-christiane","product_tag-collier","product_tag-collier-court","product_tag-collier-dore","product_shipping_class-colissimo-500g","pa_couleur-dore","pa_theme-christiane","pa_theme-christiane-en-or"],"aioseo_notices":[],"jetpack_sharing_enabled":true,"jetpack-related-posts":[{"id":8000,"url":"https:\/\/cecilecparis.com\/en\/boutique\/collier-chaine-palladium-porcelaine\/","url_meta":{"origin":7993,"position":0},"title":"Collier Chaine Palladium, Porcelaine","author":"Cecile","date":"17 May 2024","format":false,"excerpt":"Collier chaine en palladium avec motif porcelaine et perle nacr\u00e9e. *Les bijoux de Cecile C Paris sont fabriqu\u00e9s en petites s\u00e9ries. Si le stock de votre r\u00e9f\u00e9rence pr\u00e9f\u00e9r\u00e9e se termine, nous pourrons relancer la fabrication avec un d\u00e9lai de livraison entre 2 et 6 semaines.","rel":"","context":"Similar post","block_context":{"text":"Similar post","link":""},"img":{"alt_text":"","src":"https:\/\/i0.wp.com\/cecilecparis.com\/wp-content\/uploads\/2024\/05\/yay21.jpg?fit=1200%2C800&ssl=1&resize=350%2C200","width":350,"height":200,"srcset":"https:\/\/i0.wp.com\/cecilecparis.com\/wp-content\/uploads\/2024\/05\/yay21.jpg?fit=1200%2C800&ssl=1&resize=350%2C200 1x, https:\/\/i0.wp.com\/cecilecparis.com\/wp-content\/uploads\/2024\/05\/yay21.jpg?fit=1200%2C800&ssl=1&resize=525%2C300 1.5x, https:\/\/i0.wp.com\/cecilecparis.com\/wp-content\/uploads\/2024\/05\/yay21.jpg?fit=1200%2C800&ssl=1&resize=700%2C400 2x, https:\/\/i0.wp.com\/cecilecparis.com\/wp-content\/uploads\/2024\/05\/yay21.jpg?fit=1200%2C800&ssl=1&resize=1050%2C600 3x"},"classes":[]},{"id":7970,"url":"https:\/\/cecilecparis.com\/en\/boutique\/collier-court-or-1-rang\/","url_meta":{"origin":7993,"position":1},"title":"Collier court Or, 1 rang","author":"Cecile","date":"17 May 2024","format":false,"excerpt":"Collier court mont\u00e9 sur chaine fantaisie dor\u00e9e, fermoir aimant\u00e9 \u00e9tain dor\u00e9 \u00e0 l'or 24 Kt, avec miroirs facett\u00e9s et porcelaine. *Les bijoux de Cecile C Paris sont fabriqu\u00e9s en petites s\u00e9ries. Si le stock de votre r\u00e9f\u00e9rence pr\u00e9f\u00e9r\u00e9e se termine, nous pourrons relancer la fabrication avec un d\u00e9lai de livraison\u2026","rel":"","context":"Similar post","block_context":{"text":"Similar post","link":""},"img":{"alt_text":"","src":"https:\/\/i0.wp.com\/cecilecparis.com\/wp-content\/uploads\/2024\/05\/cecile-c05.jpg?fit=1200%2C1008&ssl=1&resize=350%2C200","width":350,"height":200,"srcset":"https:\/\/i0.wp.com\/cecilecparis.com\/wp-content\/uploads\/2024\/05\/cecile-c05.jpg?fit=1200%2C1008&ssl=1&resize=350%2C200 1x, https:\/\/i0.wp.com\/cecilecparis.com\/wp-content\/uploads\/2024\/05\/cecile-c05.jpg?fit=1200%2C1008&ssl=1&resize=525%2C300 1.5x, https:\/\/i0.wp.com\/cecilecparis.com\/wp-content\/uploads\/2024\/05\/cecile-c05.jpg?fit=1200%2C1008&ssl=1&resize=700%2C400 2x, https:\/\/i0.wp.com\/cecilecparis.com\/wp-content\/uploads\/2024\/05\/cecile-c05.jpg?fit=1200%2C1008&ssl=1&resize=1050%2C600 3x"},"classes":[]},{"id":7980,"url":"https:\/\/cecilecparis.com\/en\/boutique\/collier-or-3-rangs-perles\/","url_meta":{"origin":7993,"position":2},"title":"Collier Or, 3 rangs Perles","author":"Cecile","date":"17 May 2024","format":false,"excerpt":"Collier court mont\u00e9 sur chaine dor\u00e9e et perles nacr\u00e9es, enfilage n\u0153uds sur fil de soie, fermoir aimant\u00e9 \u00e9tain dor\u00e9 \u00e0 l'or 24 Kt, avec miroirs facett\u00e9s et porcelaine. *Les bijoux de Cecile C Paris sont fabriqu\u00e9s en petites s\u00e9ries. Si le stock de votre r\u00e9f\u00e9rence pr\u00e9f\u00e9r\u00e9e se termine, nous pourrons\u2026","rel":"","context":"Similar post","block_context":{"text":"Similar post","link":""},"img":{"alt_text":"","src":"https:\/\/i0.wp.com\/cecilecparis.com\/wp-content\/uploads\/2024\/05\/cecile-c18.jpg?fit=1200%2C1200&ssl=1&resize=350%2C200","width":350,"height":200,"srcset":"https:\/\/i0.wp.com\/cecilecparis.com\/wp-content\/uploads\/2024\/05\/cecile-c18.jpg?fit=1200%2C1200&ssl=1&resize=350%2C200 1x, https:\/\/i0.wp.com\/cecilecparis.com\/wp-content\/uploads\/2024\/05\/cecile-c18.jpg?fit=1200%2C1200&ssl=1&resize=525%2C300 1.5x, https:\/\/i0.wp.com\/cecilecparis.com\/wp-content\/uploads\/2024\/05\/cecile-c18.jpg?fit=1200%2C1200&ssl=1&resize=700%2C400 2x, https:\/\/i0.wp.com\/cecilecparis.com\/wp-content\/uploads\/2024\/05\/cecile-c18.jpg?fit=1200%2C1200&ssl=1&resize=1050%2C600 3x"},"classes":[]},{"id":7962,"url":"https:\/\/cecilecparis.com\/en\/boutique\/collier-court-palladium-1-rang\/","url_meta":{"origin":7993,"position":3},"title":"Collier court Palladium, 1 rang","author":"Cecile","date":"17 May 2024","format":false,"excerpt":"Collier court mont\u00e9 sur chaine fantaisie palladium, fermoir aimant\u00e9 \u00e9tain recouverts de palladium, avec miroirs facett\u00e9s et porcelaine. *Les bijoux de Cecile C Paris sont fabriqu\u00e9s en petites s\u00e9ries. Si le stock de votre r\u00e9f\u00e9rence pr\u00e9f\u00e9r\u00e9e se termine, nous pourrons relancer la fabrication avec un d\u00e9lai de livraison entre 2\u2026","rel":"","context":"Similar post","block_context":{"text":"Similar post","link":""},"img":{"alt_text":"","src":"https:\/\/i0.wp.com\/cecilecparis.com\/wp-content\/uploads\/2024\/05\/yay52-1.jpg?fit=1200%2C806&ssl=1&resize=350%2C200","width":350,"height":200,"srcset":"https:\/\/i0.wp.com\/cecilecparis.com\/wp-content\/uploads\/2024\/05\/yay52-1.jpg?fit=1200%2C806&ssl=1&resize=350%2C200 1x, https:\/\/i0.wp.com\/cecilecparis.com\/wp-content\/uploads\/2024\/05\/yay52-1.jpg?fit=1200%2C806&ssl=1&resize=525%2C300 1.5x, https:\/\/i0.wp.com\/cecilecparis.com\/wp-content\/uploads\/2024\/05\/yay52-1.jpg?fit=1200%2C806&ssl=1&resize=700%2C400 2x, https:\/\/i0.wp.com\/cecilecparis.com\/wp-content\/uploads\/2024\/05\/yay52-1.jpg?fit=1200%2C806&ssl=1&resize=1050%2C600 3x"},"classes":[]},{"id":7987,"url":"https:\/\/cecilecparis.com\/en\/boutique\/collier-palladium-3-rangs-perles\/","url_meta":{"origin":7993,"position":4},"title":"Collier Palladium, 3 rangs Perles","author":"Cecile","date":"17 May 2024","format":false,"excerpt":"Collier court mont\u00e9 sur chaine palladium et perles nacr\u00e9es, enfilage n\u0153uds sur fil de soie, fermoir aimant\u00e9 \u00e9tain recouvert de palladium, avec miroirs facett\u00e9s et porcelaine. *Les bijoux de Cecile C Paris sont fabriqu\u00e9s en petites s\u00e9ries. Si le stock de votre r\u00e9f\u00e9rence pr\u00e9f\u00e9r\u00e9e se termine, nous pourrons relancer la\u2026","rel":"","context":"Similar post","block_context":{"text":"Similar post","link":""},"img":{"alt_text":"","src":"https:\/\/i0.wp.com\/cecilecparis.com\/wp-content\/uploads\/2024\/05\/yay29.jpg?fit=1200%2C1200&ssl=1&resize=350%2C200","width":350,"height":200,"srcset":"https:\/\/i0.wp.com\/cecilecparis.com\/wp-content\/uploads\/2024\/05\/yay29.jpg?fit=1200%2C1200&ssl=1&resize=350%2C200 1x, https:\/\/i0.wp.com\/cecilecparis.com\/wp-content\/uploads\/2024\/05\/yay29.jpg?fit=1200%2C1200&ssl=1&resize=525%2C300 1.5x, https:\/\/i0.wp.com\/cecilecparis.com\/wp-content\/uploads\/2024\/05\/yay29.jpg?fit=1200%2C1200&ssl=1&resize=700%2C400 2x, https:\/\/i0.wp.com\/cecilecparis.com\/wp-content\/uploads\/2024\/05\/yay29.jpg?fit=1200%2C1200&ssl=1&resize=1050%2C600 3x"},"classes":[]},{"id":6644,"url":"https:\/\/cecilecparis.com\/en\/boutique\/collier-chaine-petit\/","url_meta":{"origin":7993,"position":5},"title":"Collier Cha\u00eene","author":"NakazakiTomiko","date":"26 September 2023","format":false,"excerpt":"Motif en Etain Or rose et Palladium, perles de verre nacr\u00e9es, mont\u00e9 sur chaine losange laiton plaqu\u00e9e or rose *Les bijoux de Cecile C Paris sont fabriqu\u00e9s en petites s\u00e9ries. Si le stock de votre r\u00e9f\u00e9rence pr\u00e9f\u00e9r\u00e9e se termine, nous pourrons relancer la fabrication avec un d\u00e9lai de livraison entre\u2026","rel":"","context":"Similar post","block_context":{"text":"Similar post","link":""},"img":{"alt_text":"Collier cha\u00eene","src":"https:\/\/i0.wp.com\/cecilecparis.com\/wp-content\/uploads\/2023\/09\/Collier_Chaine_Petit_01.jpg?fit=1200%2C1200&ssl=1&resize=350%2C200","width":350,"height":200,"srcset":"https:\/\/i0.wp.com\/cecilecparis.com\/wp-content\/uploads\/2023\/09\/Collier_Chaine_Petit_01.jpg?fit=1200%2C1200&ssl=1&resize=350%2C200 1x, https:\/\/i0.wp.com\/cecilecparis.com\/wp-content\/uploads\/2023\/09\/Collier_Chaine_Petit_01.jpg?fit=1200%2C1200&ssl=1&resize=525%2C300 1.5x, https:\/\/i0.wp.com\/cecilecparis.com\/wp-content\/uploads\/2023\/09\/Collier_Chaine_Petit_01.jpg?fit=1200%2C1200&ssl=1&resize=700%2C400 2x, https:\/\/i0.wp.com\/cecilecparis.com\/wp-content\/uploads\/2023\/09\/Collier_Chaine_Petit_01.jpg?fit=1200%2C1200&ssl=1&resize=1050%2C600 3x"},"classes":[]}],"_links":{"self":[{"href":"https:\/\/cecilecparis.com\/en\/wp-json\/wp\/v2\/product\/7993","targetHints":{"allow":["GET"]}}],"collection":[{"href":"https:\/\/cecilecparis.com\/en\/wp-json\/wp\/v2\/product"}],"about":[{"href":"https:\/\/cecilecparis.com\/en\/wp-json\/wp\/v2\/types\/product"}],"version-history":[{"count":3,"href":"https:\/\/cecilecparis.com\/en\/wp-json\/wp\/v2\/product\/7993\/revisions"}],"predecessor-version":[{"id":8200,"href":"https:\/\/cecilecparis.com\/en\/wp-json\/wp\/v2\/product\/7993\/revisions\/8200"}],"wp:featuredmedia":[{"embeddable":true,"href":"https:\/\/cecilecparis.com\/en\/wp-json\/wp\/v2\/media\/7997"}],"wp:attachment":[{"href":"https:\/\/cecilecparis.com\/en\/wp-json\/wp\/v2\/media?parent=7993"}],"wp:term":[{"taxonomy":"product_cat","embeddable":true,"href":"https:\/\/cecilecparis.com\/en\/wp-json\/wp\/v2\/product_cat?post=7993"},{"taxonomy":"product_tag","embeddable":true,"href":"https:\/\/cecilecparis.com\/en\/wp-json\/wp\/v2\/product_tag?post=7993"}],"curies":[{"name":"wp","href":"https:\/\/api.w.org\/{rel}","templated":true}]}}