{"id":7987,"date":"2024-05-17T18:16:12","date_gmt":"2024-05-17T16:16:12","guid":{"rendered":"https:\/\/cecilecparis.com\/?post_type=product&#038;p=7987"},"modified":"2024-05-23T13:48:48","modified_gmt":"2024-05-23T11:48:48","slug":"collier-palladium-3-rangs-perles","status":"publish","type":"product","link":"https:\/\/cecilecparis.com\/en\/boutique\/collier-palladium-3-rangs-perles\/","title":{"rendered":"Collier Palladium, 3 rangs Perles"},"content":{"rendered":"","protected":false},"excerpt":{"rendered":"<p class=\"p1\">Collier court mont\u00e9 sur chaine palladium et perles nacr\u00e9es, enfilage n\u0153uds sur fil de soie, fermoir aimant\u00e9 \u00e9tain recouvert de palladium, avec miroirs facett\u00e9s et porcelaine.<\/p>\n<p><span style=\"color: #aa8b47; font-size: small;\">*The jewellery of Cecile C Paris is produced in small quantities.<br \/>\nIf the stock of your favourite reference sells out, we can restart production with a delivery time of between 2 and 6 weeks.<\/span><\/p>","protected":false},"featured_media":7990,"template":"","meta":{"om_disable_all_campaigns":false,"_monsterinsights_skip_tracking":false,"_monsterinsights_sitenote_active":false,"_monsterinsights_sitenote_note":"","_monsterinsights_sitenote_category":0,"_themeisle_gutenberg_block_has_review":false},"product_cat":[24],"product_tag":[318,96,124,319],"class_list":["post-7987","product","type-product","status-publish","has-post-thumbnail","hentry","product_cat-colliers","product_tag-christiane","product_tag-collier","product_tag-collier-court","product_tag-collier-palladium","product_shipping_class-colissimo-500g","pa_couleur-argent","pa_theme-christiane","pa_theme-christiane-en-palladium"],"aioseo_notices":[],"jetpack_sharing_enabled":true,"jetpack-related-posts":[{"id":8000,"url":"https:\/\/cecilecparis.com\/en\/boutique\/collier-chaine-palladium-porcelaine\/","url_meta":{"origin":7987,"position":0},"title":"Collier Chaine Palladium, Porcelaine","author":"Cecile","date":"17 May 2024","format":false,"excerpt":"Collier chaine en palladium avec motif porcelaine et perle nacr\u00e9e. *Les bijoux de Cecile C Paris sont fabriqu\u00e9s en petites s\u00e9ries. Si le stock de votre r\u00e9f\u00e9rence pr\u00e9f\u00e9r\u00e9e se termine, nous pourrons relancer la fabrication avec un d\u00e9lai de livraison entre 2 et 6 semaines.","rel":"","context":"Similar post","block_context":{"text":"Similar post","link":""},"img":{"alt_text":"","src":"https:\/\/i0.wp.com\/cecilecparis.com\/wp-content\/uploads\/2024\/05\/yay21.jpg?fit=1200%2C800&ssl=1&resize=350%2C200","width":350,"height":200,"srcset":"https:\/\/i0.wp.com\/cecilecparis.com\/wp-content\/uploads\/2024\/05\/yay21.jpg?fit=1200%2C800&ssl=1&resize=350%2C200 1x, https:\/\/i0.wp.com\/cecilecparis.com\/wp-content\/uploads\/2024\/05\/yay21.jpg?fit=1200%2C800&ssl=1&resize=525%2C300 1.5x, https:\/\/i0.wp.com\/cecilecparis.com\/wp-content\/uploads\/2024\/05\/yay21.jpg?fit=1200%2C800&ssl=1&resize=700%2C400 2x, https:\/\/i0.wp.com\/cecilecparis.com\/wp-content\/uploads\/2024\/05\/yay21.jpg?fit=1200%2C800&ssl=1&resize=1050%2C600 3x"},"classes":[]},{"id":7953,"url":"https:\/\/cecilecparis.com\/en\/boutique\/sautoir-palladium-bijoux-de-cheveux\/","url_meta":{"origin":7987,"position":1},"title":"Sautoir Palladium, bijoux de cheveux","author":"Cecile","date":"17 May 2024","format":false,"excerpt":"Collier de perles nacr\u00e9es, enfilage sur fil de soie. Fermoir ovale aimant\u00e9, avec porcelaine 2 motifs miroirs facett\u00e9s. Sertis \u00e9tain recouverts de palladium. Peut se porter dans tous les sens, et dans les cheveux ! *Les bijoux de Cecile C Paris sont fabriqu\u00e9s en petites s\u00e9ries. Si le stock de\u2026","rel":"","context":"Similar post","block_context":{"text":"Similar post","link":""},"img":{"alt_text":"","src":"https:\/\/i0.wp.com\/cecilecparis.com\/wp-content\/uploads\/2024\/05\/cecile-c01-e1715860440384.jpg?fit=1200%2C1200&ssl=1&resize=350%2C200","width":350,"height":200,"srcset":"https:\/\/i0.wp.com\/cecilecparis.com\/wp-content\/uploads\/2024\/05\/cecile-c01-e1715860440384.jpg?fit=1200%2C1200&ssl=1&resize=350%2C200 1x, https:\/\/i0.wp.com\/cecilecparis.com\/wp-content\/uploads\/2024\/05\/cecile-c01-e1715860440384.jpg?fit=1200%2C1200&ssl=1&resize=525%2C300 1.5x, https:\/\/i0.wp.com\/cecilecparis.com\/wp-content\/uploads\/2024\/05\/cecile-c01-e1715860440384.jpg?fit=1200%2C1200&ssl=1&resize=700%2C400 2x, https:\/\/i0.wp.com\/cecilecparis.com\/wp-content\/uploads\/2024\/05\/cecile-c01-e1715860440384.jpg?fit=1200%2C1200&ssl=1&resize=1050%2C600 3x"},"classes":[]},{"id":8040,"url":"https:\/\/cecilecparis.com\/en\/boutique\/bracelet-1-rang-perles-palladium\/","url_meta":{"origin":7987,"position":2},"title":"Bracelet Palladium, 1 rang perles","author":"Cecile","date":"17 May 2024","format":false,"excerpt":"Bracelet de perles nacr\u00e9es, enfilage sur fil de soie. Fermoir aimant\u00e9 \u00e9tain recouvert de palladium, avec miroirs facett\u00e9s et porcelaine. *Les bijoux de Cecile C Paris sont fabriqu\u00e9s en petites s\u00e9ries. Si le stock de votre r\u00e9f\u00e9rence pr\u00e9f\u00e9r\u00e9e se termine, nous pourrons relancer la fabrication avec un d\u00e9lai de livraison\u2026","rel":"","context":"Similar post","block_context":{"text":"Similar post","link":""},"img":{"alt_text":"","src":"https:\/\/i0.wp.com\/cecilecparis.com\/wp-content\/uploads\/2024\/05\/cecile-c11.jpg?fit=1200%2C1200&ssl=1&resize=350%2C200","width":350,"height":200,"srcset":"https:\/\/i0.wp.com\/cecilecparis.com\/wp-content\/uploads\/2024\/05\/cecile-c11.jpg?fit=1200%2C1200&ssl=1&resize=350%2C200 1x, https:\/\/i0.wp.com\/cecilecparis.com\/wp-content\/uploads\/2024\/05\/cecile-c11.jpg?fit=1200%2C1200&ssl=1&resize=525%2C300 1.5x, https:\/\/i0.wp.com\/cecilecparis.com\/wp-content\/uploads\/2024\/05\/cecile-c11.jpg?fit=1200%2C1200&ssl=1&resize=700%2C400 2x, https:\/\/i0.wp.com\/cecilecparis.com\/wp-content\/uploads\/2024\/05\/cecile-c11.jpg?fit=1200%2C1200&ssl=1&resize=1050%2C600 3x"},"classes":[]},{"id":8134,"url":"https:\/\/cecilecparis.com\/en\/boutique\/boucles-doreilles-clips-miroir-et-perles-palladium\/","url_meta":{"origin":7987,"position":3},"title":"Boucles D&#8217;oreilles Palladium, Clips Miroir et Perles","author":"Cecile","date":"17 May 2024","format":false,"excerpt":"Boucles D'oreilles Clips Miroirs facett\u00e9s dans des sertis \u00e9tain recouverts de Palladium. Perles nacr\u00e9es. *Les bijoux de Cecile C Paris sont fabriqu\u00e9s en petites s\u00e9ries. Si le stock de votre r\u00e9f\u00e9rence pr\u00e9f\u00e9r\u00e9e se termine, nous pourrons relancer la fabrication avec un d\u00e9lai de livraison entre 2 et 6 semaines.","rel":"","context":"Similar post","block_context":{"text":"Similar post","link":""},"img":{"alt_text":"","src":"https:\/\/i0.wp.com\/cecilecparis.com\/wp-content\/uploads\/2024\/05\/yay29-1.jpg?fit=1200%2C1200&ssl=1&resize=350%2C200","width":350,"height":200,"srcset":"https:\/\/i0.wp.com\/cecilecparis.com\/wp-content\/uploads\/2024\/05\/yay29-1.jpg?fit=1200%2C1200&ssl=1&resize=350%2C200 1x, https:\/\/i0.wp.com\/cecilecparis.com\/wp-content\/uploads\/2024\/05\/yay29-1.jpg?fit=1200%2C1200&ssl=1&resize=525%2C300 1.5x, https:\/\/i0.wp.com\/cecilecparis.com\/wp-content\/uploads\/2024\/05\/yay29-1.jpg?fit=1200%2C1200&ssl=1&resize=700%2C400 2x, https:\/\/i0.wp.com\/cecilecparis.com\/wp-content\/uploads\/2024\/05\/yay29-1.jpg?fit=1200%2C1200&ssl=1&resize=1050%2C600 3x"},"classes":[]},{"id":8057,"url":"https:\/\/cecilecparis.com\/en\/boutique\/bracelet-3-rangs-perles-en-palladium\/","url_meta":{"origin":7987,"position":4},"title":"Bracelet Palladium, 3 rangs perles","author":"Cecile","date":"17 May 2024","format":false,"excerpt":"Bracelet de perles nacr\u00e9es, et chaine fantaisie, enfilage sur fil de soie. Fermoir aimant\u00e9 \u00e9tain recouvert de palladium, avec miroirs facett\u00e9s et porcelaine. *Les bijoux de Cecile C Paris sont fabriqu\u00e9s en petites s\u00e9ries. Si le stock de votre r\u00e9f\u00e9rence pr\u00e9f\u00e9r\u00e9e se termine, nous pourrons relancer la fabrication avec un\u2026","rel":"","context":"Similar post","block_context":{"text":"Similar post","link":""},"img":{"alt_text":"","src":"https:\/\/i0.wp.com\/cecilecparis.com\/wp-content\/uploads\/2024\/05\/cecile-c08.jpg?fit=1200%2C1200&ssl=1&resize=350%2C200","width":350,"height":200,"srcset":"https:\/\/i0.wp.com\/cecilecparis.com\/wp-content\/uploads\/2024\/05\/cecile-c08.jpg?fit=1200%2C1200&ssl=1&resize=350%2C200 1x, https:\/\/i0.wp.com\/cecilecparis.com\/wp-content\/uploads\/2024\/05\/cecile-c08.jpg?fit=1200%2C1200&ssl=1&resize=525%2C300 1.5x, https:\/\/i0.wp.com\/cecilecparis.com\/wp-content\/uploads\/2024\/05\/cecile-c08.jpg?fit=1200%2C1200&ssl=1&resize=700%2C400 2x, https:\/\/i0.wp.com\/cecilecparis.com\/wp-content\/uploads\/2024\/05\/cecile-c08.jpg?fit=1200%2C1200&ssl=1&resize=1050%2C600 3x"},"classes":[]},{"id":6572,"url":"https:\/\/cecilecparis.com\/en\/boutique\/collier-perles\/","url_meta":{"origin":7987,"position":5},"title":"Collier perles","author":"NakazakiTomiko","date":"26 September 2023","format":false,"excerpt":"RDC, enfilage n\u0153uds de perles de verre nacr\u00e9es en France, finitions palladium et ruth\u00e9nium *Les bijoux de Cecile C Paris sont fabriqu\u00e9s en petites s\u00e9ries. Si le stock de votre r\u00e9f\u00e9rence pr\u00e9f\u00e9r\u00e9e se termine, nous pourrons relancer la fabrication avec un d\u00e9lai de livraison entre 2 et 6 semaines.","rel":"","context":"Similar post","block_context":{"text":"Similar post","link":""},"img":{"alt_text":"Collier perles","src":"https:\/\/i0.wp.com\/cecilecparis.com\/wp-content\/uploads\/2023\/09\/collier_perles_01.jpg?fit=1200%2C1200&ssl=1&resize=350%2C200","width":350,"height":200,"srcset":"https:\/\/i0.wp.com\/cecilecparis.com\/wp-content\/uploads\/2023\/09\/collier_perles_01.jpg?fit=1200%2C1200&ssl=1&resize=350%2C200 1x, https:\/\/i0.wp.com\/cecilecparis.com\/wp-content\/uploads\/2023\/09\/collier_perles_01.jpg?fit=1200%2C1200&ssl=1&resize=525%2C300 1.5x, https:\/\/i0.wp.com\/cecilecparis.com\/wp-content\/uploads\/2023\/09\/collier_perles_01.jpg?fit=1200%2C1200&ssl=1&resize=700%2C400 2x, https:\/\/i0.wp.com\/cecilecparis.com\/wp-content\/uploads\/2023\/09\/collier_perles_01.jpg?fit=1200%2C1200&ssl=1&resize=1050%2C600 3x"},"classes":[]}],"_links":{"self":[{"href":"https:\/\/cecilecparis.com\/en\/wp-json\/wp\/v2\/product\/7987","targetHints":{"allow":["GET"]}}],"collection":[{"href":"https:\/\/cecilecparis.com\/en\/wp-json\/wp\/v2\/product"}],"about":[{"href":"https:\/\/cecilecparis.com\/en\/wp-json\/wp\/v2\/types\/product"}],"version-history":[{"count":2,"href":"https:\/\/cecilecparis.com\/en\/wp-json\/wp\/v2\/product\/7987\/revisions"}],"predecessor-version":[{"id":8199,"href":"https:\/\/cecilecparis.com\/en\/wp-json\/wp\/v2\/product\/7987\/revisions\/8199"}],"wp:featuredmedia":[{"embeddable":true,"href":"https:\/\/cecilecparis.com\/en\/wp-json\/wp\/v2\/media\/7990"}],"wp:attachment":[{"href":"https:\/\/cecilecparis.com\/en\/wp-json\/wp\/v2\/media?parent=7987"}],"wp:term":[{"taxonomy":"product_cat","embeddable":true,"href":"https:\/\/cecilecparis.com\/en\/wp-json\/wp\/v2\/product_cat?post=7987"},{"taxonomy":"product_tag","embeddable":true,"href":"https:\/\/cecilecparis.com\/en\/wp-json\/wp\/v2\/product_tag?post=7987"}],"curies":[{"name":"wp","href":"https:\/\/api.w.org\/{rel}","templated":true}]}}