{"id":7980,"date":"2024-05-17T18:16:17","date_gmt":"2024-05-17T16:16:17","guid":{"rendered":"https:\/\/cecilecparis.com\/?post_type=product&#038;p=7980"},"modified":"2024-05-23T13:48:00","modified_gmt":"2024-05-23T11:48:00","slug":"collier-or-3-rangs-perles","status":"publish","type":"product","link":"https:\/\/cecilecparis.com\/en\/boutique\/collier-or-3-rangs-perles\/","title":{"rendered":"Collier Or, 3 rangs Perles"},"content":{"rendered":"","protected":false},"excerpt":{"rendered":"<p class=\"p1\">Collier court mont\u00e9 sur chaine dor\u00e9e et perles nacr\u00e9es, enfilage n\u0153uds sur fil de soie, fermoir aimant\u00e9 \u00e9tain dor\u00e9 \u00e0 l&#8217;or 24 Kt, avec miroirs facett\u00e9s et porcelaine.<\/p>\n<p><span style=\"color: #aa8b47; font-size: small;\">*The jewellery of Cecile C Paris is produced in small quantities.<br \/>\nIf the stock of your favourite reference sells out, we can restart production with a delivery time of between 2 and 6 weeks.<\/span><\/p>","protected":false},"featured_media":7981,"template":"","meta":{"om_disable_all_campaigns":false,"_monsterinsights_skip_tracking":false,"_monsterinsights_sitenote_active":false,"_monsterinsights_sitenote_note":"","_monsterinsights_sitenote_category":0,"_themeisle_gutenberg_block_has_review":false},"product_cat":[24],"product_tag":[318,96,124,102],"class_list":["post-7980","product","type-product","status-publish","has-post-thumbnail","hentry","product_cat-colliers","product_tag-christiane","product_tag-collier","product_tag-collier-court","product_tag-collier-dore","product_shipping_class-colissimo-500g","pa_couleur-dore","pa_theme-christiane","pa_theme-christiane-en-or"],"aioseo_notices":[],"jetpack_sharing_enabled":true,"jetpack-related-posts":[{"id":8338,"url":"https:\/\/cecilecparis.com\/en\/boutique\/collier-chaine-avec-noeud-or\/","url_meta":{"origin":7980,"position":0},"title":"Collier cha\u00eene avec noeud, or","author":"Cecile","date":"17 December 2025","format":false,"excerpt":"Collier cha\u00eene avec pendentif amovible en m\u00e9tal dor\u00e9 1 micron 24 carat, montage de perles de culture sur fil de soie. Peut se porter aussi avec le m\u00e9daillon du th\u00e8me Lydia amovible disponible \u00e0 la vente s\u00e9par\u00e9ment en 4 d\u00e9clinaisons. *Les bijoux de Cecile C Paris sont fabriqu\u00e9s en petites\u2026","rel":"","context":"Similar post","block_context":{"text":"Similar post","link":""},"img":{"alt_text":"","src":"https:\/\/i0.wp.com\/cecilecparis.com\/wp-content\/uploads\/2025\/12\/40.jpg?fit=945%2C945&ssl=1&resize=350%2C200","width":350,"height":200,"srcset":"https:\/\/i0.wp.com\/cecilecparis.com\/wp-content\/uploads\/2025\/12\/40.jpg?fit=945%2C945&ssl=1&resize=350%2C200 1x, https:\/\/i0.wp.com\/cecilecparis.com\/wp-content\/uploads\/2025\/12\/40.jpg?fit=945%2C945&ssl=1&resize=525%2C300 1.5x, https:\/\/i0.wp.com\/cecilecparis.com\/wp-content\/uploads\/2025\/12\/40.jpg?fit=945%2C945&ssl=1&resize=700%2C400 2x"},"classes":[]},{"id":6629,"url":"https:\/\/cecilecparis.com\/en\/boutique\/collier-jacotte\/","url_meta":{"origin":7980,"position":1},"title":"Collier","author":"NakazakiTomiko","date":"26 September 2023","format":false,"excerpt":"Motifs en laiton Or rose et palladium Enfilage n\u0153uds de perles de verre nacr\u00e9es sur fil de soie, et cha\u00eene torsade laiton plaqu\u00e9e or rose *Les bijoux de Cecile C Paris sont fabriqu\u00e9s en petites s\u00e9ries. Si le stock de votre r\u00e9f\u00e9rence pr\u00e9f\u00e9r\u00e9e se termine, nous pourrons relancer la fabrication\u2026","rel":"","context":"Similar post","block_context":{"text":"Similar post","link":""},"img":{"alt_text":"Collier","src":"https:\/\/i0.wp.com\/cecilecparis.com\/wp-content\/uploads\/2023\/09\/Collier_01.jpg?fit=1200%2C1200&ssl=1&resize=350%2C200","width":350,"height":200,"srcset":"https:\/\/i0.wp.com\/cecilecparis.com\/wp-content\/uploads\/2023\/09\/Collier_01.jpg?fit=1200%2C1200&ssl=1&resize=350%2C200 1x, https:\/\/i0.wp.com\/cecilecparis.com\/wp-content\/uploads\/2023\/09\/Collier_01.jpg?fit=1200%2C1200&ssl=1&resize=525%2C300 1.5x, https:\/\/i0.wp.com\/cecilecparis.com\/wp-content\/uploads\/2023\/09\/Collier_01.jpg?fit=1200%2C1200&ssl=1&resize=700%2C400 2x, https:\/\/i0.wp.com\/cecilecparis.com\/wp-content\/uploads\/2023\/09\/Collier_01.jpg?fit=1200%2C1200&ssl=1&resize=1050%2C600 3x"},"classes":[]},{"id":6692,"url":"https:\/\/cecilecparis.com\/en\/boutique\/collier-cravatte-noir\/","url_meta":{"origin":7980,"position":2},"title":"Collier Cravatte Noir","author":"NakazakiTomiko","date":"26 September 2023","format":false,"excerpt":"Motifs en laiton Or 24 carat, Or p\u00e2le et Or jaune, Enfilage n\u0153uds de perles de verre nacr\u00e9es sur fil de soie Cha\u00eene laiton plaqu\u00e9e or Fleur sertie en \u00e9tain laqu\u00e9e Noir Soft, cabochon en pate de verre ivoire La barrette fleur peut se porter seule dans les cheveux *Les\u2026","rel":"","context":"Similar post","block_context":{"text":"Similar post","link":""},"img":{"alt_text":"Collier Cravatte Noir","src":"https:\/\/i0.wp.com\/cecilecparis.com\/wp-content\/uploads\/2023\/09\/collier_cravatte_noire_01.jpg?fit=1200%2C1200&ssl=1&resize=350%2C200","width":350,"height":200,"srcset":"https:\/\/i0.wp.com\/cecilecparis.com\/wp-content\/uploads\/2023\/09\/collier_cravatte_noire_01.jpg?fit=1200%2C1200&ssl=1&resize=350%2C200 1x, https:\/\/i0.wp.com\/cecilecparis.com\/wp-content\/uploads\/2023\/09\/collier_cravatte_noire_01.jpg?fit=1200%2C1200&ssl=1&resize=525%2C300 1.5x, https:\/\/i0.wp.com\/cecilecparis.com\/wp-content\/uploads\/2023\/09\/collier_cravatte_noire_01.jpg?fit=1200%2C1200&ssl=1&resize=700%2C400 2x, https:\/\/i0.wp.com\/cecilecparis.com\/wp-content\/uploads\/2023\/09\/collier_cravatte_noire_01.jpg?fit=1200%2C1200&ssl=1&resize=1050%2C600 3x"},"classes":[]},{"id":7993,"url":"https:\/\/cecilecparis.com\/en\/boutique\/collier-chaine-or-porcelaine\/","url_meta":{"origin":7980,"position":3},"title":"Collier Chaine Or, Porcelaine","author":"Cecile","date":"17 May 2024","format":false,"excerpt":"Collier chaine avec motif porcelaine dor\u00e9 \u00e0 l'or 24kt et perle nacr\u00e9e. *Les bijoux de Cecile C Paris sont fabriqu\u00e9s en petites s\u00e9ries. Si le stock de votre r\u00e9f\u00e9rence pr\u00e9f\u00e9r\u00e9e se termine, nous pourrons relancer la fabrication avec un d\u00e9lai de livraison entre 2 et 6 semaines.","rel":"","context":"Similar post","block_context":{"text":"Similar post","link":""},"img":{"alt_text":"","src":"https:\/\/i0.wp.com\/cecilecparis.com\/wp-content\/uploads\/2024\/05\/yay18.jpg?fit=1200%2C912&ssl=1&resize=350%2C200","width":350,"height":200,"srcset":"https:\/\/i0.wp.com\/cecilecparis.com\/wp-content\/uploads\/2024\/05\/yay18.jpg?fit=1200%2C912&ssl=1&resize=350%2C200 1x, https:\/\/i0.wp.com\/cecilecparis.com\/wp-content\/uploads\/2024\/05\/yay18.jpg?fit=1200%2C912&ssl=1&resize=525%2C300 1.5x, https:\/\/i0.wp.com\/cecilecparis.com\/wp-content\/uploads\/2024\/05\/yay18.jpg?fit=1200%2C912&ssl=1&resize=700%2C400 2x, https:\/\/i0.wp.com\/cecilecparis.com\/wp-content\/uploads\/2024\/05\/yay18.jpg?fit=1200%2C912&ssl=1&resize=1050%2C600 3x"},"classes":[]},{"id":6686,"url":"https:\/\/cecilecparis.com\/en\/boutique\/collier-cravatte-ivoire\/","url_meta":{"origin":7980,"position":4},"title":"Collier Cravatte Ivoire","author":"NakazakiTomiko","date":"26 September 2023","format":false,"excerpt":"Motifs en laiton Or 24 carat, Or p\u00e2le et Or jaune, Enfilage n\u0153uds de perles de verre nacr\u00e9es sur fil de soie Cha\u00eene laiton plaqu\u00e9e or Fleur sertie en \u00e9tain laqu\u00e9e Ivoire Soft, cabochon en pate de verre beige marron La barrette fleur peut se porter seule dans les cheveux\u2026","rel":"","context":"Similar post","block_context":{"text":"Similar post","link":""},"img":{"alt_text":"Collier Cravatte Ivoire","src":"https:\/\/i0.wp.com\/cecilecparis.com\/wp-content\/uploads\/2023\/09\/collier_cravatte_ivoire_01.jpg?fit=1200%2C1200&ssl=1&resize=350%2C200","width":350,"height":200,"srcset":"https:\/\/i0.wp.com\/cecilecparis.com\/wp-content\/uploads\/2023\/09\/collier_cravatte_ivoire_01.jpg?fit=1200%2C1200&ssl=1&resize=350%2C200 1x, https:\/\/i0.wp.com\/cecilecparis.com\/wp-content\/uploads\/2023\/09\/collier_cravatte_ivoire_01.jpg?fit=1200%2C1200&ssl=1&resize=525%2C300 1.5x, https:\/\/i0.wp.com\/cecilecparis.com\/wp-content\/uploads\/2023\/09\/collier_cravatte_ivoire_01.jpg?fit=1200%2C1200&ssl=1&resize=700%2C400 2x, https:\/\/i0.wp.com\/cecilecparis.com\/wp-content\/uploads\/2023\/09\/collier_cravatte_ivoire_01.jpg?fit=1200%2C1200&ssl=1&resize=1050%2C600 3x"},"classes":[]},{"id":6638,"url":"https:\/\/cecilecparis.com\/en\/boutique\/collier-chaine-jacotte\/","url_meta":{"origin":7980,"position":5},"title":"Collier Cha\u00eene","author":"NakazakiTomiko","date":"26 September 2023","format":false,"excerpt":"Motif en Etain Or rose et Palladium, perles de verre nacr\u00e9es, mont\u00e9 sur cha\u00eene torsade laiton plaqu\u00e9e or rose *Les bijoux de Cecile C Paris sont fabriqu\u00e9s en petites s\u00e9ries. Si le stock de votre r\u00e9f\u00e9rence pr\u00e9f\u00e9r\u00e9e se termine, nous pourrons relancer la fabrication avec un d\u00e9lai de livraison entre\u2026","rel":"","context":"Similar post","block_context":{"text":"Similar post","link":""},"img":{"alt_text":"Collier cha\u00eene","src":"https:\/\/i0.wp.com\/cecilecparis.com\/wp-content\/uploads\/2023\/09\/Collier_Chaine_01-1.jpg?fit=1200%2C1200&ssl=1&resize=350%2C200","width":350,"height":200,"srcset":"https:\/\/i0.wp.com\/cecilecparis.com\/wp-content\/uploads\/2023\/09\/Collier_Chaine_01-1.jpg?fit=1200%2C1200&ssl=1&resize=350%2C200 1x, https:\/\/i0.wp.com\/cecilecparis.com\/wp-content\/uploads\/2023\/09\/Collier_Chaine_01-1.jpg?fit=1200%2C1200&ssl=1&resize=525%2C300 1.5x, https:\/\/i0.wp.com\/cecilecparis.com\/wp-content\/uploads\/2023\/09\/Collier_Chaine_01-1.jpg?fit=1200%2C1200&ssl=1&resize=700%2C400 2x, https:\/\/i0.wp.com\/cecilecparis.com\/wp-content\/uploads\/2023\/09\/Collier_Chaine_01-1.jpg?fit=1200%2C1200&ssl=1&resize=1050%2C600 3x"},"classes":[]}],"_links":{"self":[{"href":"https:\/\/cecilecparis.com\/en\/wp-json\/wp\/v2\/product\/7980","targetHints":{"allow":["GET"]}}],"collection":[{"href":"https:\/\/cecilecparis.com\/en\/wp-json\/wp\/v2\/product"}],"about":[{"href":"https:\/\/cecilecparis.com\/en\/wp-json\/wp\/v2\/types\/product"}],"version-history":[{"count":3,"href":"https:\/\/cecilecparis.com\/en\/wp-json\/wp\/v2\/product\/7980\/revisions"}],"predecessor-version":[{"id":8197,"href":"https:\/\/cecilecparis.com\/en\/wp-json\/wp\/v2\/product\/7980\/revisions\/8197"}],"wp:featuredmedia":[{"embeddable":true,"href":"https:\/\/cecilecparis.com\/en\/wp-json\/wp\/v2\/media\/7981"}],"wp:attachment":[{"href":"https:\/\/cecilecparis.com\/en\/wp-json\/wp\/v2\/media?parent=7980"}],"wp:term":[{"taxonomy":"product_cat","embeddable":true,"href":"https:\/\/cecilecparis.com\/en\/wp-json\/wp\/v2\/product_cat?post=7980"},{"taxonomy":"product_tag","embeddable":true,"href":"https:\/\/cecilecparis.com\/en\/wp-json\/wp\/v2\/product_tag?post=7980"}],"curies":[{"name":"wp","href":"https:\/\/api.w.org\/{rel}","templated":true}]}}