{"id":7953,"date":"2024-05-17T18:16:30","date_gmt":"2024-05-17T16:16:30","guid":{"rendered":"https:\/\/cecilecparis.com\/?post_type=product&#038;p=7953"},"modified":"2024-05-23T13:46:59","modified_gmt":"2024-05-23T11:46:59","slug":"sautoir-palladium-bijoux-de-cheveux","status":"publish","type":"product","link":"https:\/\/cecilecparis.com\/en\/boutique\/sautoir-palladium-bijoux-de-cheveux\/","title":{"rendered":"Sautoir Palladium, bijoux de cheveux"},"content":{"rendered":"","protected":false},"excerpt":{"rendered":"<p class=\"p1\">Collier de perles nacr\u00e9es, enfilage sur fil de soie. Fermoir ovale aimant\u00e9, avec porcelaine 2 motifs miroirs facett\u00e9s. Sertis \u00e9tain recouverts de palladium.<\/p>\n<p class=\"p1\">Peut se porter dans tous les sens, et dans les cheveux !<\/p>\n<p><span style=\"color: #aa8b47; font-size: small;\">*The jewellery of Cecile C Paris is produced in small quantities.<br \/>\nIf the stock of your favourite reference sells out, we can restart production with a delivery time of between 2 and 6 weeks.<\/span><\/p>","protected":false},"featured_media":7954,"template":"","meta":{"om_disable_all_campaigns":false,"_monsterinsights_skip_tracking":false,"_monsterinsights_sitenote_active":false,"_monsterinsights_sitenote_note":"","_monsterinsights_sitenote_category":0,"_themeisle_gutenberg_block_has_review":false},"product_cat":[25,24],"product_tag":[296,318,96,319],"class_list":["post-7953","product","type-product","status-publish","has-post-thumbnail","hentry","product_cat-bijoux-de-cheveux","product_cat-colliers","product_tag-bijoux-de-cheveux","product_tag-christiane","product_tag-collier","product_tag-collier-palladium","product_shipping_class-colissimo-500g","pa_couleur-argent","pa_theme-christiane","pa_theme-christiane-en-palladium"],"aioseo_notices":[],"jetpack_sharing_enabled":true,"jetpack-related-posts":[{"id":6610,"url":"https:\/\/cecilecparis.com\/en\/boutique\/peigne-maryline\/","url_meta":{"origin":7953,"position":0},"title":"Peigne","author":"NakazakiTomiko","date":"26 September 2023","format":false,"excerpt":"Motif Etain Ruthenium et Palladium Fix\u00e9 sur un peigne en plastique \u00e9coresponsable Noir *Les bijoux de Cecile C Paris sont fabriqu\u00e9s en petites s\u00e9ries. Si le stock de votre r\u00e9f\u00e9rence pr\u00e9f\u00e9r\u00e9e se termine, nous pourrons relancer la fabrication avec un d\u00e9lai de livraison entre 2 et 6 semaines.","rel":"","context":"Similar post","block_context":{"text":"Similar post","link":""},"img":{"alt_text":"Peigne","src":"https:\/\/i0.wp.com\/cecilecparis.com\/wp-content\/uploads\/2023\/09\/peigne_01.jpg?fit=1200%2C1200&ssl=1&resize=350%2C200","width":350,"height":200,"srcset":"https:\/\/i0.wp.com\/cecilecparis.com\/wp-content\/uploads\/2023\/09\/peigne_01.jpg?fit=1200%2C1200&ssl=1&resize=350%2C200 1x, https:\/\/i0.wp.com\/cecilecparis.com\/wp-content\/uploads\/2023\/09\/peigne_01.jpg?fit=1200%2C1200&ssl=1&resize=525%2C300 1.5x, https:\/\/i0.wp.com\/cecilecparis.com\/wp-content\/uploads\/2023\/09\/peigne_01.jpg?fit=1200%2C1200&ssl=1&resize=700%2C400 2x, https:\/\/i0.wp.com\/cecilecparis.com\/wp-content\/uploads\/2023\/09\/peigne_01.jpg?fit=1200%2C1200&ssl=1&resize=1050%2C600 3x"},"classes":[]},{"id":8071,"url":"https:\/\/cecilecparis.com\/en\/boutique\/broche-en-palladium\/","url_meta":{"origin":7953,"position":1},"title":"Broche Palladium","author":"Cecile","date":"17 May 2024","format":false,"excerpt":"Broche \u00e9tain recouvert de palladium, porcelaine et miroir facett\u00e9. *Les bijoux de Cecile C Paris sont fabriqu\u00e9s en petites s\u00e9ries. Si le stock de votre r\u00e9f\u00e9rence pr\u00e9f\u00e9r\u00e9e se termine, nous pourrons relancer la fabrication avec un d\u00e9lai de livraison entre 2 et 6 semaines.","rel":"","context":"Similar post","block_context":{"text":"Similar post","link":""},"img":{"alt_text":"","src":"https:\/\/i0.wp.com\/cecilecparis.com\/wp-content\/uploads\/2024\/05\/yay09-1.jpg?fit=1007%2C1007&ssl=1&resize=350%2C200","width":350,"height":200,"srcset":"https:\/\/i0.wp.com\/cecilecparis.com\/wp-content\/uploads\/2024\/05\/yay09-1.jpg?fit=1007%2C1007&ssl=1&resize=350%2C200 1x, https:\/\/i0.wp.com\/cecilecparis.com\/wp-content\/uploads\/2024\/05\/yay09-1.jpg?fit=1007%2C1007&ssl=1&resize=525%2C300 1.5x, https:\/\/i0.wp.com\/cecilecparis.com\/wp-content\/uploads\/2024\/05\/yay09-1.jpg?fit=1007%2C1007&ssl=1&resize=700%2C400 2x"},"classes":[]},{"id":8095,"url":"https:\/\/cecilecparis.com\/en\/boutique\/barrette-palladium\/","url_meta":{"origin":7953,"position":2},"title":"Barrette Palladium","author":"Cecile","date":"17 May 2024","format":false,"excerpt":"Porcelaine et miroir facett\u00e9 dans sertis \u00e9tain recouvert de palladium. *Les bijoux de Cecile C Paris sont fabriqu\u00e9s en petites s\u00e9ries. Si le stock de votre r\u00e9f\u00e9rence pr\u00e9f\u00e9r\u00e9e se termine, nous pourrons relancer la fabrication avec un d\u00e9lai de livraison entre 2 et 6 semaines.","rel":"","context":"Similar post","block_context":{"text":"Similar post","link":""},"img":{"alt_text":"","src":"https:\/\/i0.wp.com\/cecilecparis.com\/wp-content\/uploads\/2024\/05\/yay49.jpg?fit=1200%2C1200&ssl=1&resize=350%2C200","width":350,"height":200,"srcset":"https:\/\/i0.wp.com\/cecilecparis.com\/wp-content\/uploads\/2024\/05\/yay49.jpg?fit=1200%2C1200&ssl=1&resize=350%2C200 1x, https:\/\/i0.wp.com\/cecilecparis.com\/wp-content\/uploads\/2024\/05\/yay49.jpg?fit=1200%2C1200&ssl=1&resize=525%2C300 1.5x, https:\/\/i0.wp.com\/cecilecparis.com\/wp-content\/uploads\/2024\/05\/yay49.jpg?fit=1200%2C1200&ssl=1&resize=700%2C400 2x, https:\/\/i0.wp.com\/cecilecparis.com\/wp-content\/uploads\/2024\/05\/yay49.jpg?fit=1200%2C1200&ssl=1&resize=1050%2C600 3x"},"classes":[]},{"id":8013,"url":"https:\/\/cecilecparis.com\/en\/boutique\/collier-chaine-miroir-palladium\/","url_meta":{"origin":7953,"position":3},"title":"Collier Chaine Palladium, Miroir","author":"Cecile","date":"17 May 2024","format":false,"excerpt":"Collier chaine en palladium avec motif miroir facett\u00e9. *Les bijoux de Cecile C Paris sont fabriqu\u00e9s en petites s\u00e9ries. Si le stock de votre r\u00e9f\u00e9rence pr\u00e9f\u00e9r\u00e9e se termine, nous pourrons relancer la fabrication avec un d\u00e9lai de livraison entre 2 et 6 semaines.","rel":"","context":"Similar post","block_context":{"text":"Similar post","link":""},"img":{"alt_text":"","src":"https:\/\/i0.wp.com\/cecilecparis.com\/wp-content\/uploads\/2024\/05\/yay09.jpg?fit=1040%2C1200&ssl=1&resize=350%2C200","width":350,"height":200,"srcset":"https:\/\/i0.wp.com\/cecilecparis.com\/wp-content\/uploads\/2024\/05\/yay09.jpg?fit=1040%2C1200&ssl=1&resize=350%2C200 1x, https:\/\/i0.wp.com\/cecilecparis.com\/wp-content\/uploads\/2024\/05\/yay09.jpg?fit=1040%2C1200&ssl=1&resize=525%2C300 1.5x, https:\/\/i0.wp.com\/cecilecparis.com\/wp-content\/uploads\/2024\/05\/yay09.jpg?fit=1040%2C1200&ssl=1&resize=700%2C400 2x"},"classes":[]},{"id":8083,"url":"https:\/\/cecilecparis.com\/en\/boutique\/clips-chaussures-palladium\/","url_meta":{"origin":7953,"position":4},"title":"Clips Chaussures Palladium","author":"Cecile","date":"17 May 2024","format":false,"excerpt":"Clips chaussures \u00e9tain recouvert de Palladium, porcelaine et miroir facett\u00e9. *Les bijoux de Cecile C Paris sont fabriqu\u00e9s en petites s\u00e9ries. Si le stock de votre r\u00e9f\u00e9rence pr\u00e9f\u00e9r\u00e9e se termine, nous pourrons relancer la fabrication avec un d\u00e9lai de livraison entre 2 et 6 semaines.","rel":"","context":"Similar post","block_context":{"text":"Similar post","link":""},"img":{"alt_text":"","src":"https:\/\/i0.wp.com\/cecilecparis.com\/wp-content\/uploads\/2024\/05\/yay43.jpg?fit=1200%2C1200&ssl=1&resize=350%2C200","width":350,"height":200,"srcset":"https:\/\/i0.wp.com\/cecilecparis.com\/wp-content\/uploads\/2024\/05\/yay43.jpg?fit=1200%2C1200&ssl=1&resize=350%2C200 1x, https:\/\/i0.wp.com\/cecilecparis.com\/wp-content\/uploads\/2024\/05\/yay43.jpg?fit=1200%2C1200&ssl=1&resize=525%2C300 1.5x, https:\/\/i0.wp.com\/cecilecparis.com\/wp-content\/uploads\/2024\/05\/yay43.jpg?fit=1200%2C1200&ssl=1&resize=700%2C400 2x, https:\/\/i0.wp.com\/cecilecparis.com\/wp-content\/uploads\/2024\/05\/yay43.jpg?fit=1200%2C1200&ssl=1&resize=1050%2C600 3x"},"classes":[]},{"id":7927,"url":"https:\/\/cecilecparis.com\/en\/boutique\/sautoir-bijoux-de-cheveux\/","url_meta":{"origin":7953,"position":5},"title":"Sautoir Or, bijoux de cheveux","author":"Cecile","date":"17 May 2024","format":false,"excerpt":"Collier de perles nacr\u00e9es, enfilage sur fil de soie. Fermoir ovale aimant\u00e9, avec porcelaine 2 motifs miroirs facett\u00e9s. Sertis \u00e9tain dor\u00e9 \u00e0 l'or 24Kt. Peut se porter dans tous les sens, et dans les cheveux ! *Les bijoux de Cecile C Paris sont fabriqu\u00e9s en petites s\u00e9ries. Si le stock\u2026","rel":"","context":"Similar post","block_context":{"text":"Similar post","link":""},"img":{"alt_text":"","src":"https:\/\/i0.wp.com\/cecilecparis.com\/wp-content\/uploads\/2024\/05\/cecile-c15.jpg?fit=1200%2C1200&ssl=1&resize=350%2C200","width":350,"height":200,"srcset":"https:\/\/i0.wp.com\/cecilecparis.com\/wp-content\/uploads\/2024\/05\/cecile-c15.jpg?fit=1200%2C1200&ssl=1&resize=350%2C200 1x, https:\/\/i0.wp.com\/cecilecparis.com\/wp-content\/uploads\/2024\/05\/cecile-c15.jpg?fit=1200%2C1200&ssl=1&resize=525%2C300 1.5x, https:\/\/i0.wp.com\/cecilecparis.com\/wp-content\/uploads\/2024\/05\/cecile-c15.jpg?fit=1200%2C1200&ssl=1&resize=700%2C400 2x, https:\/\/i0.wp.com\/cecilecparis.com\/wp-content\/uploads\/2024\/05\/cecile-c15.jpg?fit=1200%2C1200&ssl=1&resize=1050%2C600 3x"},"classes":[]}],"_links":{"self":[{"href":"https:\/\/cecilecparis.com\/en\/wp-json\/wp\/v2\/product\/7953","targetHints":{"allow":["GET"]}}],"collection":[{"href":"https:\/\/cecilecparis.com\/en\/wp-json\/wp\/v2\/product"}],"about":[{"href":"https:\/\/cecilecparis.com\/en\/wp-json\/wp\/v2\/types\/product"}],"version-history":[{"count":3,"href":"https:\/\/cecilecparis.com\/en\/wp-json\/wp\/v2\/product\/7953\/revisions"}],"predecessor-version":[{"id":8195,"href":"https:\/\/cecilecparis.com\/en\/wp-json\/wp\/v2\/product\/7953\/revisions\/8195"}],"wp:featuredmedia":[{"embeddable":true,"href":"https:\/\/cecilecparis.com\/en\/wp-json\/wp\/v2\/media\/7954"}],"wp:attachment":[{"href":"https:\/\/cecilecparis.com\/en\/wp-json\/wp\/v2\/media?parent=7953"}],"wp:term":[{"taxonomy":"product_cat","embeddable":true,"href":"https:\/\/cecilecparis.com\/en\/wp-json\/wp\/v2\/product_cat?post=7953"},{"taxonomy":"product_tag","embeddable":true,"href":"https:\/\/cecilecparis.com\/en\/wp-json\/wp\/v2\/product_tag?post=7953"}],"curies":[{"name":"wp","href":"https:\/\/api.w.org\/{rel}","templated":true}]}}