{"id":7927,"date":"2024-05-17T18:16:35","date_gmt":"2024-05-17T16:16:35","guid":{"rendered":"https:\/\/cecilecparis.com\/?post_type=product&#038;p=7927"},"modified":"2024-05-23T13:46:42","modified_gmt":"2024-05-23T11:46:42","slug":"sautoir-bijoux-de-cheveux","status":"publish","type":"product","link":"https:\/\/cecilecparis.com\/en\/boutique\/sautoir-bijoux-de-cheveux\/","title":{"rendered":"Sautoir Or, bijoux de cheveux"},"content":{"rendered":"","protected":false},"excerpt":{"rendered":"<p class=\"p1\">Collier de perles nacr\u00e9es, enfilage sur fil de soie. Fermoir ovale aimant\u00e9, avec porcelaine 2 motifs miroirs facett\u00e9s. Sertis \u00e9tain dor\u00e9 \u00e0 l&#8217;or 24Kt.<\/p>\n<p class=\"p1\">Peut se porter dans tous les sens, et dans les cheveux !<\/p>\n<p><span style=\"color: #aa8b47; font-size: small;\">*The jewellery of Cecile C Paris is produced in small quantities.<br \/>\nIf the stock of your favourite reference sells out, we can restart production with a delivery time of between 2 and 6 weeks.<\/span><\/p>","protected":false},"featured_media":7937,"template":"","meta":{"om_disable_all_campaigns":false,"_monsterinsights_skip_tracking":false,"_monsterinsights_sitenote_active":false,"_monsterinsights_sitenote_note":"","_monsterinsights_sitenote_category":0,"_themeisle_gutenberg_block_has_review":false},"product_cat":[25,24],"product_tag":[296,318,96,102],"class_list":["post-7927","product","type-product","status-publish","has-post-thumbnail","hentry","product_cat-bijoux-de-cheveux","product_cat-colliers","product_tag-bijoux-de-cheveux","product_tag-christiane","product_tag-collier","product_tag-collier-dore","product_shipping_class-colissimo-500g","pa_couleur-dore","pa_theme-christiane","pa_theme-christiane-en-or"],"aioseo_notices":[],"jetpack_sharing_enabled":true,"jetpack-related-posts":[{"id":7953,"url":"https:\/\/cecilecparis.com\/en\/boutique\/sautoir-palladium-bijoux-de-cheveux\/","url_meta":{"origin":7927,"position":0},"title":"Sautoir Palladium, bijoux de cheveux","author":"Cecile","date":"17 May 2024","format":false,"excerpt":"Collier de perles nacr\u00e9es, enfilage sur fil de soie. Fermoir ovale aimant\u00e9, avec porcelaine 2 motifs miroirs facett\u00e9s. Sertis \u00e9tain recouverts de palladium. Peut se porter dans tous les sens, et dans les cheveux ! *Les bijoux de Cecile C Paris sont fabriqu\u00e9s en petites s\u00e9ries. Si le stock de\u2026","rel":"","context":"Similar post","block_context":{"text":"Similar post","link":""},"img":{"alt_text":"","src":"https:\/\/i0.wp.com\/cecilecparis.com\/wp-content\/uploads\/2024\/05\/cecile-c01-e1715860440384.jpg?fit=1200%2C1200&ssl=1&resize=350%2C200","width":350,"height":200,"srcset":"https:\/\/i0.wp.com\/cecilecparis.com\/wp-content\/uploads\/2024\/05\/cecile-c01-e1715860440384.jpg?fit=1200%2C1200&ssl=1&resize=350%2C200 1x, https:\/\/i0.wp.com\/cecilecparis.com\/wp-content\/uploads\/2024\/05\/cecile-c01-e1715860440384.jpg?fit=1200%2C1200&ssl=1&resize=525%2C300 1.5x, https:\/\/i0.wp.com\/cecilecparis.com\/wp-content\/uploads\/2024\/05\/cecile-c01-e1715860440384.jpg?fit=1200%2C1200&ssl=1&resize=700%2C400 2x, https:\/\/i0.wp.com\/cecilecparis.com\/wp-content\/uploads\/2024\/05\/cecile-c01-e1715860440384.jpg?fit=1200%2C1200&ssl=1&resize=1050%2C600 3x"},"classes":[]},{"id":6812,"url":"https:\/\/cecilecparis.com\/en\/boutique\/barrette_ivoire\/","url_meta":{"origin":7927,"position":1},"title":"Barrette Ivoire","author":"NakazakiTomiko","date":"26 September 2023","format":false,"excerpt":"Motif en Laiton or jaune 24 carat Fleur sertie en \u00e9tain laqu\u00e9e Ivoire Soft Cabochon en p\u00e2te de verre Beige Marron *Les bijoux de Cecile C Paris sont fabriqu\u00e9s en petites s\u00e9ries. Si le stock de votre r\u00e9f\u00e9rence pr\u00e9f\u00e9r\u00e9e se termine, nous pourrons relancer la fabrication avec un d\u00e9lai de\u2026","rel":"","context":"Similar post","block_context":{"text":"Similar post","link":""},"img":{"alt_text":"Barrette Ivoire","src":"https:\/\/i0.wp.com\/cecilecparis.com\/wp-content\/uploads\/2023\/09\/barrette_ivoire_01.jpg?fit=1200%2C1200&ssl=1&resize=350%2C200","width":350,"height":200,"srcset":"https:\/\/i0.wp.com\/cecilecparis.com\/wp-content\/uploads\/2023\/09\/barrette_ivoire_01.jpg?fit=1200%2C1200&ssl=1&resize=350%2C200 1x, https:\/\/i0.wp.com\/cecilecparis.com\/wp-content\/uploads\/2023\/09\/barrette_ivoire_01.jpg?fit=1200%2C1200&ssl=1&resize=525%2C300 1.5x, https:\/\/i0.wp.com\/cecilecparis.com\/wp-content\/uploads\/2023\/09\/barrette_ivoire_01.jpg?fit=1200%2C1200&ssl=1&resize=700%2C400 2x, https:\/\/i0.wp.com\/cecilecparis.com\/wp-content\/uploads\/2023\/09\/barrette_ivoire_01.jpg?fit=1200%2C1200&ssl=1&resize=1050%2C600 3x"},"classes":[]},{"id":6818,"url":"https:\/\/cecilecparis.com\/en\/boutique\/barrette-ivoire-noire\/","url_meta":{"origin":7927,"position":2},"title":"Barrette Noire","author":"NakazakiTomiko","date":"26 September 2023","format":false,"excerpt":"Motif en Laiton or jaune 24 carat Fleur sertie en \u00e9tain laqu\u00e9e Noir Soft Cabochon en p\u00e2te de verre Ivoire *Les bijoux de Cecile C Paris sont fabriqu\u00e9s en petites s\u00e9ries. Si le stock de votre r\u00e9f\u00e9rence pr\u00e9f\u00e9r\u00e9e se termine, nous pourrons relancer la fabrication avec un d\u00e9lai de livraison\u2026","rel":"","context":"Similar post","block_context":{"text":"Similar post","link":""},"img":{"alt_text":"Barrette Noire","src":"https:\/\/i0.wp.com\/cecilecparis.com\/wp-content\/uploads\/2023\/09\/barrette_noire_01.jpg?fit=1200%2C1200&ssl=1&resize=350%2C200","width":350,"height":200,"srcset":"https:\/\/i0.wp.com\/cecilecparis.com\/wp-content\/uploads\/2023\/09\/barrette_noire_01.jpg?fit=1200%2C1200&ssl=1&resize=350%2C200 1x, https:\/\/i0.wp.com\/cecilecparis.com\/wp-content\/uploads\/2023\/09\/barrette_noire_01.jpg?fit=1200%2C1200&ssl=1&resize=525%2C300 1.5x, https:\/\/i0.wp.com\/cecilecparis.com\/wp-content\/uploads\/2023\/09\/barrette_noire_01.jpg?fit=1200%2C1200&ssl=1&resize=700%2C400 2x, https:\/\/i0.wp.com\/cecilecparis.com\/wp-content\/uploads\/2023\/09\/barrette_noire_01.jpg?fit=1200%2C1200&ssl=1&resize=1050%2C600 3x"},"classes":[]},{"id":732,"url":"https:\/\/cecilecparis.com\/en\/boutique\/peigne_cheveux_dore\/","url_meta":{"origin":7927,"position":3},"title":"Peigne cheveux Dor\u00e9","author":"admin7218","date":"15 July 2022","format":false,"excerpt":"Etain dor\u00e9 avec touches argent\u00e9es Email dor\u00e9 Peigne en plastique \u00e9coresponsable *Les bijoux de Cecile C Paris sont fabriqu\u00e9s en petites s\u00e9ries. Si le stock de votre r\u00e9f\u00e9rence pr\u00e9f\u00e9r\u00e9e se termine, nous pourrons relancer la fabrication avec un d\u00e9lai de livraison entre 2 et 6 semaines.","rel":"","context":"Similar post","block_context":{"text":"Similar post","link":""},"img":{"alt_text":"Peigne cheveux Dor\u00e9","src":"https:\/\/i0.wp.com\/cecilecparis.com\/wp-content\/uploads\/2022\/07\/catherine_peigne_cheveux_dore_01.jpg?fit=1200%2C1200&ssl=1&resize=350%2C200","width":350,"height":200,"srcset":"https:\/\/i0.wp.com\/cecilecparis.com\/wp-content\/uploads\/2022\/07\/catherine_peigne_cheveux_dore_01.jpg?fit=1200%2C1200&ssl=1&resize=350%2C200 1x, https:\/\/i0.wp.com\/cecilecparis.com\/wp-content\/uploads\/2022\/07\/catherine_peigne_cheveux_dore_01.jpg?fit=1200%2C1200&ssl=1&resize=525%2C300 1.5x, https:\/\/i0.wp.com\/cecilecparis.com\/wp-content\/uploads\/2022\/07\/catherine_peigne_cheveux_dore_01.jpg?fit=1200%2C1200&ssl=1&resize=700%2C400 2x, https:\/\/i0.wp.com\/cecilecparis.com\/wp-content\/uploads\/2022\/07\/catherine_peigne_cheveux_dore_01.jpg?fit=1200%2C1200&ssl=1&resize=1050%2C600 3x"},"classes":[]},{"id":739,"url":"https:\/\/cecilecparis.com\/en\/boutique\/peigne_cheveux_argent\/","url_meta":{"origin":7927,"position":4},"title":"Peigne cheveux Argent","author":"admin7218","date":"15 July 2022","format":false,"excerpt":"Etain argent avec touches dor\u00e9es Email nacr\u00e9 Peigne en plastique \u00e9coresponsable *Les bijoux de Cecile C Paris sont fabriqu\u00e9s en petites s\u00e9ries. Si le stock de votre r\u00e9f\u00e9rence pr\u00e9f\u00e9r\u00e9e se termine, nous pourrons relancer la fabrication avec un d\u00e9lai de livraison entre 2 et 6 semaines.","rel":"","context":"Similar post","block_context":{"text":"Similar post","link":""},"img":{"alt_text":"Peigne cheveux Argent","src":"https:\/\/i0.wp.com\/cecilecparis.com\/wp-content\/uploads\/2022\/07\/catherine_peigne_cheveux_argent_01.jpg?fit=1200%2C1200&ssl=1&resize=350%2C200","width":350,"height":200,"srcset":"https:\/\/i0.wp.com\/cecilecparis.com\/wp-content\/uploads\/2022\/07\/catherine_peigne_cheveux_argent_01.jpg?fit=1200%2C1200&ssl=1&resize=350%2C200 1x, https:\/\/i0.wp.com\/cecilecparis.com\/wp-content\/uploads\/2022\/07\/catherine_peigne_cheveux_argent_01.jpg?fit=1200%2C1200&ssl=1&resize=525%2C300 1.5x, https:\/\/i0.wp.com\/cecilecparis.com\/wp-content\/uploads\/2022\/07\/catherine_peigne_cheveux_argent_01.jpg?fit=1200%2C1200&ssl=1&resize=700%2C400 2x, https:\/\/i0.wp.com\/cecilecparis.com\/wp-content\/uploads\/2022\/07\/catherine_peigne_cheveux_argent_01.jpg?fit=1200%2C1200&ssl=1&resize=1050%2C600 3x"},"classes":[]},{"id":746,"url":"https:\/\/cecilecparis.com\/en\/boutique\/barrette-cheveux-argent\/","url_meta":{"origin":7927,"position":5},"title":"Barrette cheveux Argent","author":"admin7218","date":"15 July 2022","format":false,"excerpt":"Etain argent recouvert Email nacr\u00e9 Syst\u00e8me barrettes laiton argent *Les bijoux de Cecile C Paris sont fabriqu\u00e9s en petites s\u00e9ries. Si le stock de votre r\u00e9f\u00e9rence pr\u00e9f\u00e9r\u00e9e se termine, nous pourrons relancer la fabrication avec un d\u00e9lai de livraison entre 2 et 6 semaines.","rel":"","context":"Similar post","block_context":{"text":"Similar post","link":""},"img":{"alt_text":"Barrettes cheveux Argent","src":"https:\/\/i0.wp.com\/cecilecparis.com\/wp-content\/uploads\/2022\/07\/catherine_barrettes_cheveux_argent_01.jpg?fit=1200%2C1200&ssl=1&resize=350%2C200","width":350,"height":200,"srcset":"https:\/\/i0.wp.com\/cecilecparis.com\/wp-content\/uploads\/2022\/07\/catherine_barrettes_cheveux_argent_01.jpg?fit=1200%2C1200&ssl=1&resize=350%2C200 1x, https:\/\/i0.wp.com\/cecilecparis.com\/wp-content\/uploads\/2022\/07\/catherine_barrettes_cheveux_argent_01.jpg?fit=1200%2C1200&ssl=1&resize=525%2C300 1.5x, https:\/\/i0.wp.com\/cecilecparis.com\/wp-content\/uploads\/2022\/07\/catherine_barrettes_cheveux_argent_01.jpg?fit=1200%2C1200&ssl=1&resize=700%2C400 2x, https:\/\/i0.wp.com\/cecilecparis.com\/wp-content\/uploads\/2022\/07\/catherine_barrettes_cheveux_argent_01.jpg?fit=1200%2C1200&ssl=1&resize=1050%2C600 3x"},"classes":[]}],"_links":{"self":[{"href":"https:\/\/cecilecparis.com\/en\/wp-json\/wp\/v2\/product\/7927","targetHints":{"allow":["GET"]}}],"collection":[{"href":"https:\/\/cecilecparis.com\/en\/wp-json\/wp\/v2\/product"}],"about":[{"href":"https:\/\/cecilecparis.com\/en\/wp-json\/wp\/v2\/types\/product"}],"version-history":[{"count":4,"href":"https:\/\/cecilecparis.com\/en\/wp-json\/wp\/v2\/product\/7927\/revisions"}],"predecessor-version":[{"id":8194,"href":"https:\/\/cecilecparis.com\/en\/wp-json\/wp\/v2\/product\/7927\/revisions\/8194"}],"wp:featuredmedia":[{"embeddable":true,"href":"https:\/\/cecilecparis.com\/en\/wp-json\/wp\/v2\/media\/7937"}],"wp:attachment":[{"href":"https:\/\/cecilecparis.com\/en\/wp-json\/wp\/v2\/media?parent=7927"}],"wp:term":[{"taxonomy":"product_cat","embeddable":true,"href":"https:\/\/cecilecparis.com\/en\/wp-json\/wp\/v2\/product_cat?post=7927"},{"taxonomy":"product_tag","embeddable":true,"href":"https:\/\/cecilecparis.com\/en\/wp-json\/wp\/v2\/product_tag?post=7927"}],"curies":[{"name":"wp","href":"https:\/\/api.w.org\/{rel}","templated":true}]}}