{"id":70,"date":"2022-07-05T18:38:43","date_gmt":"2022-07-05T16:38:43","guid":{"rendered":"https:\/\/cecilecparis.com\/?page_id=70"},"modified":"2023-09-20T15:53:44","modified_gmt":"2023-09-20T13:53:44","slug":"gagnez-une-parure","status":"publish","type":"page","link":"https:\/\/cecilecparis.com\/en\/gagnez-une-parure\/","title":{"rendered":"Win a jewellery set"},"content":{"rendered":"<div data-elementor-type=\"wp-page\" data-elementor-id=\"70\" class=\"elementor elementor-70\" data-elementor-post-type=\"page\">\n\t\t\t\t\t\t\t\t\t<section class=\"elementor-section elementor-top-section elementor-element elementor-element-66f0f23 elementor-section-boxed elementor-section-height-default elementor-section-height-default\" data-id=\"66f0f23\" data-element_type=\"section\">\n\t\t\t\t\t\t<div class=\"elementor-container elementor-column-gap-default\">\n\t\t\t\t\t<div class=\"elementor-column elementor-col-100 elementor-top-column elementor-element elementor-element-0bc592e\" data-id=\"0bc592e\" data-element_type=\"column\">\n\t\t\t<div class=\"elementor-widget-wrap elementor-element-populated\">\n\t\t\t\t\t\t\t\t<div class=\"elementor-element elementor-element-c5011a3 elementor-widget elementor-widget-heading\" data-id=\"c5011a3\" data-element_type=\"widget\" data-widget_type=\"heading.default\">\n\t\t\t\t<div class=\"elementor-widget-container\">\n\t\t\t<style>\/*! elementor - v3.18.0 - 20-12-2023 *\/\n.elementor-heading-title{padding:0;margin:0;line-height:1}.elementor-widget-heading .elementor-heading-title[class*=elementor-size-]>a{color:inherit;font-size:inherit;line-height:inherit}.elementor-widget-heading .elementor-heading-title.elementor-size-small{font-size:15px}.elementor-widget-heading .elementor-heading-title.elementor-size-medium{font-size:19px}.elementor-widget-heading .elementor-heading-title.elementor-size-large{font-size:29px}.elementor-widget-heading .elementor-heading-title.elementor-size-xl{font-size:39px}.elementor-widget-heading .elementor-heading-title.elementor-size-xxl{font-size:59px}<\/style><h2 class=\"elementor-heading-title elementor-size-default\">Win a Jewellery Set<\/h2>\t\t<\/div>\n\t\t\t\t<\/div>\n\t\t\t\t<section class=\"elementor-section elementor-inner-section elementor-element elementor-element-65246ab elementor-section-boxed elementor-section-height-default elementor-section-height-default\" data-id=\"65246ab\" data-element_type=\"section\" data-no-translation=\"\">\n\t\t\t\t\t\t<div class=\"elementor-container elementor-column-gap-default\">\n\t\t\t\t\t<div class=\"elementor-column elementor-col-50 elementor-inner-column elementor-element elementor-element-1bad33f\" data-id=\"1bad33f\" data-element_type=\"column\">\n\t\t\t<div class=\"elementor-widget-wrap elementor-element-populated\">\n\t\t\t\t\t\t\t\t<div class=\"elementor-element elementor-element-df29983 elementor-widget elementor-widget-text-editor\" data-id=\"df29983\" data-element_type=\"widget\" data-widget_type=\"text-editor.default\">\n\t\t\t\t<div class=\"elementor-widget-container\">\n\t\t\t\t\t\t\t<p>Tell us about a woman you admire, We will think of a theme dedicated to her.<br \/>The winner will receive the complete theme.<\/p><p>It&#8217;s very simple:<br \/>&#8211; Follow our Instagram account CECILE C PARIS<br \/><a href=\"https:\/\/www.instagram.com\/cecilecparis\/\">https:\/\/www.instagram.com\/cecilecparis\/<\/a><br \/>&#8211; A small descriptive text<br \/>&#8211; A few photos that represent this woman as you like her<\/p><p>Here you go, try your luck.<\/p><p><strong>*Closing date: Friday 31 May 2024<\/strong><br \/><strong>*Send your entries until May 2024, for a realization of your set in December 2024.<\/strong><\/p>\t\t\t\t\t\t<\/div>\n\t\t\t\t<\/div>\n\t\t\t\t\t<\/div>\n\t\t<\/div>\n\t\t\t\t<div class=\"elementor-column elementor-col-50 elementor-inner-column elementor-element elementor-element-8b9dfb0\" data-id=\"8b9dfb0\" data-element_type=\"column\">\n\t\t\t<div class=\"elementor-widget-wrap elementor-element-populated\">\n\t\t\t\t\t\t\t\t<div class=\"elementor-element elementor-element-c7a6807 elementor-button-align-stretch elementor-widget elementor-widget-form\" data-id=\"c7a6807\" data-element_type=\"widget\" data-settings=\"{&quot;step_next_label&quot;:&quot;Next&quot;,&quot;step_previous_label&quot;:&quot;Previous&quot;,&quot;button_width&quot;:&quot;100&quot;,&quot;step_type&quot;:&quot;number_text&quot;,&quot;step_icon_shape&quot;:&quot;circle&quot;}\" data-widget_type=\"form.default\">\n\t\t\t\t<div class=\"elementor-widget-container\">\n\t\t\t\t\t<form class=\"elementor-form\" method=\"post\" name=\"Une Parure\" action=\"\">\n\t\t\t<input type=\"hidden\" name=\"post_id\" value=\"70\"\/>\n\t\t\t<input type=\"hidden\" name=\"form_id\" value=\"c7a6807\"\/>\n\t\t\t<input type=\"hidden\" name=\"referer_title\" value=\"\" \/>\n\n\t\t\t\n\t\t\t<div class=\"elementor-form-fields-wrapper elementor-labels-\">\n\t\t\t\t\t\t\t\t<div class=\"elementor-field-type-text elementor-field-group elementor-column elementor-field-group-prenom elementor-col-50 elementor-field-required\">\n\t\t\t\t\t\t\t\t\t\t\t\t<label for=\"form-field-prenom\" class=\"elementor-field-label elementor-screen-only\">\n\t\t\t\t\t\t\t\tFirst name\t\t\t\t\t\t\t<\/label>\n\t\t\t\t\t\t\t\t\t\t\t\t\t\t<input size=\"1\" type=\"text\" name=\"form_fields[prenom]\" id=\"form-field-prenom\" class=\"elementor-field elementor-size-md  elementor-field-textual\" placeholder=\"First name\" required=\"required\" aria-required=\"true\">\n\t\t\t\t\t\t\t\t\t\t\t<\/div>\n\t\t\t\t\t\t\t\t<div class=\"elementor-field-type-text elementor-field-group elementor-column elementor-field-group-nom elementor-col-50 elementor-field-required\">\n\t\t\t\t\t\t\t\t\t\t\t\t<label for=\"form-field-nom\" class=\"elementor-field-label elementor-screen-only\">\n\t\t\t\t\t\t\t\tLast name\t\t\t\t\t\t\t<\/label>\n\t\t\t\t\t\t\t\t\t\t\t\t\t\t<input size=\"1\" type=\"text\" name=\"form_fields[nom]\" id=\"form-field-nom\" class=\"elementor-field elementor-size-md  elementor-field-textual\" placeholder=\"Last name\" required=\"required\" aria-required=\"true\">\n\t\t\t\t\t\t\t\t\t\t\t<\/div>\n\t\t\t\t\t\t\t\t<div class=\"elementor-field-type-email elementor-field-group elementor-column elementor-field-group-email elementor-col-100 elementor-field-required\">\n\t\t\t\t\t\t\t\t\t\t\t\t<label for=\"form-field-email\" class=\"elementor-field-label elementor-screen-only\">\n\t\t\t\t\t\t\t\tE-mail\t\t\t\t\t\t\t<\/label>\n\t\t\t\t\t\t\t\t\t\t\t\t\t\t<input size=\"1\" type=\"email\" name=\"form_fields[email]\" id=\"form-field-email\" class=\"elementor-field elementor-size-md  elementor-field-textual\" placeholder=\"E-mail\" required=\"required\" aria-required=\"true\">\n\t\t\t\t\t\t\t\t\t\t\t<\/div>\n\t\t\t\t\t\t\t\t<div class=\"elementor-field-type-url elementor-field-group elementor-column elementor-field-group-field_15eed08 elementor-col-100 elementor-field-required\">\n\t\t\t\t\t\t\t\t\t\t\t\t<label for=\"form-field-field_15eed08\" class=\"elementor-field-label elementor-screen-only\">\n\t\t\t\t\t\t\t\tYour Instagram Link\t\t\t\t\t\t\t<\/label>\n\t\t\t\t\t\t\t\t\t\t\t\t\t\t<input size=\"1\" type=\"url\" name=\"form_fields[field_15eed08]\" id=\"form-field-field_15eed08\" class=\"elementor-field elementor-size-md  elementor-field-textual\" placeholder=\"Your Instagram Link\" required=\"required\" aria-required=\"true\">\n\t\t\t\t\t\t\t\t\t\t\t<\/div>\n\t\t\t\t\t\t\t\t<div class=\"elementor-field-type-textarea elementor-field-group elementor-column elementor-field-group-message elementor-col-100 elementor-field-required\">\n\t\t\t\t\t\t\t\t\t\t\t\t<label for=\"form-field-message\" class=\"elementor-field-label elementor-screen-only\">\n\t\t\t\t\t\t\t\tA short descriptive text\t\t\t\t\t\t\t<\/label>\n\t\t\t\t\t\t<textarea class=\"elementor-field-textual elementor-field  elementor-size-md\" name=\"form_fields[message]\" id=\"form-field-message\" rows=\"9\" placeholder=\"A short descriptive text\" required=\"required\" aria-required=\"true\"><\/textarea>\t\t\t\t<\/div>\n\t\t\t\t\t\t\t\t<div class=\"elementor-field-type-upload elementor-field-group elementor-column elementor-field-group-photos elementor-col-100 elementor-field-required\">\n\t\t\t\t\t\t\t\t\t\t\t\t<label for=\"form-field-photos\" class=\"elementor-field-label elementor-screen-only\">\n\t\t\t\t\t\t\t\tPhotos\t\t\t\t\t\t\t<\/label>\n\t\t\t\t\t\t\t\t<input type=\"file\" name=\"form_fields[photos][]\" id=\"form-field-photos\" class=\"elementor-field elementor-size-md  elementor-upload-field\" required=\"required\" aria-required=\"true\" multiple=\"multiple\" data-maxsize=\"5\" data-maxsize-message=\"This file exceeds the maximum allowed size.\">\n\n\t\t\t\t\t\t<\/div>\n\t\t\t\t\t\t\t\t<div class=\"elementor-field-type-acceptance elementor-field-group elementor-column elementor-field-group-pdc elementor-col-100 elementor-field-required\">\n\t\t\t\t\t\t\t\t\t\t\t\t<label for=\"form-field-pdc\" class=\"elementor-field-label elementor-screen-only\">\n\t\t\t\t\t\t\t\tPDC\t\t\t\t\t\t\t<\/label>\n\t\t\t\t\t\t\t\t<div class=\"elementor-field-subgroup\">\n\t\t\t<span class=\"elementor-field-option\">\n\t\t\t\t<input type=\"checkbox\" name=\"form_fields[pdc]\" id=\"form-field-pdc\" class=\"elementor-field elementor-size-md  elementor-acceptance-field\" required=\"required\" aria-required=\"true\">\n\t\t\t\t<label for=\"form-field-pdc\">I have read the <a href=\"https:\/\/cecilecparis.com\/politique-de-confidentialite\/\" target=\"_blank\">Privacy Policy<\/a> and I understand that my personal data will be used to fulfill my requests.<\/label>\t\t\t<\/span>\n\t\t<\/div>\n\t\t\t\t\t\t<\/div>\n\t\t\t\t\t\t\t\t<div class=\"elementor-field-group elementor-column elementor-field-type-submit elementor-col-100 e-form__buttons\">\n\t\t\t\t\t<button type=\"submit\" class=\"elementor-button elementor-size-sm\">\n\t\t\t\t\t\t<span >\n\t\t\t\t\t\t\t\t\t\t\t\t\t\t\t<span class=\"elementor-button-icon\">\n\t\t\t\t\t\t\t\t\t\t\t\t\t\t\t\t\t\t\t\t\t\t\t\t\t\t<\/span>\n\t\t\t\t\t\t\t\t\t\t\t\t\t\t\t\t\t\t\t\t\t\t<span class=\"elementor-button-text\">Send<\/span>\n\t\t\t\t\t\t\t\t\t\t\t\t\t<\/span>\n\t\t\t\t\t<\/button>\n\t\t\t\t<\/div>\n\t\t\t<\/div>\n\t\t<input type=\"hidden\" name=\"trp-form-language\" value=\"en\"\/><\/form>\n\t\t\t\t<\/div>\n\t\t\t\t<\/div>\n\t\t\t\t\t<\/div>\n\t\t<\/div>\n\t\t\t\t\t\t\t<\/div>\n\t\t<\/section>\n\t\t\t\t\t<\/div>\n\t\t<\/div>\n\t\t\t\t\t\t\t<\/div>\n\t\t<\/section>\n\t\t\t\t\t\t\t<\/div>","protected":false},"excerpt":{"rendered":"<p>Gagnez une Parure Parlez nous d\u2019une femme que vous admirez, nous penserons un th\u00e8me qui lui sera d\u00e9di\u00e9. La gagnante recevra la parure compl\u00e8te du th\u00e8me. Pour cela, c&#8217;est tr\u00e8s simple :\u2013 Suivez notre compte Instagram CECILE C PARIShttps:\/\/instagram.com\/cecilecparis\/&#8211; Un petit texte descriptif&#8211; Quelques photos qui repr\u00e9sentent cette femme comme vous l\u2019aimez Et voil\u00e0, Tentez [&hellip;]<\/p>","protected":false},"author":1,"featured_media":0,"parent":0,"menu_order":0,"comment_status":"closed","ping_status":"closed","template":"elementor_header_footer","meta":{"om_disable_all_campaigns":false,"_monsterinsights_skip_tracking":false,"_monsterinsights_sitenote_active":false,"_monsterinsights_sitenote_note":"","_monsterinsights_sitenote_category":0,"_themeisle_gutenberg_block_has_review":false,"footnotes":""},"class_list":["post-70","page","type-page","status-publish","hentry"],"aioseo_notices":[],"jetpack_sharing_enabled":true,"jetpack-related-posts":[{"id":125,"url":"https:\/\/cecilecparis.com\/en\/politique-relative-aux-cookies\/","url_meta":{"origin":70,"position":0},"title":"Politique relative aux cookies","author":"admin7218","date":"8 July 2022","format":false,"excerpt":"Politique relative aux cookies Sous r\u00e9serve de votre consentement qui vous sera demand\u00e9 lors de votre premi\u00e8re visite sur le site cecileCparis.com, des cookies seront utilis\u00e9s.Les cookies sont de petits fichiers informatiques contenant des informations qui permettent notamment de faciliter la navigation sur le site et de garder vos pr\u00e9f\u00e9rences\u2026","rel":"","context":"Similar post","block_context":{"text":"Similar post","link":""},"img":{"alt_text":"","src":"","width":0,"height":0},"classes":[]},{"id":121,"url":"https:\/\/cecilecparis.com\/en\/mentions-legales\/","url_meta":{"origin":70,"position":1},"title":"Mentions l\u00e9gales","author":"admin7218","date":"8 July 2022","format":false,"excerpt":"Mentions l\u00e9gales Site \u00e9dit\u00e9 par la Soci\u00e9t\u00e9 CECILE C PARISSoci\u00e9t\u00e9 par actions simplifi\u00e9e au capital de 1.000 eurosSIRET : 913 373 072 00010RCS PARIS : 913 373 072 Code APE : 32.13Z Num\u00e9ro de TVA intra : FR 81913373072 Responsable l\u00e9gal du site :Madame C\u00e9cile CHEVALIERSi\u00e8ge social : 39 Rue\u2026","rel":"","context":"Similar post","block_context":{"text":"Similar post","link":""},"img":{"alt_text":"","src":"","width":0,"height":0},"classes":[]},{"id":6503,"url":"https:\/\/cecilecparis.com\/en\/equipes\/","url_meta":{"origin":70,"position":2},"title":"Les \u00e9quipes","author":"NakazakiTomiko","date":"5 September 2023","format":false,"excerpt":"Mes \u00e9quipes Les sous traitants- Michel, mon ami de 20 ans- Monot : Fondeur- Galvanor 2000 : Galvanoplastie- Soudurex Sarl : Email, soudure\u00a0- AGSE : gravures- Carole DESHEULLES : Photographe- Tomiko NAKAZAKI : Cr\u00e9ateur multim\u00e9dia, Design et r\u00e9aliser du site, Graphiste, Photographe- Marcel et Gis\u00e8le : Maquettes- Les ateliers des\u2026","rel":"","context":"Similar post","block_context":{"text":"Similar post","link":""},"img":{"alt_text":"","src":"","width":0,"height":0},"classes":[]},{"id":28,"url":"https:\/\/cecilecparis.com\/en\/cecilecparis\/","url_meta":{"origin":70,"position":3},"title":"cecileCparis","author":"admin7218","date":"13 June 2022","format":false,"excerpt":"C\u00e9cile C Bijouti\u00e8re Joailli\u00e8re ayant grandi au sein de grandes maisons comme Chanel, C\u00e9cile est tomb\u00e9e en admiration pour l\u2019\u00e9l\u00e9gance parisienne et pour l\u2019univers des bijoux Haute couture selon Gabrielle.Elle s\u2019est donn\u00e9 pour mission de mettre en valeur l\u2019artisanat Fran\u00e7ais, en cr\u00e9ant, fabriquant \u00e0 Paris, avec des composants exclusivement Fran\u00e7ais.\u2028Ses\u2026","rel":"","context":"Similar post","block_context":{"text":"Similar post","link":""},"img":{"alt_text":"Cecile C Paris","src":"https:\/\/i0.wp.com\/cecilecparis.com\/wp-content\/uploads\/2022\/09\/cecilecparis_02-765x1024.jpg?resize=350%2C200&ssl=1","width":350,"height":200,"srcset":"https:\/\/i0.wp.com\/cecilecparis.com\/wp-content\/uploads\/2022\/09\/cecilecparis_02-765x1024.jpg?resize=350%2C200&ssl=1 1x, https:\/\/i0.wp.com\/cecilecparis.com\/wp-content\/uploads\/2022\/09\/cecilecparis_02-765x1024.jpg?resize=525%2C300&ssl=1 1.5x, https:\/\/i0.wp.com\/cecilecparis.com\/wp-content\/uploads\/2022\/09\/cecilecparis_02-765x1024.jpg?resize=700%2C400&ssl=1 2x"},"classes":[]},{"id":6902,"url":"https:\/\/cecilecparis.com\/en\/","url_meta":{"origin":70,"position":4},"title":"CECILE C PARIS","author":"NakazakiTomiko","date":"21 September 2023","format":false,"excerpt":"C\u00e9cile CD\u00e9couvrirChristianeD\u00e9couvrirChristianeD\u00e9couvrirChristianeD\u00e9couvrirChristianeD\u00e9couvrirChristianeD\u00e9couvrirChristianeD\u00e9couvrir Diapositive pr\u00e9c\u00e9dente Diapositive suivante MarylineVoir la collectionJacotteVoir la collectionAnneVoir la collectionJeannineVoir la collectionCatherineVoir la collectionOdetteVoir la collectionC\u00e9cile CD\u00e9couvrir Diapositive pr\u00e9c\u00e9dente Diapositive suivante C\u00e9cile CD\u00e9couvrirMarylineD\u00e9couvrirJacotteD\u00e9couvrirAnneD\u00e9couvrirJeannineD\u00e9couvrirCatherineD\u00e9couvrirOdetteD\u00e9couvrir Diapositive pr\u00e9c\u00e9dente Diapositive suivante Th\u00e8mes NOUVEAUT\u00c9S !2 Th\u00e8mes : Lydia & Christine Lydiavoir la collection\u25b8 Voir la collection\u25b8 Christinevoir la collection\u25b8 Voir la collection\u25b8\u2026","rel":"","context":"Similar post","block_context":{"text":"Similar post","link":""},"img":{"alt_text":"","src":"https:\/\/i0.wp.com\/cecilecparis.com\/wp-content\/uploads\/2025\/12\/ANNONCE-NOUVELLE-CO-3-1024x1024.jpg?resize=350%2C200&ssl=1","width":350,"height":200,"srcset":"https:\/\/i0.wp.com\/cecilecparis.com\/wp-content\/uploads\/2025\/12\/ANNONCE-NOUVELLE-CO-3-1024x1024.jpg?resize=350%2C200&ssl=1 1x, https:\/\/i0.wp.com\/cecilecparis.com\/wp-content\/uploads\/2025\/12\/ANNONCE-NOUVELLE-CO-3-1024x1024.jpg?resize=525%2C300&ssl=1 1.5x, https:\/\/i0.wp.com\/cecilecparis.com\/wp-content\/uploads\/2025\/12\/ANNONCE-NOUVELLE-CO-3-1024x1024.jpg?resize=700%2C400&ssl=1 2x"},"classes":[]},{"id":3,"url":"https:\/\/cecilecparis.com\/en\/politique-de-confidentialite\/","url_meta":{"origin":70,"position":5},"title":"Politique de confidentialit\u00e9","author":"admin7218","date":"10 June 2022","format":false,"excerpt":"Politique de Confidentialit\u00e9 Collecte des donn\u00e9es personnelles : CECILE C PARIS accorde une importance particuli\u00e8re \u00e0 la protection des donn\u00e9es personnelles des visiteurs de son site Internet, et s\u2019engage \u00e0 pr\u00e9server la confidentialit\u00e9 des donn\u00e9es collect\u00e9es. Avec votre consentement pr\u00e9alable, ces donn\u00e9es sont collect\u00e9es lorsque vous nous les communiquez suite\u2026","rel":"","context":"Similar post","block_context":{"text":"Similar post","link":""},"img":{"alt_text":"","src":"","width":0,"height":0},"classes":[]}],"_links":{"self":[{"href":"https:\/\/cecilecparis.com\/en\/wp-json\/wp\/v2\/pages\/70","targetHints":{"allow":["GET"]}}],"collection":[{"href":"https:\/\/cecilecparis.com\/en\/wp-json\/wp\/v2\/pages"}],"about":[{"href":"https:\/\/cecilecparis.com\/en\/wp-json\/wp\/v2\/types\/page"}],"author":[{"embeddable":true,"href":"https:\/\/cecilecparis.com\/en\/wp-json\/wp\/v2\/users\/1"}],"replies":[{"embeddable":true,"href":"https:\/\/cecilecparis.com\/en\/wp-json\/wp\/v2\/comments?post=70"}],"version-history":[{"count":342,"href":"https:\/\/cecilecparis.com\/en\/wp-json\/wp\/v2\/pages\/70\/revisions"}],"predecessor-version":[{"id":6899,"href":"https:\/\/cecilecparis.com\/en\/wp-json\/wp\/v2\/pages\/70\/revisions\/6899"}],"wp:attachment":[{"href":"https:\/\/cecilecparis.com\/en\/wp-json\/wp\/v2\/media?parent=70"}],"curies":[{"name":"wp","href":"https:\/\/api.w.org\/{rel}","templated":true}]}}