{"id":6503,"date":"2023-09-05T17:28:15","date_gmt":"2023-09-05T15:28:15","guid":{"rendered":"https:\/\/cecilecparis.com\/?page_id=6503"},"modified":"2025-11-05T16:37:59","modified_gmt":"2025-11-05T15:37:59","slug":"equipes","status":"publish","type":"page","link":"https:\/\/cecilecparis.com\/en\/equipes\/","title":{"rendered":"Teams"},"content":{"rendered":"<div data-elementor-type=\"wp-page\" data-elementor-id=\"6503\" class=\"elementor elementor-6503\" data-elementor-post-type=\"page\">\n\t\t\t\t\t\t\t\t\t<section class=\"elementor-section elementor-top-section elementor-element elementor-element-7473a46 elementor-section-boxed elementor-section-height-default elementor-section-height-default\" data-id=\"7473a46\" data-element_type=\"section\">\n\t\t\t\t\t\t<div class=\"elementor-container elementor-column-gap-no\">\n\t\t\t\t\t<div class=\"elementor-column elementor-col-100 elementor-top-column elementor-element elementor-element-101463b\" data-id=\"101463b\" data-element_type=\"column\">\n\t\t\t<div class=\"elementor-widget-wrap elementor-element-populated\">\n\t\t\t\t\t\t\t\t<div class=\"elementor-element elementor-element-6693d66 elementor-widget elementor-widget-heading\" data-id=\"6693d66\" data-element_type=\"widget\" data-widget_type=\"heading.default\">\n\t\t\t\t<div class=\"elementor-widget-container\">\n\t\t\t<style>\/*! elementor - v3.18.0 - 20-12-2023 *\/\n.elementor-heading-title{padding:0;margin:0;line-height:1}.elementor-widget-heading .elementor-heading-title[class*=elementor-size-]>a{color:inherit;font-size:inherit;line-height:inherit}.elementor-widget-heading .elementor-heading-title.elementor-size-small{font-size:15px}.elementor-widget-heading .elementor-heading-title.elementor-size-medium{font-size:19px}.elementor-widget-heading .elementor-heading-title.elementor-size-large{font-size:29px}.elementor-widget-heading .elementor-heading-title.elementor-size-xl{font-size:39px}.elementor-widget-heading .elementor-heading-title.elementor-size-xxl{font-size:59px}<\/style><h2 class=\"elementor-heading-title elementor-size-default\">Mes \u00e9quipes<\/h2>\t\t<\/div>\n\t\t\t\t<\/div>\n\t\t\t\t<div class=\"elementor-element elementor-element-580c11f elementor-widget elementor-widget-text-editor\" data-id=\"580c11f\" data-element_type=\"widget\" data-widget_type=\"text-editor.default\">\n\t\t\t\t<div class=\"elementor-widget-container\">\n\t\t\t<style>\/*! elementor - v3.18.0 - 20-12-2023 *\/\n.elementor-widget-text-editor.elementor-drop-cap-view-stacked .elementor-drop-cap{background-color:#69727d;color:#fff}.elementor-widget-text-editor.elementor-drop-cap-view-framed .elementor-drop-cap{color:#69727d;border:3px solid;background-color:transparent}.elementor-widget-text-editor:not(.elementor-drop-cap-view-default) .elementor-drop-cap{margin-top:8px}.elementor-widget-text-editor:not(.elementor-drop-cap-view-default) .elementor-drop-cap-letter{width:1em;height:1em}.elementor-widget-text-editor .elementor-drop-cap{float:left;text-align:center;line-height:1;font-size:50px}.elementor-widget-text-editor .elementor-drop-cap-letter{display:inline-block}<\/style>\t\t\t\t<h4>Subcontractors<\/h4><p>\u2013 Michel, my friend of 20 years<br \/>\u2013 Monot : Smelter<br \/>\u2013 Galvanor 2000 : Galvanoplasty<br \/>&#8211; Soudurex Sarl : Email, soudure\u00a0<br \/>\u2013 AGSE : engravings<br \/>&#8211; <a href=\"https:\/\/www.carole-desheulles.com\/\" target=\"_blank\" rel=\"noopener\">Carole DESHEULLES<\/a> : Photographer<br \/>&#8211; <a href=\"https:\/\/velvet-studio.com\/en\/\" target=\"_blank\" rel=\"noopener\">Tomiko NAKAZAKI<\/a> : Multimedia creator, Website design and production, Graphic designer, Photographer<br \/>\u2013 Marcel et Gis\u00e8le : Models<br \/>\u2013 Les ateliers des Essarts : Lacquering<br \/>\u2013 Atelier Claire Daub\u00e9 : Leather belts<br \/>\u2013 Cuir du Vaudreuil : Leather belts<br \/>&#8211;\u00a0Yolaine Giret : porcelaine<br \/>&#8211;\u00a0Cl\u00e9mence\u00a0Amilien\u00a0<span style=\"color: var( --e-global-color-text ); font-size: 1rem;\">: experte communication digitale mode, luxe &amp; lifestyle<br \/><\/span><\/p>\t\t\t\t\t\t<\/div>\n\t\t\t\t<\/div>\n\t\t\t\t<div class=\"elementor-element elementor-element-d5878ac elementor-widget elementor-widget-text-editor\" data-id=\"d5878ac\" data-element_type=\"widget\" data-widget_type=\"text-editor.default\">\n\t\t\t\t<div class=\"elementor-widget-container\">\n\t\t\t\t\t\t\t<h4>Models<\/h4><p>Bella, Cathy, Murielle, Charl\u00e8ne, Tiana, Nathalie, Aur\u00e9lie, Isabelle<\/p>\t\t\t\t\t\t<\/div>\n\t\t\t\t<\/div>\n\t\t\t\t<div class=\"elementor-element elementor-element-cf89b04 elementor-widget elementor-widget-text-editor\" data-id=\"cf89b04\" data-element_type=\"widget\" data-widget_type=\"text-editor.default\">\n\t\t\t\t<div class=\"elementor-widget-container\">\n\t\t\t\t\t\t\t<h4>Supporters<\/h4>\n<p>&#8211; <a href=\"http:\/\/lesmahboules.fr\" target=\"_blank\" rel=\"noopener\">Les Mah-Boules<\/a>&nbsp; Thanks to Sam for hosting our photo session<br>&#8211; Hamid de <a href=\"https:\/\/www.instagram.com\/lomadisbar\/\" target=\"_blank\" rel=\"noopener\">l&#8217;Omadis<\/a>, who welcomed us throughout the creation of the brand<br>&#8211; L\u00e9a de La Devanture<\/p>\t\t\t\t\t\t<\/div>\n\t\t\t\t<\/div>\n\t\t\t\t<div class=\"elementor-element elementor-element-4b87057 elementor-widget elementor-widget-text-editor\" data-id=\"4b87057\" data-element_type=\"widget\" data-widget_type=\"text-editor.default\">\n\t\t\t\t<div class=\"elementor-widget-container\">\n\t\t\t\t\t\t\t<h4>Union<\/h4><p>&#8211; <a href=\"https:\/\/www.boci.org\/\" target=\"_blank\" rel=\"noopener\">La chambre syndicale de la BOCI<\/a><\/p>\t\t\t\t\t\t<\/div>\n\t\t\t\t<\/div>\n\t\t\t\t<div class=\"elementor-element elementor-element-18007f0 elementor-widget elementor-widget-text-editor\" data-id=\"18007f0\" data-element_type=\"widget\" data-widget_type=\"text-editor.default\">\n\t\t\t\t<div class=\"elementor-widget-container\">\n\t\t\t\t\t\t\t<h4>Suppliers<\/h4><p>\u2013 Ematek : Bead makers<\/p><p>&#8211; Au Ver \u00e0 Soie : Fil de Soie<br \/>\u2013 Sajou: Silk thread<br \/>\u2013 Snbp Cl\u00e9mentine : Manufacturers of finishes (rings, etc.)<br \/>\u2013 Chaine du marais : Chain manufacturer<\/p><p>&#8211; Carlhian : Cannetilles<br \/>\u2013 Bavoux : Hair combs<br \/>\u2013 Cr\u00e9apack : Packaging<br \/>\u2013 Papeterie de Montsegur<br \/>\u2013 Advitis : Clasps<br \/>\u2013 Approcast : Email<br \/>\u2013 Chaines et Compagnie<br \/>\u2013 Karl Wuensh : Barrettes<br \/>\u2013 Micro Mod\u00e8le : Fasteners<\/p>\t\t\t\t\t\t<\/div>\n\t\t\t\t<\/div>\n\t\t\t\t\t<\/div>\n\t\t<\/div>\n\t\t\t\t\t\t\t<\/div>\n\t\t<\/section>\n\t\t\t\t\t\t\t<\/div>","protected":false},"excerpt":{"rendered":"<p>Mes \u00e9quipes Les sous traitants &#8211; Michel, mon ami de 20 ans&#8211; Monot : Fondeur&#8211; Galvanor 2000 : Galvanoplastie&#8211; Soudurex Sarl : Email, soudure\u00a0&#8211; AGSE : gravures&#8211; Carole DESHEULLES : Photographe&#8211; Tomiko NAKAZAKI : Cr\u00e9ateur multim\u00e9dia, Design et r\u00e9aliser du site, Graphiste, Photographe&#8211; Marcel et Gis\u00e8le : Maquettes&#8211; Les ateliers des Essarts : Laquage&#8211; Atelier [&hellip;]<\/p>","protected":false},"author":3,"featured_media":0,"parent":0,"menu_order":0,"comment_status":"closed","ping_status":"closed","template":"elementor_header_footer","meta":{"om_disable_all_campaigns":false,"_monsterinsights_skip_tracking":false,"_monsterinsights_sitenote_active":false,"_monsterinsights_sitenote_note":"","_monsterinsights_sitenote_category":0,"_themeisle_gutenberg_block_has_review":false,"footnotes":""},"class_list":["post-6503","page","type-page","status-publish","hentry"],"aioseo_notices":[],"jetpack_sharing_enabled":true,"jetpack-related-posts":[{"id":125,"url":"https:\/\/cecilecparis.com\/en\/politique-relative-aux-cookies\/","url_meta":{"origin":6503,"position":0},"title":"Politique relative aux cookies","author":"admin7218","date":"8 July 2022","format":false,"excerpt":"Politique relative aux cookies Sous r\u00e9serve de votre consentement qui vous sera demand\u00e9 lors de votre premi\u00e8re visite sur le site cecileCparis.com, des cookies seront utilis\u00e9s.Les cookies sont de petits fichiers informatiques contenant des informations qui permettent notamment de faciliter la navigation sur le site et de garder vos pr\u00e9f\u00e9rences\u2026","rel":"","context":"Similar post","block_context":{"text":"Similar post","link":""},"img":{"alt_text":"","src":"","width":0,"height":0},"classes":[]},{"id":121,"url":"https:\/\/cecilecparis.com\/en\/mentions-legales\/","url_meta":{"origin":6503,"position":1},"title":"Mentions l\u00e9gales","author":"admin7218","date":"8 July 2022","format":false,"excerpt":"Mentions l\u00e9gales Site \u00e9dit\u00e9 par la Soci\u00e9t\u00e9 CECILE C PARISSoci\u00e9t\u00e9 par actions simplifi\u00e9e au capital de 1.000 eurosSIRET : 913 373 072 00010RCS PARIS : 913 373 072 Code APE : 32.13Z Num\u00e9ro de TVA intra : FR 81913373072 Responsable l\u00e9gal du site :Madame C\u00e9cile CHEVALIERSi\u00e8ge social : 39 Rue\u2026","rel":"","context":"Similar post","block_context":{"text":"Similar post","link":""},"img":{"alt_text":"","src":"","width":0,"height":0},"classes":[]},{"id":28,"url":"https:\/\/cecilecparis.com\/en\/cecilecparis\/","url_meta":{"origin":6503,"position":2},"title":"cecileCparis","author":"admin7218","date":"13 June 2022","format":false,"excerpt":"C\u00e9cile C Bijouti\u00e8re Joailli\u00e8re ayant grandi au sein de grandes maisons comme Chanel, C\u00e9cile est tomb\u00e9e en admiration pour l\u2019\u00e9l\u00e9gance parisienne et pour l\u2019univers des bijoux Haute couture selon Gabrielle.Elle s\u2019est donn\u00e9 pour mission de mettre en valeur l\u2019artisanat Fran\u00e7ais, en cr\u00e9ant, fabriquant \u00e0 Paris, avec des composants exclusivement Fran\u00e7ais.\u2028Ses\u2026","rel":"","context":"Similar post","block_context":{"text":"Similar post","link":""},"img":{"alt_text":"Cecile C Paris","src":"https:\/\/i0.wp.com\/cecilecparis.com\/wp-content\/uploads\/2022\/09\/cecilecparis_02-765x1024.jpg?resize=350%2C200&ssl=1","width":350,"height":200,"srcset":"https:\/\/i0.wp.com\/cecilecparis.com\/wp-content\/uploads\/2022\/09\/cecilecparis_02-765x1024.jpg?resize=350%2C200&ssl=1 1x, https:\/\/i0.wp.com\/cecilecparis.com\/wp-content\/uploads\/2022\/09\/cecilecparis_02-765x1024.jpg?resize=525%2C300&ssl=1 1.5x, https:\/\/i0.wp.com\/cecilecparis.com\/wp-content\/uploads\/2022\/09\/cecilecparis_02-765x1024.jpg?resize=700%2C400&ssl=1 2x"},"classes":[]},{"id":6902,"url":"https:\/\/cecilecparis.com\/en\/","url_meta":{"origin":6503,"position":3},"title":"CECILE C PARIS","author":"NakazakiTomiko","date":"21 September 2023","format":false,"excerpt":"C\u00e9cile CD\u00e9couvrirChristianeD\u00e9couvrirChristianeD\u00e9couvrirChristianeD\u00e9couvrirChristianeD\u00e9couvrirChristianeD\u00e9couvrirChristianeD\u00e9couvrir Diapositive pr\u00e9c\u00e9dente Diapositive suivante MarylineVoir la collectionJacotteVoir la collectionAnneVoir la collectionJeannineVoir la collectionCatherineVoir la collectionOdetteVoir la collectionC\u00e9cile CD\u00e9couvrir Diapositive pr\u00e9c\u00e9dente Diapositive suivante C\u00e9cile CD\u00e9couvrirMarylineD\u00e9couvrirJacotteD\u00e9couvrirAnneD\u00e9couvrirJeannineD\u00e9couvrirCatherineD\u00e9couvrirOdetteD\u00e9couvrir Diapositive pr\u00e9c\u00e9dente Diapositive suivante Th\u00e8mes NOUVEAUT\u00c9S !2 Th\u00e8mes : Lydia & Christine Lydiavoir la collection\u25b8 Voir la collection\u25b8 Christinevoir la collection\u25b8 Voir la collection\u25b8\u2026","rel":"","context":"Similar post","block_context":{"text":"Similar post","link":""},"img":{"alt_text":"","src":"https:\/\/i0.wp.com\/cecilecparis.com\/wp-content\/uploads\/2025\/12\/ANNONCE-NOUVELLE-CO-3-1024x1024.jpg?resize=350%2C200&ssl=1","width":350,"height":200,"srcset":"https:\/\/i0.wp.com\/cecilecparis.com\/wp-content\/uploads\/2025\/12\/ANNONCE-NOUVELLE-CO-3-1024x1024.jpg?resize=350%2C200&ssl=1 1x, https:\/\/i0.wp.com\/cecilecparis.com\/wp-content\/uploads\/2025\/12\/ANNONCE-NOUVELLE-CO-3-1024x1024.jpg?resize=525%2C300&ssl=1 1.5x, https:\/\/i0.wp.com\/cecilecparis.com\/wp-content\/uploads\/2025\/12\/ANNONCE-NOUVELLE-CO-3-1024x1024.jpg?resize=700%2C400&ssl=1 2x"},"classes":[]},{"id":7200,"url":"https:\/\/cecilecparis.com\/en\/sav\/","url_meta":{"origin":6503,"position":4},"title":"SAV","author":"NakazakiTomiko","date":"16 November 2023","format":false,"excerpt":"Service Apr\u00e8s-vente Entretien Toutes les pi\u00e8ces CECILE C Paris sont r\u00e9alis\u00e9es \u00e0 la main \u00e0 Paris et pr\u00e9sentent, par nature, de l\u00e9g\u00e8res variations qui rendent chaque bijou unique.Afin de pr\u00e9server l\u2019\u00e9clat de votre bijou, il est recommand\u00e9 d\u2019y apporter une attention particuli\u00e8re et de le manipuler avec d\u00e9licatesse. Il est\u2026","rel":"","context":"Similar post","block_context":{"text":"Similar post","link":""},"img":{"alt_text":"","src":"","width":0,"height":0},"classes":[]},{"id":3,"url":"https:\/\/cecilecparis.com\/en\/politique-de-confidentialite\/","url_meta":{"origin":6503,"position":5},"title":"Politique de confidentialit\u00e9","author":"admin7218","date":"10 June 2022","format":false,"excerpt":"Politique de Confidentialit\u00e9 Collecte des donn\u00e9es personnelles : CECILE C PARIS accorde une importance particuli\u00e8re \u00e0 la protection des donn\u00e9es personnelles des visiteurs de son site Internet, et s\u2019engage \u00e0 pr\u00e9server la confidentialit\u00e9 des donn\u00e9es collect\u00e9es. Avec votre consentement pr\u00e9alable, ces donn\u00e9es sont collect\u00e9es lorsque vous nous les communiquez suite\u2026","rel":"","context":"Similar post","block_context":{"text":"Similar post","link":""},"img":{"alt_text":"","src":"","width":0,"height":0},"classes":[]}],"_links":{"self":[{"href":"https:\/\/cecilecparis.com\/en\/wp-json\/wp\/v2\/pages\/6503","targetHints":{"allow":["GET"]}}],"collection":[{"href":"https:\/\/cecilecparis.com\/en\/wp-json\/wp\/v2\/pages"}],"about":[{"href":"https:\/\/cecilecparis.com\/en\/wp-json\/wp\/v2\/types\/page"}],"author":[{"embeddable":true,"href":"https:\/\/cecilecparis.com\/en\/wp-json\/wp\/v2\/users\/3"}],"replies":[{"embeddable":true,"href":"https:\/\/cecilecparis.com\/en\/wp-json\/wp\/v2\/comments?post=6503"}],"version-history":[{"count":51,"href":"https:\/\/cecilecparis.com\/en\/wp-json\/wp\/v2\/pages\/6503\/revisions"}],"predecessor-version":[{"id":8297,"href":"https:\/\/cecilecparis.com\/en\/wp-json\/wp\/v2\/pages\/6503\/revisions\/8297"}],"wp:attachment":[{"href":"https:\/\/cecilecparis.com\/en\/wp-json\/wp\/v2\/media?parent=6503"}],"curies":[{"name":"wp","href":"https:\/\/api.w.org\/{rel}","templated":true}]}}