{"id":30,"date":"2022-06-13T16:33:39","date_gmt":"2022-06-13T14:33:39","guid":{"rendered":"https:\/\/cecilecparis.com\/?page_id=30"},"modified":"2022-11-21T14:24:30","modified_gmt":"2022-11-21T13:24:30","slug":"presse","status":"publish","type":"page","link":"https:\/\/cecilecparis.com\/en\/presse\/","title":{"rendered":"Press"},"content":{"rendered":"<div data-elementor-type=\"wp-page\" data-elementor-id=\"30\" class=\"elementor elementor-30\" data-elementor-post-type=\"page\">\n\t\t\t\t\t\t\t\t\t<section class=\"elementor-section elementor-top-section elementor-element elementor-element-6987d9d elementor-section-boxed elementor-section-height-default elementor-section-height-default\" data-id=\"6987d9d\" data-element_type=\"section\">\n\t\t\t\t\t\t<div class=\"elementor-container elementor-column-gap-no\">\n\t\t\t\t\t<div class=\"elementor-column elementor-col-100 elementor-top-column elementor-element elementor-element-2fcd5f2\" data-id=\"2fcd5f2\" data-element_type=\"column\">\n\t\t\t<div class=\"elementor-widget-wrap elementor-element-populated\">\n\t\t\t\t\t\t\t\t<div class=\"elementor-element elementor-element-be187a2 elementor-widget elementor-widget-heading\" data-id=\"be187a2\" data-element_type=\"widget\" data-widget_type=\"heading.default\">\n\t\t\t\t<div class=\"elementor-widget-container\">\n\t\t\t<style>\/*! elementor - v3.18.0 - 20-12-2023 *\/\n.elementor-heading-title{padding:0;margin:0;line-height:1}.elementor-widget-heading .elementor-heading-title[class*=elementor-size-]>a{color:inherit;font-size:inherit;line-height:inherit}.elementor-widget-heading .elementor-heading-title.elementor-size-small{font-size:15px}.elementor-widget-heading .elementor-heading-title.elementor-size-medium{font-size:19px}.elementor-widget-heading .elementor-heading-title.elementor-size-large{font-size:29px}.elementor-widget-heading .elementor-heading-title.elementor-size-xl{font-size:39px}.elementor-widget-heading .elementor-heading-title.elementor-size-xxl{font-size:59px}<\/style><h2 class=\"elementor-heading-title elementor-size-default\">Press<\/h2>\t\t<\/div>\n\t\t\t\t<\/div>\n\t\t\t\t<div class=\"elementor-element elementor-element-c5e2da2 elementor-widget elementor-widget-shortcode\" data-id=\"c5e2da2\" data-element_type=\"widget\" id=\"presse\" data-widget_type=\"shortcode.default\">\n\t\t\t\t<div class=\"elementor-widget-container\">\n\t\t\t\t\t<div class=\"elementor-shortcode\">\t<!-- CSS Part Start From Here-->\r\n\t<style>\r\n\t\t\r\n\t\t.portfolio-wraper {\r\n\t\t\t\t\t\tmargin-bottom:20px;\r\n\t\t}\r\n\t\t\r\n\t\t\t\tli#all {\r\n\t\t\tmargin: 0;\r\n\t\t}\r\n\t\t\r\n\t\t.simplefilter li {\r\n\t\t\tmargin-top: 5px;\r\n\t\t}\r\n\t\t\r\n\t\t.filtr-search {\r\n\t\t\tmargin-top:10px !important;\r\n\t\t\twidth:200px !important;\r\n\t\t\tmargin-bottom: 20px;\r\n\t\t}\r\n\t\t#all-simplefilter {\r\n\t\t\tdisplay:inline;\r\n\t\t\tpadding-left: 0px !important;\r\n\t\t}\r\n\t\t#f-simplefilter-6299 {\r\n\t\t\tdisplay:inline;\r\n\t\t\tpadding-left: 0px !important;\r\n\t\t}\r\n\t\t\r\n\t\t\t\t.simplefilter_6299 li:not(:first-child){\r\n\t\t\tmargin-left:4px;\r\n\t\t}\r\n\t\t\t\t\t\r\n\t\t@keyframes .YouTubePopUp-Content  {\r\n\t\t\tfrom {\r\n\t\t\t\ttransform: translate3d(0, 100%, 0);\r\n\t\t\t\tvisibility: visible;\r\n\t\t\t}\r\n\r\n\t\t\tto {\r\n\t\t\t\ttransform: translate3d(0, 0, 0);\r\n\t\t\t}\r\n\t\t}\r\n\r\n\t\t.YouTubePopUp-Content  {\r\n\t\t\tanimation-name: .YouTubePopUp-Content ;\r\n\t\t}\r\n\r\n\t\t.YouTubePopUp-Close { \r\n\t\t\tbackground:url(https:\/\/cecilecparis.com\/wp-content\/plugins\/portfolio-filter-gallery\/\/img\/close-icon-white.png) no-repeat;\r\n\t\t\tbackground-size:50px 50px;\r\n\t\t\t-webkit-background-size:70px 50px;\r\n\t\t\t-moz-background-size:70px 50px;\r\n\t\t\t-o-background-size:70px 50px;\r\n\t\t}\r\n\t\tul.simplefilter {\r\n\t\t\tmargin-left: 0 !important;\r\n\t\t}\r\n\t\t.pfg_img_6299 {\r\n\t\t\twidth: 100% !important;\r\n\t\t\theight: 100% !important;\r\n\t\t}\r\n\t\t.filter_gallery_6299 > a {\r\n\t\t\tposition: initial !important;\r\n\t\t}\r\n\t\t.thumbnail_6299 {\r\n\t\t\twidth:100% !important;\r\n\t\t\theight:auto;\r\n\t\t\tmargin-bottom: 0px !important;\r\n\t\t\t\r\n\t\t}\r\n\t\t.filtr-item {\r\n\t\t\tpadding-right:7px !important;\r\n\t\t\tpadding-left:7px !important;\r\n\t\t\tpadding-top:7px !important;\r\n\t\t\tpadding-bottom:7px !important;\r\n\t\t}\r\n\t\t.filtr-item img {\r\n\t\t\ttransition: all .2s !important\r\n\t\t}\r\n\t\t\t\t\t\t.simplefilter_6299 li {\r\n\t\t\tbackground-color: #ccc;\r\n\t\t\tcolor: #aa8b47;\r\n\t\t}\r\n\t\t\r\n\t\t.simplefilter_6299 li:hover {\r\n\t\t\tbackground-color: #ffffff !important;\r\n\t\t}\r\n\t\t\r\n\t\t.simplefilter_6299 li.active {\r\n\t\t\tbackground-color: #ffffff !important;\r\n\t\t}\r\n\t\t\r\n\t\t#presse .simplefilter_6299 li {\r\n  background-color: #ffffff !important;\r\n  color: #AA8B47 !important;\r\n}\r\n\r\n#presse .col-lg-12 {\r\n margin-bottom: 20px;\r\n}\r\n\r\n#presse .active {\r\n border-bottom-width: 2px;\r\n border-bottom-style: solid;\r\n border-bottom-color: #AA8B47;\r\n}\t<\/style>\r\n\t\t<div class=\"portfolio-wraper pfg-bootstrap\" version=\"1.5.2\">\r\n\t\t\t\t\t<div class=\"col-lg-12 col-md-12 col-xs-12 text-center\">\r\n\t\t\t\t<ul id=\"all-simplefilter\" class=\"filtr-control-6299 simplefilter simplefilter_6299\">\r\n\t\t\t\t\t<li id=\"all\" class=\"active filtr-controls-6299\" data-filter=\"all\">All<\/li>\r\n\t\t\t\t<\/ul>\r\n\t\t\t\t<ul id=\"f-simplefilter-6299\" class=\"filtr-control-6299 simplefilter simplefilter_6299\">\r\n\t\t\t\t\t\t\t\t\t\t\t\t<li data-filter=\"2\" class=\"filtr-controls-6299\">Digital Media<\/li>\r\n\t\t\t\t\t\t\t\t\t\t\t\t\t\t<li data-filter=\"1\" class=\"filtr-controls-6299\">The press file<\/li>\r\n\t\t\t\t\t\t\t\t\t\t\t<\/ul>\r\n\t\t\t<\/div>\r\n\t\t\t\t<!-- Shuffle & Sort Controls -->\r\n\t\t\t\t\r\n\t\t<div class=\"row loading-wrapper text-center\">\r\n\t\t\t<img decoding=\"async\" src=\"https:\/\/i0.wp.com\/cecilecparis.com\/wp-content\/plugins\/portfolio-filter-gallery\/\/img\/loading-icon.gif?w=60&#038;ssl=1\"  data-recalc-dims=\"1\">\r\n\t\t<\/div>\r\n\t\t<div class=\"filter_gallery_6299 row filtr-container filters-div\" style=\"opacity:0; display:none;\">\r\n\t\t\t\t\t\t\t\t<a href=\"https:\/\/cecilecparis.com\/wp-content\/uploads\/2022\/11\/foxylab_web.pdf\" target=\"_blank\" title=\"FOXYLAB NEW YORK\">\r\n\t\t\t\t\t\t<div data-category=\"2\" data-sort=\"FOXYLAB NEW YORK\" class=\"animateonload filtr-item filtr_item_6299 single_one col-lg-4 col-md-12 col-sm-4 col-12\">\r\n\t\t\t\t\t\t\t\t\t\t\t\t\t\t\t<img decoding=\"async\" class=\"thumbnail_6299 pfg-img pfg_img_6299 img-responsive hvr-grow-shadow\" src=\"https:\/\/i0.wp.com\/cecilecparis.com\/wp-content\/uploads\/2022\/11\/press_02.jpg?fit=1200%2C848&#038;ssl=1\" alt=\"CECILE C PARIS\">\r\n\t\t\t\t\t\t\t\t\t\t\t\t\t\t\t\t\t<span class=\"item-desc item_desc_6299\">FOXYLAB NEW YORK<\/span>\r\n\t\t\t\t\t\t\t\t\t\t\t\t\t\t<\/div>\r\n\t\t\t\t\t<\/a>\r\n\t\t\t\t\t\t\t\t\t\t<a href=\"https:\/\/cecilecparis.com\/wp-content\/uploads\/2022\/09\/presse_web.pdf\" target=\"_blank\" title=\"The press file\">\r\n\t\t\t\t\t\t<div data-category=\"1\" data-sort=\"Le dossier de presse\" class=\"animateonload filtr-item filtr_item_6299 single_one col-lg-4 col-md-12 col-sm-4 col-12\">\r\n\t\t\t\t\t\t\t\t\t\t\t\t\t\t\t<img decoding=\"async\" class=\"thumbnail_6299 pfg-img pfg_img_6299 img-responsive hvr-grow-shadow\" src=\"https:\/\/i0.wp.com\/cecilecparis.com\/wp-content\/uploads\/2022\/09\/press_01.jpg?fit=1200%2C848&#038;ssl=1\" alt=\"Cecile C Paris Le dossier de presse\">\r\n\t\t\t\t\t\t\t\t\t\t\t\t\t\t\t\t\t<span class=\"item-desc item_desc_6299\">The press file<\/span>\r\n\t\t\t\t\t\t\t\t\t\t\t\t\t\t<\/div>\r\n\t\t\t\t\t<\/a>\r\n\t\t\t\t\t\t\t\t\t\t<a href=\"https:\/\/cecilecparis.com\/wp-content\/uploads\/2024\/05\/Attitude-luxe_compressed.pdf\" target=\"_blank\" title=\"ATTITUDE LUXE\">\r\n\t\t\t\t\t\t<div data-category=\"2\" data-sort=\"ATTITUDE LUXE\" class=\"animateonload filtr-item filtr_item_6299 single_one col-lg-4 col-md-12 col-sm-4 col-12\">\r\n\t\t\t\t\t\t\t\t\t\t\t\t\t\t\t<img decoding=\"async\" class=\"thumbnail_6299 pfg-img pfg_img_6299 img-responsive hvr-grow-shadow\" src=\"https:\/\/i0.wp.com\/cecilecparis.com\/wp-content\/uploads\/2024\/05\/attitude-luxe.png?fit=600%2C424&#038;ssl=1\" alt=\"\">\r\n\t\t\t\t\t\t\t\t\t\t\t\t\t\t\t\t\t<span class=\"item-desc item_desc_6299\">ATTITUDE LUXE<\/span>\r\n\t\t\t\t\t\t\t\t\t\t\t\t\t\t<\/div>\r\n\t\t\t\t\t<\/a>\r\n\t\t\t\t\t\t\t\t\t\t<a href=\"https:\/\/cecilecparis.com\/wp-content\/uploads\/2024\/09\/CECILECPARIS_CP-1-1.pdf\" target=\"_blank\" title=\"COMMUNIQU\u00c9 DE PRESSE\">\r\n\t\t\t\t\t\t<div data-category=\"1\" data-sort=\"COMMUNIQU\u00c9 DE PRESSE\" class=\"animateonload filtr-item filtr_item_6299 single_one col-lg-4 col-md-12 col-sm-4 col-12\">\r\n\t\t\t\t\t\t\t\t\t\t\t\t\t\t\t<img decoding=\"async\" class=\"thumbnail_6299 pfg-img pfg_img_6299 img-responsive hvr-grow-shadow\" src=\"https:\/\/i0.wp.com\/cecilecparis.com\/wp-content\/uploads\/2024\/09\/Design-sans-titre-74.jpg?fit=1200%2C848&#038;ssl=1\" alt=\"\">\r\n\t\t\t\t\t\t\t\t\t\t\t\t\t\t\t\t\t<span class=\"item-desc item_desc_6299\">COMMUNIQU\u00c9 DE PRESSE<\/span>\r\n\t\t\t\t\t\t\t\t\t\t\t\t\t\t<\/div>\r\n\t\t\t\t\t<\/a>\r\n\t\t\t\t\t\t\t<\/div>\r\n\t<\/div>\r\n<script>\r\n\r\nsetTimeout(function () {\r\n\tjQuery(\".thumbnail_6299\").each(function(){\r\n\t\t\/\/ console.log(jQuery(this).width() + \"x\" + jQuery(this).height())\r\n\t\tvar h = jQuery(this).height();\r\n\t\tvar w = jQuery(this).width();\r\n\t\tjQuery(this).height(h);\r\n\t\tjQuery(this).width(w);\r\n\t\tjQuery(this).resize();\r\n\t});\r\n}, 2500);\r\n\r\njQuery(document).ready(function (jQuery) {\r\n\tjQuery('.filtr-item').addClass('animateonload');\r\n\tjQuery('#filter_gallery_6299').show();\r\n\tjQuery('.loading-wrapper').hide();\r\n\tjQuery(\".loader_img\").hide();\r\n\tjQuery(\".lg_load_more\").show();\r\n\tjQuery(\".filtr-container\").css(\"opacity\", 1);\r\n\t\/\/Filterizd Default options\r\n\toptions = {\r\n\t\tanimationDuration: 0.5,\r\n\t\tcallbacks: {\r\n\t\t\tonFilteringStart: function() { },\r\n\t\t\tonFilteringEnd: function() { },\r\n\t\t\tonShufflingStart: function() { },\r\n\t\t\tonShufflingEnd: function() { },\r\n\t\t\tonSortingStart: function() { },\r\n\t\t\tonSortingEnd: function() { }\r\n\t\t},\r\n\t\tcontrolsSelector: '.filtr-controls-6299',\r\n\t\tfilter: 'all',\r\n\t\t filterOutCss: {\r\n\t\t  top:'0px',\r\n\t\t\tleft:'0px',\r\n\t\t\topacity: 0.001,\r\n\t\t\ttransform: ''\r\n\t\t  },\r\n\t\t  filterInCss: {\r\n\t\t\t  top:'0px',\r\n\t\t\tleft:'0px',\r\n\t\t\topacity: 1,\r\n\t\t\ttransform: ''\r\n\t\t  },\r\n\t\tlayout: 'sameWidth',\r\n\t\tselector: '.filtr-item',\r\n\t\tsetupControls: false\r\n\t}\r\n\tvar filterizd = jQuery('.filter_gallery_6299').filterizr(options);\r\n\t\/\/filterizd.filterizr('sort', 'domIndex', 'desc');\r\n\tjQuery('.filter_gallery_6299').imagesLoaded( function() {\r\n\t\t\/\/ images have already loaded, instantiate Filterizr\r\n\t\tjQuery('.filter_gallery_6299').filterizr(options);\r\n\t}); \r\n\t\t\t\t\/* Sort li to alphabetically: *\/\r\n\t\t\tfunction sortList(ul) {\r\n\t\t\t\tvar ul = document.getElementById(\"f-simplefilter-6299\");\r\n\t\t\t\tArray.from(ul.getElementsByTagName(\"LI\"))\r\n\t\t\t\t.sort((a, b) => a.textContent.localeCompare(b.textContent))\r\n\t\t\t\t.forEach(li => ul.appendChild(li));\r\n\t\t\t}\r\n\t\t\tsortList(\"f-simplefilter-6299\");\r\n\t\t\/* Sort li to alphabetically: *\/\r\n\t\t\t\r\n\t\t\/\/bootstrap-lightbox-js\r\n\t\t\/\/ delegate calls to data-toggle=\"lightbox\"\r\n\t\tjQuery(document).delegate('*[data-toggle=\"lightbox\"]:not([data-gallery=\"navigateTo\"])', 'click', function(event) {\r\n\t\t\tevent.preventDefault();\r\n\t\t\treturn jQuery(this).ekkoLightbox({\r\n\t\t\t\tonShown: function() {\r\n\t\t\t\t\t\/* if (window.console) {\r\n\t\t\t\t\t\treturn console.log('Checking our the events huh?');\r\n\t\t\t\t\t} *\/\r\n\t\t\t\t},\r\n\t\t\t\tonNavigate: function(direction, itemIndex) {\r\n\t\t\t\t\tif (window.console) {\r\n\t\t\t\t\t\treturn console.log('Navigating '+direction+'. Current item: '+itemIndex);\r\n\t\t\t\t\t}\r\n\t\t\t\t}\r\n\t\t\t});\r\n\t\t});\r\n\t\t\r\n\t\tjQuery('.filtr-control-6299 [data-filter]').click(function() {\r\n\t\t\t\/\/jQuery('.swiper-6299').swipebox('swipebox-destroy');\r\n\t\t\tvar targetFilter = jQuery(this).data('filter');\r\n\t\t\tvar lighbox_class_name = \"pfg-lightbox-\" + targetFilter;\r\n\t\t\tjQuery('.pfg-lightbox-' + targetFilter ).attr('data-lightbox', lighbox_class_name); \/\/ add data filter for parent filters\r\n\t\t});\r\n\r\n\t\t\/\/Programatically call\r\n\t\tjQuery('#open-image').click(function (e) {\r\n\t\t\te.preventDefault();\r\n\t\t\tjQuery(this).ekkoLightbox();\r\n\t\t});\r\n\t\tjQuery('#open-youtube').click(function (e) {\r\n\t\t\te.preventDefault();\r\n\t\t\tjQuery(this).ekkoLightbox();\r\n\t\t});\r\n\r\n\t\t\/\/ navigateTo\r\n\t\tjQuery(document).delegate('*[data-gallery=\"navigateTo\"]', 'click', function(event) {\r\n\t\t\tevent.preventDefault();\r\n\r\n\t\t\tvar lb;\r\n\t\t\treturn jQuery(this).ekkoLightbox({\r\n\t\t\t\tonShown: function() {\r\n\t\t\t\t\tlb = this;\r\n\t\t\t\t\tjQuery(lb.modal_content).on('click', '.modal-footer a', function(e) {\r\n\t\t\t\t\t\te.preventDefault();\r\n\t\t\t\t\t\tlb.navigateTo(2);\r\n\t\t\t\t\t});\r\n\t\t\t\t}\r\n\t\t\t});\r\n\t\t});\r\n\t\r\n\r\n\t\/\/ video player\r\n\tjQuery(function(){\r\n      jQuery(\"a.video-box-6299\").YouTubePopUp( { autoplay: 0 } ); \/\/ Disable autoplay\r\n\t});\r\n\t\r\n});   \r\n<\/script><\/div>\n\t\t\t\t<\/div>\n\t\t\t\t<\/div>\n\t\t\t\t\t<\/div>\n\t\t<\/div>\n\t\t\t\t\t\t\t<\/div>\n\t\t<\/section>\n\t\t\t\t\t\t\t<\/div>","protected":false},"excerpt":{"rendered":"<p>Press<\/p>","protected":false},"author":1,"featured_media":0,"parent":0,"menu_order":0,"comment_status":"closed","ping_status":"closed","template":"elementor_header_footer","meta":{"om_disable_all_campaigns":false,"_monsterinsights_skip_tracking":false,"_monsterinsights_sitenote_active":false,"_monsterinsights_sitenote_note":"","_monsterinsights_sitenote_category":0,"_themeisle_gutenberg_block_has_review":false,"footnotes":""},"class_list":["post-30","page","type-page","status-publish","hentry"],"aioseo_notices":[],"jetpack_sharing_enabled":true,"jetpack-related-posts":[{"id":125,"url":"https:\/\/cecilecparis.com\/en\/politique-relative-aux-cookies\/","url_meta":{"origin":30,"position":0},"title":"Politique relative aux cookies","author":"admin7218","date":"8 July 2022","format":false,"excerpt":"Politique relative aux cookies Sous r\u00e9serve de votre consentement qui vous sera demand\u00e9 lors de votre premi\u00e8re visite sur le site cecileCparis.com, des cookies seront utilis\u00e9s.Les cookies sont de petits fichiers informatiques contenant des informations qui permettent notamment de faciliter la navigation sur le site et de garder vos pr\u00e9f\u00e9rences\u2026","rel":"","context":"Similar post","block_context":{"text":"Similar post","link":""},"img":{"alt_text":"","src":"","width":0,"height":0},"classes":[]},{"id":121,"url":"https:\/\/cecilecparis.com\/en\/mentions-legales\/","url_meta":{"origin":30,"position":1},"title":"Mentions l\u00e9gales","author":"admin7218","date":"8 July 2022","format":false,"excerpt":"Mentions l\u00e9gales Site \u00e9dit\u00e9 par la Soci\u00e9t\u00e9 CECILE C PARISSoci\u00e9t\u00e9 par actions simplifi\u00e9e au capital de 1.000 eurosSIRET : 913 373 072 00010RCS PARIS : 913 373 072 Code APE : 32.13Z Num\u00e9ro de TVA intra : FR 81913373072 Responsable l\u00e9gal du site :Madame C\u00e9cile CHEVALIERSi\u00e8ge social : 39 Rue\u2026","rel":"","context":"Similar post","block_context":{"text":"Similar post","link":""},"img":{"alt_text":"","src":"","width":0,"height":0},"classes":[]},{"id":6503,"url":"https:\/\/cecilecparis.com\/en\/equipes\/","url_meta":{"origin":30,"position":2},"title":"Les \u00e9quipes","author":"NakazakiTomiko","date":"5 September 2023","format":false,"excerpt":"Mes \u00e9quipes Les sous traitants- Michel, mon ami de 20 ans- Monot : Fondeur- Galvanor 2000 : Galvanoplastie- Soudurex Sarl : Email, soudure\u00a0- AGSE : gravures- Carole DESHEULLES : Photographe- Tomiko NAKAZAKI : Cr\u00e9ateur multim\u00e9dia, Design et r\u00e9aliser du site, Graphiste, Photographe- Marcel et Gis\u00e8le : Maquettes- Les ateliers des\u2026","rel":"","context":"Similar post","block_context":{"text":"Similar post","link":""},"img":{"alt_text":"","src":"","width":0,"height":0},"classes":[]},{"id":28,"url":"https:\/\/cecilecparis.com\/en\/cecilecparis\/","url_meta":{"origin":30,"position":3},"title":"cecileCparis","author":"admin7218","date":"13 June 2022","format":false,"excerpt":"C\u00e9cile C Bijouti\u00e8re Joailli\u00e8re ayant grandi au sein de grandes maisons comme Chanel, C\u00e9cile est tomb\u00e9e en admiration pour l\u2019\u00e9l\u00e9gance parisienne et pour l\u2019univers des bijoux Haute couture selon Gabrielle.Elle s\u2019est donn\u00e9 pour mission de mettre en valeur l\u2019artisanat Fran\u00e7ais, en cr\u00e9ant, fabriquant \u00e0 Paris, avec des composants exclusivement Fran\u00e7ais.\u2028Ses\u2026","rel":"","context":"Similar post","block_context":{"text":"Similar post","link":""},"img":{"alt_text":"Cecile C Paris","src":"https:\/\/i0.wp.com\/cecilecparis.com\/wp-content\/uploads\/2022\/09\/cecilecparis_02-765x1024.jpg?resize=350%2C200&ssl=1","width":350,"height":200,"srcset":"https:\/\/i0.wp.com\/cecilecparis.com\/wp-content\/uploads\/2022\/09\/cecilecparis_02-765x1024.jpg?resize=350%2C200&ssl=1 1x, https:\/\/i0.wp.com\/cecilecparis.com\/wp-content\/uploads\/2022\/09\/cecilecparis_02-765x1024.jpg?resize=525%2C300&ssl=1 1.5x, https:\/\/i0.wp.com\/cecilecparis.com\/wp-content\/uploads\/2022\/09\/cecilecparis_02-765x1024.jpg?resize=700%2C400&ssl=1 2x"},"classes":[]},{"id":6902,"url":"https:\/\/cecilecparis.com\/en\/","url_meta":{"origin":30,"position":4},"title":"CECILE C PARIS","author":"NakazakiTomiko","date":"21 September 2023","format":false,"excerpt":"C\u00e9cile CD\u00e9couvrirChristianeD\u00e9couvrirChristianeD\u00e9couvrirChristianeD\u00e9couvrirChristianeD\u00e9couvrirChristianeD\u00e9couvrirChristianeD\u00e9couvrir Diapositive pr\u00e9c\u00e9dente Diapositive suivante MarylineVoir la collectionJacotteVoir la collectionAnneVoir la collectionJeannineVoir la collectionCatherineVoir la collectionOdetteVoir la collectionC\u00e9cile CD\u00e9couvrir Diapositive pr\u00e9c\u00e9dente Diapositive suivante C\u00e9cile CD\u00e9couvrirMarylineD\u00e9couvrirJacotteD\u00e9couvrirAnneD\u00e9couvrirJeannineD\u00e9couvrirCatherineD\u00e9couvrirOdetteD\u00e9couvrir Diapositive pr\u00e9c\u00e9dente Diapositive suivante Th\u00e8mes NOUVEAUT\u00c9S !2 Th\u00e8mes : Lydia & Christine Lydiavoir la collection\u25b8 Voir la collection\u25b8 Christinevoir la collection\u25b8 Voir la collection\u25b8\u2026","rel":"","context":"Similar post","block_context":{"text":"Similar post","link":""},"img":{"alt_text":"","src":"https:\/\/i0.wp.com\/cecilecparis.com\/wp-content\/uploads\/2025\/12\/ANNONCE-NOUVELLE-CO-3-1024x1024.jpg?resize=350%2C200&ssl=1","width":350,"height":200,"srcset":"https:\/\/i0.wp.com\/cecilecparis.com\/wp-content\/uploads\/2025\/12\/ANNONCE-NOUVELLE-CO-3-1024x1024.jpg?resize=350%2C200&ssl=1 1x, https:\/\/i0.wp.com\/cecilecparis.com\/wp-content\/uploads\/2025\/12\/ANNONCE-NOUVELLE-CO-3-1024x1024.jpg?resize=525%2C300&ssl=1 1.5x, https:\/\/i0.wp.com\/cecilecparis.com\/wp-content\/uploads\/2025\/12\/ANNONCE-NOUVELLE-CO-3-1024x1024.jpg?resize=700%2C400&ssl=1 2x"},"classes":[]},{"id":3,"url":"https:\/\/cecilecparis.com\/en\/politique-de-confidentialite\/","url_meta":{"origin":30,"position":5},"title":"Politique de confidentialit\u00e9","author":"admin7218","date":"10 June 2022","format":false,"excerpt":"Politique de Confidentialit\u00e9 Collecte des donn\u00e9es personnelles : CECILE C PARIS accorde une importance particuli\u00e8re \u00e0 la protection des donn\u00e9es personnelles des visiteurs de son site Internet, et s\u2019engage \u00e0 pr\u00e9server la confidentialit\u00e9 des donn\u00e9es collect\u00e9es. Avec votre consentement pr\u00e9alable, ces donn\u00e9es sont collect\u00e9es lorsque vous nous les communiquez suite\u2026","rel":"","context":"Similar post","block_context":{"text":"Similar post","link":""},"img":{"alt_text":"","src":"","width":0,"height":0},"classes":[]}],"_links":{"self":[{"href":"https:\/\/cecilecparis.com\/en\/wp-json\/wp\/v2\/pages\/30","targetHints":{"allow":["GET"]}}],"collection":[{"href":"https:\/\/cecilecparis.com\/en\/wp-json\/wp\/v2\/pages"}],"about":[{"href":"https:\/\/cecilecparis.com\/en\/wp-json\/wp\/v2\/types\/page"}],"author":[{"embeddable":true,"href":"https:\/\/cecilecparis.com\/en\/wp-json\/wp\/v2\/users\/1"}],"replies":[{"embeddable":true,"href":"https:\/\/cecilecparis.com\/en\/wp-json\/wp\/v2\/comments?post=30"}],"version-history":[{"count":152,"href":"https:\/\/cecilecparis.com\/en\/wp-json\/wp\/v2\/pages\/30\/revisions"}],"predecessor-version":[{"id":6332,"href":"https:\/\/cecilecparis.com\/en\/wp-json\/wp\/v2\/pages\/30\/revisions\/6332"}],"wp:attachment":[{"href":"https:\/\/cecilecparis.com\/en\/wp-json\/wp\/v2\/media?parent=30"}],"curies":[{"name":"wp","href":"https:\/\/api.w.org\/{rel}","templated":true}]}}