{"id":125,"date":"2022-07-08T16:09:16","date_gmt":"2022-07-08T14:09:16","guid":{"rendered":"https:\/\/cecilecparis.com\/?page_id=125"},"modified":"2022-10-17T18:08:26","modified_gmt":"2022-10-17T16:08:26","slug":"politique-relative-aux-cookies","status":"publish","type":"page","link":"https:\/\/cecilecparis.com\/en\/politique-relative-aux-cookies\/","title":{"rendered":"Cookie policy"},"content":{"rendered":"<div data-elementor-type=\"wp-page\" data-elementor-id=\"125\" class=\"elementor elementor-125\" data-elementor-post-type=\"page\">\n\t\t\t\t\t\t\t\t\t<section class=\"elementor-section elementor-top-section elementor-element elementor-element-9ffe3d0 elementor-section-boxed elementor-section-height-default elementor-section-height-default\" data-id=\"9ffe3d0\" data-element_type=\"section\">\n\t\t\t\t\t\t<div class=\"elementor-container elementor-column-gap-no\">\n\t\t\t\t\t<div class=\"elementor-column elementor-col-100 elementor-top-column elementor-element elementor-element-983360a\" data-id=\"983360a\" data-element_type=\"column\">\n\t\t\t<div class=\"elementor-widget-wrap elementor-element-populated\">\n\t\t\t\t\t\t\t\t<div class=\"elementor-element elementor-element-78b9360 elementor-widget elementor-widget-heading\" data-id=\"78b9360\" data-element_type=\"widget\" data-widget_type=\"heading.default\">\n\t\t\t\t<div class=\"elementor-widget-container\">\n\t\t\t<style>\/*! elementor - v3.18.0 - 20-12-2023 *\/\n.elementor-heading-title{padding:0;margin:0;line-height:1}.elementor-widget-heading .elementor-heading-title[class*=elementor-size-]>a{color:inherit;font-size:inherit;line-height:inherit}.elementor-widget-heading .elementor-heading-title.elementor-size-small{font-size:15px}.elementor-widget-heading .elementor-heading-title.elementor-size-medium{font-size:19px}.elementor-widget-heading .elementor-heading-title.elementor-size-large{font-size:29px}.elementor-widget-heading .elementor-heading-title.elementor-size-xl{font-size:39px}.elementor-widget-heading .elementor-heading-title.elementor-size-xxl{font-size:59px}<\/style><h2 class=\"elementor-heading-title elementor-size-default\">Cookie policy<\/h2>\t\t<\/div>\n\t\t\t\t<\/div>\n\t\t\t\t<div class=\"elementor-element elementor-element-6f5e86c elementor-widget elementor-widget-text-editor\" data-id=\"6f5e86c\" data-element_type=\"widget\" data-widget_type=\"text-editor.default\">\n\t\t\t\t<div class=\"elementor-widget-container\">\n\t\t\t<style>\/*! elementor - v3.18.0 - 20-12-2023 *\/\n.elementor-widget-text-editor.elementor-drop-cap-view-stacked .elementor-drop-cap{background-color:#69727d;color:#fff}.elementor-widget-text-editor.elementor-drop-cap-view-framed .elementor-drop-cap{color:#69727d;border:3px solid;background-color:transparent}.elementor-widget-text-editor:not(.elementor-drop-cap-view-default) .elementor-drop-cap{margin-top:8px}.elementor-widget-text-editor:not(.elementor-drop-cap-view-default) .elementor-drop-cap-letter{width:1em;height:1em}.elementor-widget-text-editor .elementor-drop-cap{float:left;text-align:center;line-height:1;font-size:50px}.elementor-widget-text-editor .elementor-drop-cap-letter{display:inline-block}<\/style>\t\t\t\t<p>Subject to your consent, which you will be asked for on your first visit to the cecileCparis.com website, cookies will be used.<\/p><p>Cookies are small computer files containing information that in particular facilitates navigation on the site and remembers your preferences.<\/p><p>These cookies record data, such as connection identifiers or the products consulted, and are used to establish commercial statistics in order to better meet the expectations of Internet users.<\/p>\t\t\t\t\t\t<\/div>\n\t\t\t\t<\/div>\n\t\t\t\t\t<\/div>\n\t\t<\/div>\n\t\t\t\t\t\t\t<\/div>\n\t\t<\/section>\n\t\t\t\t\t\t\t<\/div>","protected":false},"excerpt":{"rendered":"<p>Politique relative aux cookies Sous r\u00e9serve de votre consentement qui vous sera demand\u00e9 lors de votre premi\u00e8re visite sur le site cecileCparis.com, des cookies seront utilis\u00e9s. Les cookies sont de petits fichiers informatiques contenant des informations qui permettent notamment de faciliter la navigation sur le site et de garder vos pr\u00e9f\u00e9rences en m\u00e9moire. Ces cookies [&hellip;]<\/p>","protected":false},"author":1,"featured_media":0,"parent":0,"menu_order":0,"comment_status":"closed","ping_status":"closed","template":"elementor_header_footer","meta":{"om_disable_all_campaigns":false,"_monsterinsights_skip_tracking":false,"_monsterinsights_sitenote_active":false,"_monsterinsights_sitenote_note":"","_monsterinsights_sitenote_category":0,"_themeisle_gutenberg_block_has_review":false,"footnotes":""},"class_list":["post-125","page","type-page","status-publish","hentry"],"aioseo_notices":[],"jetpack_sharing_enabled":true,"jetpack-related-posts":[{"id":121,"url":"https:\/\/cecilecparis.com\/en\/mentions-legales\/","url_meta":{"origin":125,"position":0},"title":"Mentions l\u00e9gales","author":"admin7218","date":"8 July 2022","format":false,"excerpt":"Mentions l\u00e9gales Site \u00e9dit\u00e9 par la Soci\u00e9t\u00e9 CECILE C PARISSoci\u00e9t\u00e9 par actions simplifi\u00e9e au capital de 1.000 eurosSIRET : 913 373 072 00010RCS PARIS : 913 373 072 Code APE : 32.13Z Num\u00e9ro de TVA intra : FR 81913373072 Responsable l\u00e9gal du site :Madame C\u00e9cile CHEVALIERSi\u00e8ge social : 39 Rue\u2026","rel":"","context":"Similar post","block_context":{"text":"Similar post","link":""},"img":{"alt_text":"","src":"","width":0,"height":0},"classes":[]},{"id":6503,"url":"https:\/\/cecilecparis.com\/en\/equipes\/","url_meta":{"origin":125,"position":1},"title":"Les \u00e9quipes","author":"NakazakiTomiko","date":"5 September 2023","format":false,"excerpt":"Mes \u00e9quipes Les sous traitants- Michel, mon ami de 20 ans- Monot : Fondeur- Galvanor 2000 : Galvanoplastie- Soudurex Sarl : Email, soudure\u00a0- AGSE : gravures- Carole DESHEULLES : Photographe- Tomiko NAKAZAKI : Cr\u00e9ateur multim\u00e9dia, Design et r\u00e9aliser du site, Graphiste, Photographe- Marcel et Gis\u00e8le : Maquettes- Les ateliers des\u2026","rel":"","context":"Similar post","block_context":{"text":"Similar post","link":""},"img":{"alt_text":"","src":"","width":0,"height":0},"classes":[]},{"id":28,"url":"https:\/\/cecilecparis.com\/en\/cecilecparis\/","url_meta":{"origin":125,"position":2},"title":"cecileCparis","author":"admin7218","date":"13 June 2022","format":false,"excerpt":"C\u00e9cile C Bijouti\u00e8re Joailli\u00e8re ayant grandi au sein de grandes maisons comme Chanel, C\u00e9cile est tomb\u00e9e en admiration pour l\u2019\u00e9l\u00e9gance parisienne et pour l\u2019univers des bijoux Haute couture selon Gabrielle.Elle s\u2019est donn\u00e9 pour mission de mettre en valeur l\u2019artisanat Fran\u00e7ais, en cr\u00e9ant, fabriquant \u00e0 Paris, avec des composants exclusivement Fran\u00e7ais.\u2028Ses\u2026","rel":"","context":"Similar post","block_context":{"text":"Similar post","link":""},"img":{"alt_text":"Cecile C Paris","src":"https:\/\/i0.wp.com\/cecilecparis.com\/wp-content\/uploads\/2022\/09\/cecilecparis_02-765x1024.jpg?resize=350%2C200&ssl=1","width":350,"height":200,"srcset":"https:\/\/i0.wp.com\/cecilecparis.com\/wp-content\/uploads\/2022\/09\/cecilecparis_02-765x1024.jpg?resize=350%2C200&ssl=1 1x, https:\/\/i0.wp.com\/cecilecparis.com\/wp-content\/uploads\/2022\/09\/cecilecparis_02-765x1024.jpg?resize=525%2C300&ssl=1 1.5x, https:\/\/i0.wp.com\/cecilecparis.com\/wp-content\/uploads\/2022\/09\/cecilecparis_02-765x1024.jpg?resize=700%2C400&ssl=1 2x"},"classes":[]},{"id":6902,"url":"https:\/\/cecilecparis.com\/en\/","url_meta":{"origin":125,"position":3},"title":"CECILE C PARIS","author":"NakazakiTomiko","date":"21 September 2023","format":false,"excerpt":"C\u00e9cile CD\u00e9couvrirChristianeD\u00e9couvrirChristianeD\u00e9couvrirChristianeD\u00e9couvrirChristianeD\u00e9couvrirChristianeD\u00e9couvrirChristianeD\u00e9couvrir Diapositive pr\u00e9c\u00e9dente Diapositive suivante MarylineVoir la collectionJacotteVoir la collectionAnneVoir la collectionJeannineVoir la collectionCatherineVoir la collectionOdetteVoir la collectionC\u00e9cile CD\u00e9couvrir Diapositive pr\u00e9c\u00e9dente Diapositive suivante C\u00e9cile CD\u00e9couvrirMarylineD\u00e9couvrirJacotteD\u00e9couvrirAnneD\u00e9couvrirJeannineD\u00e9couvrirCatherineD\u00e9couvrirOdetteD\u00e9couvrir Diapositive pr\u00e9c\u00e9dente Diapositive suivante Th\u00e8mes NOUVEAUT\u00c9S !2 Th\u00e8mes : Lydia & Christine Lydiavoir la collection\u25b8 Voir la collection\u25b8 Christinevoir la collection\u25b8 Voir la collection\u25b8\u2026","rel":"","context":"Similar post","block_context":{"text":"Similar post","link":""},"img":{"alt_text":"","src":"https:\/\/i0.wp.com\/cecilecparis.com\/wp-content\/uploads\/2025\/12\/ANNONCE-NOUVELLE-CO-3-1024x1024.jpg?resize=350%2C200&ssl=1","width":350,"height":200,"srcset":"https:\/\/i0.wp.com\/cecilecparis.com\/wp-content\/uploads\/2025\/12\/ANNONCE-NOUVELLE-CO-3-1024x1024.jpg?resize=350%2C200&ssl=1 1x, https:\/\/i0.wp.com\/cecilecparis.com\/wp-content\/uploads\/2025\/12\/ANNONCE-NOUVELLE-CO-3-1024x1024.jpg?resize=525%2C300&ssl=1 1.5x, https:\/\/i0.wp.com\/cecilecparis.com\/wp-content\/uploads\/2025\/12\/ANNONCE-NOUVELLE-CO-3-1024x1024.jpg?resize=700%2C400&ssl=1 2x"},"classes":[]},{"id":3,"url":"https:\/\/cecilecparis.com\/en\/politique-de-confidentialite\/","url_meta":{"origin":125,"position":4},"title":"Politique de confidentialit\u00e9","author":"admin7218","date":"10 June 2022","format":false,"excerpt":"Politique de Confidentialit\u00e9 Collecte des donn\u00e9es personnelles : CECILE C PARIS accorde une importance particuli\u00e8re \u00e0 la protection des donn\u00e9es personnelles des visiteurs de son site Internet, et s\u2019engage \u00e0 pr\u00e9server la confidentialit\u00e9 des donn\u00e9es collect\u00e9es. Avec votre consentement pr\u00e9alable, ces donn\u00e9es sont collect\u00e9es lorsque vous nous les communiquez suite\u2026","rel":"","context":"Similar post","block_context":{"text":"Similar post","link":""},"img":{"alt_text":"","src":"","width":0,"height":0},"classes":[]},{"id":7200,"url":"https:\/\/cecilecparis.com\/en\/sav\/","url_meta":{"origin":125,"position":5},"title":"SAV","author":"NakazakiTomiko","date":"16 November 2023","format":false,"excerpt":"Service Apr\u00e8s-vente Entretien Toutes les pi\u00e8ces CECILE C Paris sont r\u00e9alis\u00e9es \u00e0 la main \u00e0 Paris et pr\u00e9sentent, par nature, de l\u00e9g\u00e8res variations qui rendent chaque bijou unique.Afin de pr\u00e9server l\u2019\u00e9clat de votre bijou, il est recommand\u00e9 d\u2019y apporter une attention particuli\u00e8re et de le manipuler avec d\u00e9licatesse. Il est\u2026","rel":"","context":"Similar post","block_context":{"text":"Similar post","link":""},"img":{"alt_text":"","src":"","width":0,"height":0},"classes":[]}],"_links":{"self":[{"href":"https:\/\/cecilecparis.com\/en\/wp-json\/wp\/v2\/pages\/125","targetHints":{"allow":["GET"]}}],"collection":[{"href":"https:\/\/cecilecparis.com\/en\/wp-json\/wp\/v2\/pages"}],"about":[{"href":"https:\/\/cecilecparis.com\/en\/wp-json\/wp\/v2\/types\/page"}],"author":[{"embeddable":true,"href":"https:\/\/cecilecparis.com\/en\/wp-json\/wp\/v2\/users\/1"}],"replies":[{"embeddable":true,"href":"https:\/\/cecilecparis.com\/en\/wp-json\/wp\/v2\/comments?post=125"}],"version-history":[{"count":43,"href":"https:\/\/cecilecparis.com\/en\/wp-json\/wp\/v2\/pages\/125\/revisions"}],"predecessor-version":[{"id":6189,"href":"https:\/\/cecilecparis.com\/en\/wp-json\/wp\/v2\/pages\/125\/revisions\/6189"}],"wp:attachment":[{"href":"https:\/\/cecilecparis.com\/en\/wp-json\/wp\/v2\/media?parent=125"}],"curies":[{"name":"wp","href":"https:\/\/api.w.org\/{rel}","templated":true}]}}