{"id":121,"date":"2022-07-08T16:07:40","date_gmt":"2022-07-08T14:07:40","guid":{"rendered":"https:\/\/cecilecparis.com\/?page_id=121"},"modified":"2023-12-13T16:04:21","modified_gmt":"2023-12-13T15:04:21","slug":"mentions-legales","status":"publish","type":"page","link":"https:\/\/cecilecparis.com\/en\/mentions-legales\/","title":{"rendered":"Legal notice"},"content":{"rendered":"<div data-elementor-type=\"wp-page\" data-elementor-id=\"121\" class=\"elementor elementor-121\" data-elementor-post-type=\"page\">\n\t\t\t\t\t\t\t\t\t<section class=\"elementor-section elementor-top-section elementor-element elementor-element-b744c49 elementor-section-boxed elementor-section-height-default elementor-section-height-default\" data-id=\"b744c49\" data-element_type=\"section\">\n\t\t\t\t\t\t<div class=\"elementor-container elementor-column-gap-no\">\n\t\t\t\t\t<div class=\"elementor-column elementor-col-100 elementor-top-column elementor-element elementor-element-606d894\" data-id=\"606d894\" data-element_type=\"column\">\n\t\t\t<div class=\"elementor-widget-wrap elementor-element-populated\">\n\t\t\t\t\t\t\t\t<div class=\"elementor-element elementor-element-5c3cdd9 elementor-widget elementor-widget-heading\" data-id=\"5c3cdd9\" data-element_type=\"widget\" data-widget_type=\"heading.default\">\n\t\t\t\t<div class=\"elementor-widget-container\">\n\t\t\t<style>\/*! elementor - v3.18.0 - 20-12-2023 *\/\n.elementor-heading-title{padding:0;margin:0;line-height:1}.elementor-widget-heading .elementor-heading-title[class*=elementor-size-]>a{color:inherit;font-size:inherit;line-height:inherit}.elementor-widget-heading .elementor-heading-title.elementor-size-small{font-size:15px}.elementor-widget-heading .elementor-heading-title.elementor-size-medium{font-size:19px}.elementor-widget-heading .elementor-heading-title.elementor-size-large{font-size:29px}.elementor-widget-heading .elementor-heading-title.elementor-size-xl{font-size:39px}.elementor-widget-heading .elementor-heading-title.elementor-size-xxl{font-size:59px}<\/style><h2 class=\"elementor-heading-title elementor-size-default\">Legal notice<\/h2>\t\t<\/div>\n\t\t\t\t<\/div>\n\t\t\t\t<div class=\"elementor-element elementor-element-2273407 elementor-widget elementor-widget-text-editor\" data-id=\"2273407\" data-element_type=\"widget\" data-widget_type=\"text-editor.default\">\n\t\t\t\t<div class=\"elementor-widget-container\">\n\t\t\t<style>\/*! elementor - v3.18.0 - 20-12-2023 *\/\n.elementor-widget-text-editor.elementor-drop-cap-view-stacked .elementor-drop-cap{background-color:#69727d;color:#fff}.elementor-widget-text-editor.elementor-drop-cap-view-framed .elementor-drop-cap{color:#69727d;border:3px solid;background-color:transparent}.elementor-widget-text-editor:not(.elementor-drop-cap-view-default) .elementor-drop-cap{margin-top:8px}.elementor-widget-text-editor:not(.elementor-drop-cap-view-default) .elementor-drop-cap-letter{width:1em;height:1em}.elementor-widget-text-editor .elementor-drop-cap{float:left;text-align:center;line-height:1;font-size:50px}.elementor-widget-text-editor .elementor-drop-cap-letter{display:inline-block}<\/style>\t\t\t\t<!-- wp:paragraph -->\n<p>Website published by CECILE C PARIS<br \/>Simplified joint-stock company with capital of 1,000 euros<br \/>SIRET : 913 373 072 00010<br \/>RCS PARIS : 913 373 072<\/p>\n<p>APE Code: 32.13Z<\/p>\n<p>Intra VAT number : FR 81913373072<\/p>\n<p>Responsible for the website :<br \/>Ms C\u00e9cile CHEVALIER<br \/>Head office : 39 Rue de la Chapelle, 75018 Paris<\/p>\t\t\t\t\t\t<\/div>\n\t\t\t\t<\/div>\n\t\t\t\t<div class=\"elementor-element elementor-element-bf10601 elementor-widget elementor-widget-text-editor\" data-id=\"bf10601\" data-element_type=\"widget\" data-widget_type=\"text-editor.default\">\n\t\t\t\t<div class=\"elementor-widget-container\">\n\t\t\t\t\t\t\t<!-- wp:heading -->\n<h4>Intellectual Property :<!-- \/wp:heading --><\/h4>\n<!-- wp:paragraph -->\n\n<p>The structure, layout, graphic charter, texts, database, logos, images, graphic elements, photos and any other component of this site are protected by copyright. Any total or partial representation of this site, by any process whatsoever without authorization, is prohibited and would constitute an offence.<\/p>\t\t\t\t\t\t<\/div>\n\t\t\t\t<\/div>\n\t\t\t\t\t<\/div>\n\t\t<\/div>\n\t\t\t\t\t\t\t<\/div>\n\t\t<\/section>\n\t\t\t\t\t\t\t<\/div>","protected":false},"excerpt":{"rendered":"<p>La structure, la mise en page, la charte graphique, les textes, la base de donn\u00e9es, les logos, les images, les \u00e9l\u00e9ments graphiques, les photos et tout autre \u00e9l\u00e9ment composant ce site sont prot\u00e9g\u00e9s par le droit d\u2019auteur. Toute repr\u00e9sentation totale ou partielle de ce site, par quelque proc\u00e9d\u00e9 que ce soit sans autorisation, est interdite [&hellip;]<\/p>","protected":false},"author":1,"featured_media":0,"parent":0,"menu_order":0,"comment_status":"closed","ping_status":"closed","template":"elementor_header_footer","meta":{"om_disable_all_campaigns":false,"_monsterinsights_skip_tracking":false,"_monsterinsights_sitenote_active":false,"_monsterinsights_sitenote_note":"","_monsterinsights_sitenote_category":0,"_themeisle_gutenberg_block_has_review":false,"footnotes":""},"class_list":["post-121","page","type-page","status-publish","hentry"],"aioseo_notices":[],"jetpack_sharing_enabled":true,"jetpack-related-posts":[{"id":125,"url":"https:\/\/cecilecparis.com\/en\/politique-relative-aux-cookies\/","url_meta":{"origin":121,"position":0},"title":"Politique relative aux cookies","author":"admin7218","date":"8 July 2022","format":false,"excerpt":"Politique relative aux cookies Sous r\u00e9serve de votre consentement qui vous sera demand\u00e9 lors de votre premi\u00e8re visite sur le site cecileCparis.com, des cookies seront utilis\u00e9s.Les cookies sont de petits fichiers informatiques contenant des informations qui permettent notamment de faciliter la navigation sur le site et de garder vos pr\u00e9f\u00e9rences\u2026","rel":"","context":"Similar post","block_context":{"text":"Similar post","link":""},"img":{"alt_text":"","src":"","width":0,"height":0},"classes":[]},{"id":6503,"url":"https:\/\/cecilecparis.com\/en\/equipes\/","url_meta":{"origin":121,"position":1},"title":"Les \u00e9quipes","author":"NakazakiTomiko","date":"5 September 2023","format":false,"excerpt":"Mes \u00e9quipes Les sous traitants- Michel, mon ami de 20 ans- Monot : Fondeur- Galvanor 2000 : Galvanoplastie- Soudurex Sarl : Email, soudure\u00a0- AGSE : gravures- Carole DESHEULLES : Photographe- Tomiko NAKAZAKI : Cr\u00e9ateur multim\u00e9dia, Design et r\u00e9aliser du site, Graphiste, Photographe- Marcel et Gis\u00e8le : Maquettes- Les ateliers des\u2026","rel":"","context":"Similar post","block_context":{"text":"Similar post","link":""},"img":{"alt_text":"","src":"","width":0,"height":0},"classes":[]},{"id":28,"url":"https:\/\/cecilecparis.com\/en\/cecilecparis\/","url_meta":{"origin":121,"position":2},"title":"cecileCparis","author":"admin7218","date":"13 June 2022","format":false,"excerpt":"C\u00e9cile C Bijouti\u00e8re Joailli\u00e8re ayant grandi au sein de grandes maisons comme Chanel, C\u00e9cile est tomb\u00e9e en admiration pour l\u2019\u00e9l\u00e9gance parisienne et pour l\u2019univers des bijoux Haute couture selon Gabrielle.Elle s\u2019est donn\u00e9 pour mission de mettre en valeur l\u2019artisanat Fran\u00e7ais, en cr\u00e9ant, fabriquant \u00e0 Paris, avec des composants exclusivement Fran\u00e7ais.\u2028Ses\u2026","rel":"","context":"Similar post","block_context":{"text":"Similar post","link":""},"img":{"alt_text":"Cecile C Paris","src":"https:\/\/i0.wp.com\/cecilecparis.com\/wp-content\/uploads\/2022\/09\/cecilecparis_02-765x1024.jpg?resize=350%2C200&ssl=1","width":350,"height":200,"srcset":"https:\/\/i0.wp.com\/cecilecparis.com\/wp-content\/uploads\/2022\/09\/cecilecparis_02-765x1024.jpg?resize=350%2C200&ssl=1 1x, https:\/\/i0.wp.com\/cecilecparis.com\/wp-content\/uploads\/2022\/09\/cecilecparis_02-765x1024.jpg?resize=525%2C300&ssl=1 1.5x, https:\/\/i0.wp.com\/cecilecparis.com\/wp-content\/uploads\/2022\/09\/cecilecparis_02-765x1024.jpg?resize=700%2C400&ssl=1 2x"},"classes":[]},{"id":6902,"url":"https:\/\/cecilecparis.com\/en\/","url_meta":{"origin":121,"position":3},"title":"CECILE C PARIS","author":"NakazakiTomiko","date":"21 September 2023","format":false,"excerpt":"C\u00e9cile CD\u00e9couvrirChristianeD\u00e9couvrirChristianeD\u00e9couvrirChristianeD\u00e9couvrirChristianeD\u00e9couvrirChristianeD\u00e9couvrirChristianeD\u00e9couvrir Diapositive pr\u00e9c\u00e9dente Diapositive suivante MarylineVoir la collectionJacotteVoir la collectionAnneVoir la collectionJeannineVoir la collectionCatherineVoir la collectionOdetteVoir la collectionC\u00e9cile CD\u00e9couvrir Diapositive pr\u00e9c\u00e9dente Diapositive suivante C\u00e9cile CD\u00e9couvrirMarylineD\u00e9couvrirJacotteD\u00e9couvrirAnneD\u00e9couvrirJeannineD\u00e9couvrirCatherineD\u00e9couvrirOdetteD\u00e9couvrir Diapositive pr\u00e9c\u00e9dente Diapositive suivante Th\u00e8mes NOUVEAUT\u00c9S !2 Th\u00e8mes : Lydia & Christine Lydiavoir la collection\u25b8 Voir la collection\u25b8 Christinevoir la collection\u25b8 Voir la collection\u25b8\u2026","rel":"","context":"Similar post","block_context":{"text":"Similar post","link":""},"img":{"alt_text":"","src":"https:\/\/i0.wp.com\/cecilecparis.com\/wp-content\/uploads\/2025\/12\/ANNONCE-NOUVELLE-CO-3-1024x1024.jpg?resize=350%2C200&ssl=1","width":350,"height":200,"srcset":"https:\/\/i0.wp.com\/cecilecparis.com\/wp-content\/uploads\/2025\/12\/ANNONCE-NOUVELLE-CO-3-1024x1024.jpg?resize=350%2C200&ssl=1 1x, https:\/\/i0.wp.com\/cecilecparis.com\/wp-content\/uploads\/2025\/12\/ANNONCE-NOUVELLE-CO-3-1024x1024.jpg?resize=525%2C300&ssl=1 1.5x, https:\/\/i0.wp.com\/cecilecparis.com\/wp-content\/uploads\/2025\/12\/ANNONCE-NOUVELLE-CO-3-1024x1024.jpg?resize=700%2C400&ssl=1 2x"},"classes":[]},{"id":3,"url":"https:\/\/cecilecparis.com\/en\/politique-de-confidentialite\/","url_meta":{"origin":121,"position":4},"title":"Politique de confidentialit\u00e9","author":"admin7218","date":"10 June 2022","format":false,"excerpt":"Politique de Confidentialit\u00e9 Collecte des donn\u00e9es personnelles : CECILE C PARIS accorde une importance particuli\u00e8re \u00e0 la protection des donn\u00e9es personnelles des visiteurs de son site Internet, et s\u2019engage \u00e0 pr\u00e9server la confidentialit\u00e9 des donn\u00e9es collect\u00e9es. Avec votre consentement pr\u00e9alable, ces donn\u00e9es sont collect\u00e9es lorsque vous nous les communiquez suite\u2026","rel":"","context":"Similar post","block_context":{"text":"Similar post","link":""},"img":{"alt_text":"","src":"","width":0,"height":0},"classes":[]},{"id":7200,"url":"https:\/\/cecilecparis.com\/en\/sav\/","url_meta":{"origin":121,"position":5},"title":"SAV","author":"NakazakiTomiko","date":"16 November 2023","format":false,"excerpt":"Service Apr\u00e8s-vente Entretien Toutes les pi\u00e8ces CECILE C Paris sont r\u00e9alis\u00e9es \u00e0 la main \u00e0 Paris et pr\u00e9sentent, par nature, de l\u00e9g\u00e8res variations qui rendent chaque bijou unique.Afin de pr\u00e9server l\u2019\u00e9clat de votre bijou, il est recommand\u00e9 d\u2019y apporter une attention particuli\u00e8re et de le manipuler avec d\u00e9licatesse. Il est\u2026","rel":"","context":"Similar post","block_context":{"text":"Similar post","link":""},"img":{"alt_text":"","src":"","width":0,"height":0},"classes":[]}],"_links":{"self":[{"href":"https:\/\/cecilecparis.com\/en\/wp-json\/wp\/v2\/pages\/121","targetHints":{"allow":["GET"]}}],"collection":[{"href":"https:\/\/cecilecparis.com\/en\/wp-json\/wp\/v2\/pages"}],"about":[{"href":"https:\/\/cecilecparis.com\/en\/wp-json\/wp\/v2\/types\/page"}],"author":[{"embeddable":true,"href":"https:\/\/cecilecparis.com\/en\/wp-json\/wp\/v2\/users\/1"}],"replies":[{"embeddable":true,"href":"https:\/\/cecilecparis.com\/en\/wp-json\/wp\/v2\/comments?post=121"}],"version-history":[{"count":40,"href":"https:\/\/cecilecparis.com\/en\/wp-json\/wp\/v2\/pages\/121\/revisions"}],"predecessor-version":[{"id":7260,"href":"https:\/\/cecilecparis.com\/en\/wp-json\/wp\/v2\/pages\/121\/revisions\/7260"}],"wp:attachment":[{"href":"https:\/\/cecilecparis.com\/en\/wp-json\/wp\/v2\/media?parent=121"}],"curies":[{"name":"wp","href":"https:\/\/api.w.org\/{rel}","templated":true}]}}