{"id":10,"date":"2022-06-10T16:15:48","date_gmt":"2022-06-10T14:15:48","guid":{"rendered":"https:\/\/cecilecparis.com\/index.php\/my-account\/"},"modified":"2022-10-17T17:45:36","modified_gmt":"2022-10-17T15:45:36","slug":"mon-compte","status":"publish","type":"page","link":"https:\/\/cecilecparis.com\/en\/mon-compte\/","title":{"rendered":"My Account"},"content":{"rendered":"<div data-elementor-type=\"wp-page\" data-elementor-id=\"10\" class=\"elementor elementor-10\" data-elementor-post-type=\"page\">\n\t\t\t\t\t\t\t\t\t<section class=\"elementor-section elementor-top-section elementor-element elementor-element-588d115 elementor-section-boxed elementor-section-height-default elementor-section-height-default\" data-id=\"588d115\" data-element_type=\"section\">\n\t\t\t\t\t\t<div class=\"elementor-container elementor-column-gap-default\">\n\t\t\t\t\t<div class=\"elementor-column elementor-col-100 elementor-top-column elementor-element elementor-element-dabd2a3\" data-id=\"dabd2a3\" data-element_type=\"column\">\n\t\t\t<div class=\"elementor-widget-wrap elementor-element-populated\">\n\t\t\t\t\t\t\t\t<div class=\"elementor-element elementor-element-5e84656 elementor-widget elementor-widget-heading\" data-id=\"5e84656\" data-element_type=\"widget\" data-widget_type=\"heading.default\">\n\t\t\t\t<div class=\"elementor-widget-container\">\n\t\t\t<style>\/*! elementor - v3.18.0 - 20-12-2023 *\/\n.elementor-heading-title{padding:0;margin:0;line-height:1}.elementor-widget-heading .elementor-heading-title[class*=elementor-size-]>a{color:inherit;font-size:inherit;line-height:inherit}.elementor-widget-heading .elementor-heading-title.elementor-size-small{font-size:15px}.elementor-widget-heading .elementor-heading-title.elementor-size-medium{font-size:19px}.elementor-widget-heading .elementor-heading-title.elementor-size-large{font-size:29px}.elementor-widget-heading .elementor-heading-title.elementor-size-xl{font-size:39px}.elementor-widget-heading .elementor-heading-title.elementor-size-xxl{font-size:59px}<\/style><h2 class=\"elementor-heading-title elementor-size-default\">My Account<\/h2>\t\t<\/div>\n\t\t\t\t<\/div>\n\t\t\t\t<div class=\"elementor-element elementor-element-6f8a1ca e-my-account-tabs-vertical elementor-widget elementor-widget-woocommerce-my-account\" data-id=\"6f8a1ca\" data-element_type=\"widget\" data-settings=\"{&quot;customize_dashboard_check&quot;:&quot;yes&quot;}\" data-widget_type=\"woocommerce-my-account.default\">\n\t\t\t\t<div class=\"elementor-widget-container\">\n\t\t\t<link rel=\"stylesheet\" href=\"https:\/\/cecilecparis.com\/wp-content\/plugins\/elementor-pro\/assets\/css\/widget-woocommerce.min.css\"><div class=\"e-my-account-tab e-my-account-tab__\">\t\t\t<span class=\"elementor-hidden\">[woocommerce_my_account]<\/span>\n\t\t\t<div class=\"woocommerce\"><\/div>\t\t<\/div>\n\t\t\t\t<\/div>\n\t\t\t\t<\/div>\n\t\t\t\t\t<\/div>\n\t\t<\/div>\n\t\t\t\t\t\t\t<\/div>\n\t\t<\/section>\n\t\t\t\t\t\t\t<\/div>","protected":false},"excerpt":{"rendered":"<p>Mon Compte Tableau de bord Commandes Adresses \u6c7a\u6e08\u65b9\u6cd5 D\u00e9tails du compte PayPal payments D\u00e9connexion NakazakiTomiko\u3055\u3093\u3001\u3053\u3093\u306b\u3061\u306f (NakazakiTomiko\u3055\u3093\u3067\u306a\u3044\u5834\u5408\u306f\u30ed\u30b0\u30a2\u30a6\u30c8\u3057\u3066\u304f\u3060\u3055\u3044) \u30a2\u30ab\u30a6\u30f3\u30c8\u30c0\u30c3\u30b7\u30e5\u30dc\u30fc\u30c9\u3067\u306f\u3001\u6700\u8fd1\u306e\u3054\u6ce8\u6587\u306e\u78ba\u8a8d\u3001\u304a\u5c4a\u3051\u5148\u4f4f\u6240\u3068\u8acb\u6c42\u5148\u4f4f\u6240\u306e\u7ba1\u7406\u3001\u30d1\u30b9\u30ef\u30fc\u30c9\u3068\u30a2\u30ab\u30a6\u30f3\u30c8\u8a73\u7d30\u306e\u7de8\u96c6\u306a\u3069\u304c\u884c\u3048\u307e\u3059\u3002<\/p>","protected":false},"author":1,"featured_media":0,"parent":0,"menu_order":0,"comment_status":"closed","ping_status":"closed","template":"elementor_header_footer","meta":{"om_disable_all_campaigns":false,"_monsterinsights_skip_tracking":false,"_monsterinsights_sitenote_active":false,"_monsterinsights_sitenote_note":"","_monsterinsights_sitenote_category":0,"_themeisle_gutenberg_block_has_review":false,"footnotes":""},"class_list":["post-10","page","type-page","status-publish","hentry"],"aioseo_notices":[],"jetpack_sharing_enabled":true,"jetpack-related-posts":[{"id":125,"url":"https:\/\/cecilecparis.com\/en\/politique-relative-aux-cookies\/","url_meta":{"origin":10,"position":0},"title":"Politique relative aux cookies","author":"admin7218","date":"8 July 2022","format":false,"excerpt":"Politique relative aux cookies Sous r\u00e9serve de votre consentement qui vous sera demand\u00e9 lors de votre premi\u00e8re visite sur le site cecileCparis.com, des cookies seront utilis\u00e9s.Les cookies sont de petits fichiers informatiques contenant des informations qui permettent notamment de faciliter la navigation sur le site et de garder vos pr\u00e9f\u00e9rences\u2026","rel":"","context":"Similar post","block_context":{"text":"Similar post","link":""},"img":{"alt_text":"","src":"","width":0,"height":0},"classes":[]},{"id":121,"url":"https:\/\/cecilecparis.com\/en\/mentions-legales\/","url_meta":{"origin":10,"position":1},"title":"Mentions l\u00e9gales","author":"admin7218","date":"8 July 2022","format":false,"excerpt":"Mentions l\u00e9gales Site \u00e9dit\u00e9 par la Soci\u00e9t\u00e9 CECILE C PARISSoci\u00e9t\u00e9 par actions simplifi\u00e9e au capital de 1.000 eurosSIRET : 913 373 072 00010RCS PARIS : 913 373 072 Code APE : 32.13Z Num\u00e9ro de TVA intra : FR 81913373072 Responsable l\u00e9gal du site :Madame C\u00e9cile CHEVALIERSi\u00e8ge social : 39 Rue\u2026","rel":"","context":"Similar post","block_context":{"text":"Similar post","link":""},"img":{"alt_text":"","src":"","width":0,"height":0},"classes":[]},{"id":6503,"url":"https:\/\/cecilecparis.com\/en\/equipes\/","url_meta":{"origin":10,"position":2},"title":"Les \u00e9quipes","author":"NakazakiTomiko","date":"5 September 2023","format":false,"excerpt":"Mes \u00e9quipes Les sous traitants- Michel, mon ami de 20 ans- Monot : Fondeur- Galvanor 2000 : Galvanoplastie- Soudurex Sarl : Email, soudure\u00a0- AGSE : gravures- Carole DESHEULLES : Photographe- Tomiko NAKAZAKI : Cr\u00e9ateur multim\u00e9dia, Design et r\u00e9aliser du site, Graphiste, Photographe- Marcel et Gis\u00e8le : Maquettes- Les ateliers des\u2026","rel":"","context":"Similar post","block_context":{"text":"Similar post","link":""},"img":{"alt_text":"","src":"","width":0,"height":0},"classes":[]},{"id":28,"url":"https:\/\/cecilecparis.com\/en\/cecilecparis\/","url_meta":{"origin":10,"position":3},"title":"cecileCparis","author":"admin7218","date":"13 June 2022","format":false,"excerpt":"C\u00e9cile C Bijouti\u00e8re Joailli\u00e8re ayant grandi au sein de grandes maisons comme Chanel, C\u00e9cile est tomb\u00e9e en admiration pour l\u2019\u00e9l\u00e9gance parisienne et pour l\u2019univers des bijoux Haute couture selon Gabrielle.Elle s\u2019est donn\u00e9 pour mission de mettre en valeur l\u2019artisanat Fran\u00e7ais, en cr\u00e9ant, fabriquant \u00e0 Paris, avec des composants exclusivement Fran\u00e7ais.\u2028Ses\u2026","rel":"","context":"Similar post","block_context":{"text":"Similar post","link":""},"img":{"alt_text":"Cecile C Paris","src":"https:\/\/i0.wp.com\/cecilecparis.com\/wp-content\/uploads\/2022\/09\/cecilecparis_02-765x1024.jpg?resize=350%2C200&ssl=1","width":350,"height":200,"srcset":"https:\/\/i0.wp.com\/cecilecparis.com\/wp-content\/uploads\/2022\/09\/cecilecparis_02-765x1024.jpg?resize=350%2C200&ssl=1 1x, https:\/\/i0.wp.com\/cecilecparis.com\/wp-content\/uploads\/2022\/09\/cecilecparis_02-765x1024.jpg?resize=525%2C300&ssl=1 1.5x, https:\/\/i0.wp.com\/cecilecparis.com\/wp-content\/uploads\/2022\/09\/cecilecparis_02-765x1024.jpg?resize=700%2C400&ssl=1 2x"},"classes":[]},{"id":6902,"url":"https:\/\/cecilecparis.com\/en\/","url_meta":{"origin":10,"position":4},"title":"CECILE C PARIS","author":"NakazakiTomiko","date":"21 September 2023","format":false,"excerpt":"C\u00e9cile CD\u00e9couvrirChristianeD\u00e9couvrirChristianeD\u00e9couvrirChristianeD\u00e9couvrirChristianeD\u00e9couvrirChristianeD\u00e9couvrirChristianeD\u00e9couvrir Diapositive pr\u00e9c\u00e9dente Diapositive suivante MarylineVoir la collectionJacotteVoir la collectionAnneVoir la collectionJeannineVoir la collectionCatherineVoir la collectionOdetteVoir la collectionC\u00e9cile CD\u00e9couvrir Diapositive pr\u00e9c\u00e9dente Diapositive suivante C\u00e9cile CD\u00e9couvrirMarylineD\u00e9couvrirJacotteD\u00e9couvrirAnneD\u00e9couvrirJeannineD\u00e9couvrirCatherineD\u00e9couvrirOdetteD\u00e9couvrir Diapositive pr\u00e9c\u00e9dente Diapositive suivante Th\u00e8mes NOUVEAUT\u00c9S !2 Th\u00e8mes : Lydia & Christine Lydiavoir la collection\u25b8 Voir la collection\u25b8 Christinevoir la collection\u25b8 Voir la collection\u25b8\u2026","rel":"","context":"Similar post","block_context":{"text":"Similar post","link":""},"img":{"alt_text":"","src":"https:\/\/i0.wp.com\/cecilecparis.com\/wp-content\/uploads\/2025\/12\/ANNONCE-NOUVELLE-CO-3-1024x1024.jpg?resize=350%2C200&ssl=1","width":350,"height":200,"srcset":"https:\/\/i0.wp.com\/cecilecparis.com\/wp-content\/uploads\/2025\/12\/ANNONCE-NOUVELLE-CO-3-1024x1024.jpg?resize=350%2C200&ssl=1 1x, https:\/\/i0.wp.com\/cecilecparis.com\/wp-content\/uploads\/2025\/12\/ANNONCE-NOUVELLE-CO-3-1024x1024.jpg?resize=525%2C300&ssl=1 1.5x, https:\/\/i0.wp.com\/cecilecparis.com\/wp-content\/uploads\/2025\/12\/ANNONCE-NOUVELLE-CO-3-1024x1024.jpg?resize=700%2C400&ssl=1 2x"},"classes":[]},{"id":3,"url":"https:\/\/cecilecparis.com\/en\/politique-de-confidentialite\/","url_meta":{"origin":10,"position":5},"title":"Politique de confidentialit\u00e9","author":"admin7218","date":"10 June 2022","format":false,"excerpt":"Politique de Confidentialit\u00e9 Collecte des donn\u00e9es personnelles : CECILE C PARIS accorde une importance particuli\u00e8re \u00e0 la protection des donn\u00e9es personnelles des visiteurs de son site Internet, et s\u2019engage \u00e0 pr\u00e9server la confidentialit\u00e9 des donn\u00e9es collect\u00e9es. Avec votre consentement pr\u00e9alable, ces donn\u00e9es sont collect\u00e9es lorsque vous nous les communiquez suite\u2026","rel":"","context":"Similar post","block_context":{"text":"Similar post","link":""},"img":{"alt_text":"","src":"","width":0,"height":0},"classes":[]}],"_links":{"self":[{"href":"https:\/\/cecilecparis.com\/en\/wp-json\/wp\/v2\/pages\/10","targetHints":{"allow":["GET"]}}],"collection":[{"href":"https:\/\/cecilecparis.com\/en\/wp-json\/wp\/v2\/pages"}],"about":[{"href":"https:\/\/cecilecparis.com\/en\/wp-json\/wp\/v2\/types\/page"}],"author":[{"embeddable":true,"href":"https:\/\/cecilecparis.com\/en\/wp-json\/wp\/v2\/users\/1"}],"replies":[{"embeddable":true,"href":"https:\/\/cecilecparis.com\/en\/wp-json\/wp\/v2\/comments?post=10"}],"version-history":[{"count":463,"href":"https:\/\/cecilecparis.com\/en\/wp-json\/wp\/v2\/pages\/10\/revisions"}],"predecessor-version":[{"id":6171,"href":"https:\/\/cecilecparis.com\/en\/wp-json\/wp\/v2\/pages\/10\/revisions\/6171"}],"wp:attachment":[{"href":"https:\/\/cecilecparis.com\/en\/wp-json\/wp\/v2\/media?parent=10"}],"curies":[{"name":"wp","href":"https:\/\/api.w.org\/{rel}","templated":true}]}}